{"id":24536,"date":"2022-11-08T12:15:07","date_gmt":"2022-11-08T11:15:07","guid":{"rendered":"https:\/\/www.raschvin.com\/produkt\/peats-beast-70-cl-46\/"},"modified":"2023-04-02T10:21:07","modified_gmt":"2023-04-02T08:21:07","slug":"peats-beast-70-cl-46","status":"publish","type":"product","link":"https:\/\/www.raschvin.com\/sv\/produkt\/peats-beast-70-cl-46\/","title":{"rendered":"Peat&#8217;s Beast 70 cl. 46%"},"content":{"rendered":"<p>Denna version av Peat&#8217;s Beast \u00e4r en h\u00e4ftigt torvr\u00f6kt och fyllig whisky, som \u00e4r komponerad av den v\u00e4lrenommerade Master Blender, Richard Paterson. Han \u00e4r mest k\u00e4nd f\u00f6r sitt exceptionella arbete med Dalmore, men den h\u00e4r utg\u00e5van av Peat&#8217;s Beast bevisar att han ocks\u00e5 kan hantera r\u00f6k. Smaken \u00e4r fylld med intensiva toner av bland annat kr\u00e4mig lakrits, tj\u00e4ra och torvr\u00f6k<\/p>\n<p>Verkligen ett odjur av en whisky, men inte utan dess sk\u00f6nhet. Avkylningsfiltrerad och buteljerad till 46 % volym, detta \u00e4r v\u00e4ldigt torvigt som du kan f\u00f6rv\u00e4nta dig, men inte i de riktigt stora hiters som Ardbegs Supernova. Men om du gillar brasor p\u00e5 str\u00e4nder och asfalt p\u00e5 kattungar \u00e4r det h\u00e4r bra att prova.<\/p>\n<p>N\u00e4sa: V\u00e5gor, vedr\u00f6k, aska och tj\u00e4ra. En touch av \u00e4pple och citrus, men torven dominerar f\u00f6ga f\u00f6rv\u00e5nande.<\/p>\n<p>Smak: En strandgrill&#8230; salt och kippers, lite sm\u00f6r och pepparkrydda. Vatten tar fram n\u00e5gra av de ljusare \u00e4pple- och banannoterna, men \u00e5terigen \u00e4r fenolerna huvudh\u00e4ndelsen h\u00e4r.<\/p>\n<p>Finish: Denna \u00e5ldras med aska, m\u00f6rk choklad och peppar som rinner \u00f6ver en oljig bas.<\/p>\n<p>Sammantaget: En dram som lever upp till sitt namn; odjuret m\u00e5ste t\u00e4mjas med en droppe vatten, men det blir aldrig f\u00f6r fogligt.<\/p>\n","protected":false},"excerpt":{"rendered":"<p>Un Chill Filtered Single Malt Scotch Whisky<\/p>\n","protected":false},"featured_media":29354,"template":"","meta":{"_acf_changed":false,"rs_blank_template":"","rs_page_bg_color":"","slide_template_v7":""},"product_brand":[],"product_cat":[2387,4651,2392],"product_tag":[],"class_list":{"0":"post-24536","1":"product","2":"type-product","3":"status-publish","4":"has-post-thumbnail","6":"product_cat-avec-sv","7":"product_cat-single-malt-sv","8":"product_cat-whisky-sv","9":"pa_land-skottland","10":"pa_procent-46-sv","11":"pa_producent-peats-beast-ltd-sv","12":"pa_region-speyside-sv","13":"pa_volume-70-sv-2","15":"first","16":"outofstock","17":"taxable","18":"shipping-taxable","19":"purchasable","20":"product-type-simple"},"bundled_by":[],"bundle_stock_status":"outofstock","bundle_stock_quantity":null,"bundle_virtual":false,"bundle_layout":"","bundle_add_to_cart_form_location":"","bundle_editable_in_cart":false,"bundle_sold_individually_context":"","bundle_item_grouping":"","bundle_min_size":"","bundle_max_size":"","bundle_price":[],"bundled_items":[],"bundle_sell_ids":[],"acf":[],"_links":{"self":[{"href":"https:\/\/www.raschvin.com\/sv\/wp-json\/wp\/v2\/product\/24536","targetHints":{"allow":["GET"]}}],"collection":[{"href":"https:\/\/www.raschvin.com\/sv\/wp-json\/wp\/v2\/product"}],"about":[{"href":"https:\/\/www.raschvin.com\/sv\/wp-json\/wp\/v2\/types\/product"}],"wp:featuredmedia":[{"embeddable":true,"href":"https:\/\/www.raschvin.com\/sv\/wp-json\/wp\/v2\/media\/29354"}],"wp:attachment":[{"href":"https:\/\/www.raschvin.com\/sv\/wp-json\/wp\/v2\/media?parent=24536"}],"wp:term":[{"taxonomy":"product_brand","embeddable":true,"href":"https:\/\/www.raschvin.com\/sv\/wp-json\/wp\/v2\/product_brand?post=24536"},{"taxonomy":"product_cat","embeddable":true,"href":"https:\/\/www.raschvin.com\/sv\/wp-json\/wp\/v2\/product_cat?post=24536"},{"taxonomy":"product_tag","embeddable":true,"href":"https:\/\/www.raschvin.com\/sv\/wp-json\/wp\/v2\/product_tag?post=24536"}],"curies":[{"name":"wp","href":"https:\/\/api.w.org\/{rel}","templated":true}]}}