{"id":24524,"date":"2022-11-08T11:35:35","date_gmt":"2022-11-08T10:35:35","guid":{"rendered":"https:\/\/www.raschvin.com\/produkt\/espero-coconut-rum-70-cl-40\/"},"modified":"2023-03-22T08:17:17","modified_gmt":"2023-03-22T07:17:17","slug":"espero-coconut-rum-70-cl-40","status":"publish","type":"product","link":"https:\/\/www.raschvin.com\/sv\/produkt\/espero-coconut-rum-70-cl-40\/","title":{"rendered":"Espero &#8211; Coconut &#038; Rum 70 cl. 40%"},"content":{"rendered":"<p>Ron Espero Coconut &#038; Rum kombinerar len, fyllig m\u00f6rk rom fr\u00e5n Dominikanska republiken med karibiska kokosn\u00f6tter. Den m\u00f6rka rommen blandas med kokosmj\u00f6lk och smaks\u00e4tts med socker innan buteljering, vilket resulterar i en fantastisk romlik\u00f6r som trots sin smickrande s\u00f6tma h\u00e5ller en alkoholstyrka p\u00e5 40 % vilket ger ett fint samspel och hj\u00e4lper den fantastiska smaken av m\u00f6rk rom och kokosn\u00f6t visar sig fr\u00e5n sin b\u00e4sta sida. Om du gillar m\u00f6rk rom och Bounty-choklad \u00e4r Ron Espesro Coconut &#038; Rum ett m\u00e5ste att prova.<\/p>\n<p>Espero Creole Kokos &#038; Rom 40% 70 cl Espero Creole kokos och rom tillverkad i Dominikanska republiken och \u00e4r en extraklassig lik\u00f6r. Den \u00e4r baserad p\u00e5 en lagrad rom 7 \u00e5r och \u00e4r f\u00f6rfinad med naturligt kokosn\u00f6tsextrakt, med en balanserad smakbalans av krydda, s\u00f6tma och intensiv kokossmak. De egenskaper som k\u00e4nnetecknar denna vackra lik\u00f6r \u00e4r len, mild och fyllig, fruktig och behagligt s\u00f6t. Med sin intensiva kokossmak och sin alkoholhalt p\u00e5 40 vol% visar Espero Creole en stark karakt\u00e4r. Njut av den rombaserade lik\u00f6ren i tropiska cocktails eller helt enkelt snyggt och iskallt. Lik\u00f6r\u00e4lskare som \u00e4lskar smaken av kokos kommer att bli f\u00f6rtjusta i Espero kokos och rom.<\/p>\n","protected":false},"excerpt":{"rendered":"<p>Coconut Rum-Based Liqueur<\/p>\n","protected":false},"featured_media":29386,"template":"","meta":{"_acf_changed":false,"rs_blank_template":"","rs_page_bg_color":"","slide_template_v7":""},"product_brand":[],"product_cat":[2387,2391,4639],"product_tag":[],"class_list":{"0":"post-24524","1":"product","2":"type-product","3":"status-publish","4":"has-post-thumbnail","6":"product_cat-avec-sv","7":"product_cat-rom-sv","8":"product_cat-romliqueur-sv","9":"pa_land-dominikanska-republiken","10":"pa_procent-40-sv-2","11":"pa_volume-70-sv-2","13":"first","14":"instock","15":"sale","16":"featured","17":"taxable","18":"shipping-taxable","19":"purchasable","20":"product-type-simple"},"bundled_by":[],"bundle_stock_status":"instock","bundle_stock_quantity":null,"bundle_virtual":false,"bundle_layout":"","bundle_add_to_cart_form_location":"","bundle_editable_in_cart":false,"bundle_sold_individually_context":"","bundle_item_grouping":"","bundle_min_size":"","bundle_max_size":"","bundle_price":[],"bundled_items":[],"bundle_sell_ids":[],"acf":[],"_links":{"self":[{"href":"https:\/\/www.raschvin.com\/sv\/wp-json\/wp\/v2\/product\/24524","targetHints":{"allow":["GET"]}}],"collection":[{"href":"https:\/\/www.raschvin.com\/sv\/wp-json\/wp\/v2\/product"}],"about":[{"href":"https:\/\/www.raschvin.com\/sv\/wp-json\/wp\/v2\/types\/product"}],"wp:featuredmedia":[{"embeddable":true,"href":"https:\/\/www.raschvin.com\/sv\/wp-json\/wp\/v2\/media\/29386"}],"wp:attachment":[{"href":"https:\/\/www.raschvin.com\/sv\/wp-json\/wp\/v2\/media?parent=24524"}],"wp:term":[{"taxonomy":"product_brand","embeddable":true,"href":"https:\/\/www.raschvin.com\/sv\/wp-json\/wp\/v2\/product_brand?post=24524"},{"taxonomy":"product_cat","embeddable":true,"href":"https:\/\/www.raschvin.com\/sv\/wp-json\/wp\/v2\/product_cat?post=24524"},{"taxonomy":"product_tag","embeddable":true,"href":"https:\/\/www.raschvin.com\/sv\/wp-json\/wp\/v2\/product_tag?post=24524"}],"curies":[{"name":"wp","href":"https:\/\/api.w.org\/{rel}","templated":true}]}}