{"id":24488,"date":"2022-11-08T08:55:53","date_gmt":"2022-11-08T07:55:53","guid":{"rendered":"https:\/\/www.raschvin.com\/produkt\/nikka-whisky-yoichi-single-malt-70-cl-45\/"},"modified":"2023-03-31T08:24:30","modified_gmt":"2023-03-31T06:24:30","slug":"nikka-whisky-yoichi-single-malt-70-cl-45","status":"publish","type":"product","link":"https:\/\/www.raschvin.com\/sv\/produkt\/nikka-whisky-yoichi-single-malt-70-cl-45\/","title":{"rendered":"Nikka Whisky &#8211; Yoichi Single Malt 70 cl. 45%"},"content":{"rendered":"<p>Den senaste Yoichi singelmalten kommer att ers\u00e4tta b\u00e5de den tidigare NAS-releasen och de \u00e5terst\u00e5ende \u00e5ldersstatliga whiskyn. F\u00f6r\u00e4ndringen kommer n\u00e4r efterfr\u00e5gan forts\u00e4tter att str\u00e4cka ut Nikkas \u00e5ldrade lager, med denna nya Yoichi Single Malt (gjord av whisky i olika \u00e5ldrar) som syftar till att representera detta speciella destilleris direktkoluppv\u00e4rmda, torvade men fruktiga stil.<\/p>\n<p>N\u00e4sa: Fyllig, sl\u00e4t. En mjuk torv t\u00e4cker mjukt den aromatiska paletten till en b\u00f6rjan, och blir mer kraftfull med tiden, eftersom r\u00f6k, sot och salta toner \u00f6verskrider den ursprungliga n\u00e4san. Aromerna utvecklas sedan mot kanderad citrusfrukt (citron, apelsin), svart lakrits och kryddor (muskotn\u00f6t, ingef\u00e4ra), och \u00f6ppnar upp med r\u00f6tter och torkade kvistaromer. Berusande och blommig (nejlika, iris), den blir allt mer komplex.<\/p>\n<p>Smak: Fast, kraftfull. En v\u00e4lbalanserad attack ger lika fot aromer av torv, r\u00f6k, kryddor, f\u00e4rsk frukt (melon, kiwi) och n\u00f6tter (mandel, valn\u00f6t), som den levererar i spader. Mellangommen b\u00f6rjar med chokladtoner, men torven tar snart ledningen igen.<\/p>\n<p>Finish: L\u00e5ng, silkeslen. Extremt mogen, den sv\u00e4mmar \u00f6ver med mogen frukt (p\u00e4ron, Mirabelle plommon, \u00e4pple). Torven b\u00f6rjar anta en \u00f6rtig och maltig karakt\u00e4r, medan de salta smakerna ger avslutningen gott om djup och kustn\u00e4ra fr\u00e4sch\u00f6r. Den sista n\u00e4san erbjuder mentol, kryddiga (koriander, dill) och jordn\u00e4ra (l\u00e4der, kastanjer) toner.<\/p>\n","protected":false},"excerpt":{"rendered":"<p>Japanese Single Malt Whisky<\/p>\n","protected":false},"featured_media":29328,"template":"","meta":{"_acf_changed":false,"rs_blank_template":"","rs_page_bg_color":"","slide_template_v7":""},"product_brand":[],"product_cat":[2387,2392,4651],"product_tag":[],"class_list":{"0":"post-24488","1":"product","2":"type-product","3":"status-publish","4":"has-post-thumbnail","6":"product_cat-avec-sv","7":"product_cat-whisky-sv","8":"product_cat-single-malt-sv","9":"pa_land-japan-sv","10":"pa_procent-45-sv","11":"pa_producent-yoichi-sv","12":"pa_volume-70-sv-2","14":"first","15":"instock","16":"sale","17":"taxable","18":"shipping-taxable","19":"purchasable","20":"product-type-simple"},"bundled_by":[],"bundle_stock_status":"instock","bundle_stock_quantity":null,"bundle_virtual":false,"bundle_layout":"","bundle_add_to_cart_form_location":"","bundle_editable_in_cart":false,"bundle_sold_individually_context":"","bundle_item_grouping":"","bundle_min_size":"","bundle_max_size":"","bundle_price":[],"bundled_items":[],"bundle_sell_ids":[],"acf":[],"_links":{"self":[{"href":"https:\/\/www.raschvin.com\/sv\/wp-json\/wp\/v2\/product\/24488","targetHints":{"allow":["GET"]}}],"collection":[{"href":"https:\/\/www.raschvin.com\/sv\/wp-json\/wp\/v2\/product"}],"about":[{"href":"https:\/\/www.raschvin.com\/sv\/wp-json\/wp\/v2\/types\/product"}],"wp:featuredmedia":[{"embeddable":true,"href":"https:\/\/www.raschvin.com\/sv\/wp-json\/wp\/v2\/media\/29328"}],"wp:attachment":[{"href":"https:\/\/www.raschvin.com\/sv\/wp-json\/wp\/v2\/media?parent=24488"}],"wp:term":[{"taxonomy":"product_brand","embeddable":true,"href":"https:\/\/www.raschvin.com\/sv\/wp-json\/wp\/v2\/product_brand?post=24488"},{"taxonomy":"product_cat","embeddable":true,"href":"https:\/\/www.raschvin.com\/sv\/wp-json\/wp\/v2\/product_cat?post=24488"},{"taxonomy":"product_tag","embeddable":true,"href":"https:\/\/www.raschvin.com\/sv\/wp-json\/wp\/v2\/product_tag?post=24488"}],"curies":[{"name":"wp","href":"https:\/\/api.w.org\/{rel}","templated":true}]}}