{"id":24485,"date":"2022-11-08T08:43:46","date_gmt":"2022-11-08T07:43:46","guid":{"rendered":"https:\/\/www.raschvin.com\/produkt\/glen-scotia-double-cask-70-cl-46\/"},"modified":"2023-03-24T08:11:30","modified_gmt":"2023-03-24T07:11:30","slug":"glen-scotia-double-cask-70-cl-46","status":"publish","type":"product","link":"https:\/\/www.raschvin.com\/sv\/produkt\/glen-scotia-double-cask-70-cl-46\/","title":{"rendered":"Glen Scotia &#8211; Double Cask 70 cl. 46%"},"content":{"rendered":"<p>\u00c5h, det ser ut som att Glen Scotia-sortimentet har f\u00e5tt en lite ny design! De har g\u00e5tt f\u00f6r en ganska klassisk, raffinerad design den h\u00e4r g\u00e5ngen och har till och med introducerat en rad nya uttryck, inklusive Glen Scotia Double Cask! Denna Campbeltown singelmalt \u00e4r f\u00e4rdig i en kombination av first-fill bourbonfat och Pedro Xim\u00e9nez Sherry-fat.<\/p>\n<p>Glen Scotia Double Cask whisky \u00e4r en utm\u00e4rkt introduktion till Glen Scotia-sortimentet f\u00f6r whiskyk\u00e4nnare. Smaksatt med kola och fudge \u00e4r det en perfekt demonstration att p\u00e5 Glen Scotia \u00e4r \u00e5lder inget tecken p\u00e5 karakt\u00e4r.<\/p>\n<p>Mognat i first fill bourbonfat innan det avslutas i 12 m\u00e5nader i PX-sherryfat, erbjuder detta uttryck en sp\u00e4nnande harmoni eller rika och kryddiga fruktsmaker och distinkta Campbeltown-noter.<\/p>\n<p>N\u00e4sa: Livlig frukt dyker upp f\u00f6rst (persikok\u00f6tt och gr\u00f6na \u00e4ppelskal), f\u00f6ljt av seg vaniljfudge, en antydan till salthalt, sedan en rad ekkryddor, inklusive lite r\u00f6ding.<\/p>\n<p>Smak: \u00d6ppnar med mer fudge med lite str\u00f6socker. Kraftfull, oljig och \u00f6rtig touch med viss tysk konjakkarakt\u00e4r.<\/p>\n<p>Finish: Sherriednoter kommer fram mer p\u00e5 finishen.<\/p>\n","protected":false},"excerpt":{"rendered":"<p>Campbeltown Single Malt Scotch Whisky<\/p>\n","protected":false},"featured_media":29322,"template":"","meta":{"_acf_changed":false,"rs_blank_template":"","rs_page_bg_color":"","slide_template_v7":""},"product_brand":[],"product_cat":[2387,4651,2392],"product_tag":[],"class_list":{"0":"post-24485","1":"product","2":"type-product","3":"status-publish","4":"has-post-thumbnail","6":"product_cat-avec-sv","7":"product_cat-single-malt-sv","8":"product_cat-whisky-sv","9":"pa_land-skottland","10":"pa_procent-46-sv","11":"pa_producent-glen-scotia-sv","12":"pa_region-campbeltown-sv","13":"pa_traefad-bourbon-sv","14":"pa_traefad-sherry-sv","15":"pa_volume-70-sv-2","17":"first","18":"instock","19":"sale","20":"taxable","21":"shipping-taxable","22":"purchasable","23":"product-type-simple"},"bundled_by":[],"bundle_stock_status":"instock","bundle_stock_quantity":null,"bundle_virtual":false,"bundle_layout":"","bundle_add_to_cart_form_location":"","bundle_editable_in_cart":false,"bundle_sold_individually_context":"","bundle_item_grouping":"","bundle_min_size":"","bundle_max_size":"","bundle_price":[],"bundled_items":[],"bundle_sell_ids":[],"acf":[],"_links":{"self":[{"href":"https:\/\/www.raschvin.com\/sv\/wp-json\/wp\/v2\/product\/24485","targetHints":{"allow":["GET"]}}],"collection":[{"href":"https:\/\/www.raschvin.com\/sv\/wp-json\/wp\/v2\/product"}],"about":[{"href":"https:\/\/www.raschvin.com\/sv\/wp-json\/wp\/v2\/types\/product"}],"wp:featuredmedia":[{"embeddable":true,"href":"https:\/\/www.raschvin.com\/sv\/wp-json\/wp\/v2\/media\/29322"}],"wp:attachment":[{"href":"https:\/\/www.raschvin.com\/sv\/wp-json\/wp\/v2\/media?parent=24485"}],"wp:term":[{"taxonomy":"product_brand","embeddable":true,"href":"https:\/\/www.raschvin.com\/sv\/wp-json\/wp\/v2\/product_brand?post=24485"},{"taxonomy":"product_cat","embeddable":true,"href":"https:\/\/www.raschvin.com\/sv\/wp-json\/wp\/v2\/product_cat?post=24485"},{"taxonomy":"product_tag","embeddable":true,"href":"https:\/\/www.raschvin.com\/sv\/wp-json\/wp\/v2\/product_tag?post=24485"}],"curies":[{"name":"wp","href":"https:\/\/api.w.org\/{rel}","templated":true}]}}