{"id":24431,"date":"2022-11-07T14:11:23","date_gmt":"2022-11-07T13:11:23","guid":{"rendered":"https:\/\/www.raschvin.com\/produkt\/fary-lochan-smoke-sherry-2-50-cl-507\/"},"modified":"2023-03-22T18:30:41","modified_gmt":"2023-03-22T17:30:41","slug":"fary-lochan-smoke-sherry-2-50-cl-507","status":"publish","type":"product","link":"https:\/\/www.raschvin.com\/sv\/produkt\/fary-lochan-smoke-sherry-2-50-cl-507\/","title":{"rendered":"Fary Lochan &#8211; Smoke &#038; Sherry #2 50 cl. 50,7%"},"content":{"rendered":"<p>Namn: Smoke &#038; Sherry \u2013 Batch #02<br \/>\nFat: Mognad 7 \u00e5r &#038; 2 m\u00e5nader p\u00e5 2 stycken. 1st fill bourbon quarter fat<br \/>\nYtbehandling: 1 \u00e5r &#038; 5 m\u00e5nader p\u00e5 1 st. 1st fill PX sherry hogshead<br \/>\nDestillat: bryggt p\u00e5 r\u00f6kt dansk kornmalt<br \/>\nR\u00f6k: n\u00e4sselr\u00f6k<br \/>\n\u00c5lder: 8 \u00e5r + 7 m\u00e5nader<br \/>\nAlkoholstyrka: 50,7% vol.<br \/>\nAntal flaskor (50 cl): 533 st. (onumrerad)<br \/>\nFlaskan levereras i ett l\u00e4ckert och exklusivt pappr\u00f6r med en mjuk touch och guldf\u00e4rgat lock upptill och nedtill.<\/p>\n","protected":false},"excerpt":{"rendered":"<p>Danish Single Malt Whisky<\/p>\n","protected":false},"featured_media":29266,"template":"","meta":{"_acf_changed":false,"rs_blank_template":"","rs_page_bg_color":"","slide_template_v7":""},"product_brand":[],"product_cat":[2387,4651,2392],"product_tag":[],"class_list":{"0":"post-24431","1":"product","2":"type-product","3":"status-publish","4":"has-post-thumbnail","6":"product_cat-avec-sv","7":"product_cat-single-malt-sv","8":"product_cat-whisky-sv","9":"pa_champagne-type-single-cask-sv","10":"pa_land-danmark-sv","11":"pa_procent-50-7-sv","12":"pa_producent-fary-lochan-sv","13":"pa_volume-50-sv","15":"first","16":"instock","17":"taxable","18":"shipping-taxable","19":"purchasable","20":"product-type-simple"},"bundled_by":[],"bundle_stock_status":"instock","bundle_stock_quantity":null,"bundle_virtual":false,"bundle_layout":"","bundle_add_to_cart_form_location":"","bundle_editable_in_cart":false,"bundle_sold_individually_context":"","bundle_item_grouping":"","bundle_min_size":"","bundle_max_size":"","bundle_price":[],"bundled_items":[],"bundle_sell_ids":[],"acf":[],"_links":{"self":[{"href":"https:\/\/www.raschvin.com\/sv\/wp-json\/wp\/v2\/product\/24431","targetHints":{"allow":["GET"]}}],"collection":[{"href":"https:\/\/www.raschvin.com\/sv\/wp-json\/wp\/v2\/product"}],"about":[{"href":"https:\/\/www.raschvin.com\/sv\/wp-json\/wp\/v2\/types\/product"}],"wp:featuredmedia":[{"embeddable":true,"href":"https:\/\/www.raschvin.com\/sv\/wp-json\/wp\/v2\/media\/29266"}],"wp:attachment":[{"href":"https:\/\/www.raschvin.com\/sv\/wp-json\/wp\/v2\/media?parent=24431"}],"wp:term":[{"taxonomy":"product_brand","embeddable":true,"href":"https:\/\/www.raschvin.com\/sv\/wp-json\/wp\/v2\/product_brand?post=24431"},{"taxonomy":"product_cat","embeddable":true,"href":"https:\/\/www.raschvin.com\/sv\/wp-json\/wp\/v2\/product_cat?post=24431"},{"taxonomy":"product_tag","embeddable":true,"href":"https:\/\/www.raschvin.com\/sv\/wp-json\/wp\/v2\/product_tag?post=24431"}],"curies":[{"name":"wp","href":"https:\/\/api.w.org\/{rel}","templated":true}]}}