{"id":24429,"date":"2022-11-07T14:14:19","date_gmt":"2022-11-07T13:14:19","guid":{"rendered":"https:\/\/www.raschvin.com\/produkt\/fary-lochan-rum-edition-3-50-cl-485\/"},"modified":"2023-03-22T18:25:39","modified_gmt":"2023-03-22T17:25:39","slug":"fary-lochan-rum-edition-3-50-cl-485","status":"publish","type":"product","link":"https:\/\/www.raschvin.com\/sv\/produkt\/fary-lochan-rum-edition-3-50-cl-485\/","title":{"rendered":"Fary Lochan &#8211; Rum Edition #3 50 cl. 48,5%"},"content":{"rendered":"<p>Namn: Rum Edition \u2013 Batch #03<br \/>\nTunna: Lagrad 5 \u00e5r 1 st. 1:a fyllning romfat<br \/>\nFinish: Ingen<br \/>\nDestillat: bryggt p\u00e5 dansk kornmalt<br \/>\nR\u00f6k: Ingen<br \/>\n\u00c5lder: 5 \u00e5r<br \/>\nAlkoholstyrka: 48,5% vol.<br \/>\nAntal flaskor (50 cl): 333 st. (onumrerad)<\/p>\n<p>Malten som anv\u00e4nds till denna whisky \u00e4r danskproducerad och \u00e4r inte r\u00f6kt.<br \/>\nWhiskyn i denna tappning har \u00e5ldrats i 5 \u00e5r i ett 1st Fill Rom Barrel, och fatet buteljeras till 48,5 % i 50cl-flaskor.<\/p>\n<p>Totalt har 333 flaskor buteljerats fr\u00e5n detta fat, som levereras i ett l\u00e4ckert och exklusivt pappr\u00f6r med en soft touch och guldf\u00e4rgat lock i toppen.<\/p>\n","protected":false},"excerpt":{"rendered":"<p>Danish Single Malt Whisky<\/p>\n","protected":false},"featured_media":29284,"template":"","meta":{"_acf_changed":false,"rs_blank_template":"","rs_page_bg_color":"","slide_template_v7":""},"product_brand":[],"product_cat":[2387,4651,2392],"product_tag":[],"class_list":{"0":"post-24429","1":"product","2":"type-product","3":"status-publish","4":"has-post-thumbnail","6":"product_cat-avec-sv","7":"product_cat-single-malt-sv","8":"product_cat-whisky-sv","9":"pa_champagne-type-single-cask-sv","10":"pa_land-danmark-sv","11":"pa_procent-48-5-sv","12":"pa_producent-fary-lochan-sv","13":"pa_volume-50-sv","15":"first","16":"instock","17":"taxable","18":"shipping-taxable","19":"purchasable","20":"product-type-simple"},"bundled_by":[],"bundle_stock_status":"instock","bundle_stock_quantity":null,"bundle_virtual":false,"bundle_layout":"","bundle_add_to_cart_form_location":"","bundle_editable_in_cart":false,"bundle_sold_individually_context":"","bundle_item_grouping":"","bundle_min_size":"","bundle_max_size":"","bundle_price":[],"bundled_items":[],"bundle_sell_ids":[],"acf":[],"_links":{"self":[{"href":"https:\/\/www.raschvin.com\/sv\/wp-json\/wp\/v2\/product\/24429","targetHints":{"allow":["GET"]}}],"collection":[{"href":"https:\/\/www.raschvin.com\/sv\/wp-json\/wp\/v2\/product"}],"about":[{"href":"https:\/\/www.raschvin.com\/sv\/wp-json\/wp\/v2\/types\/product"}],"wp:featuredmedia":[{"embeddable":true,"href":"https:\/\/www.raschvin.com\/sv\/wp-json\/wp\/v2\/media\/29284"}],"wp:attachment":[{"href":"https:\/\/www.raschvin.com\/sv\/wp-json\/wp\/v2\/media?parent=24429"}],"wp:term":[{"taxonomy":"product_brand","embeddable":true,"href":"https:\/\/www.raschvin.com\/sv\/wp-json\/wp\/v2\/product_brand?post=24429"},{"taxonomy":"product_cat","embeddable":true,"href":"https:\/\/www.raschvin.com\/sv\/wp-json\/wp\/v2\/product_cat?post=24429"},{"taxonomy":"product_tag","embeddable":true,"href":"https:\/\/www.raschvin.com\/sv\/wp-json\/wp\/v2\/product_tag?post=24429"}],"curies":[{"name":"wp","href":"https:\/\/api.w.org\/{rel}","templated":true}]}}