{"id":24401,"date":"2025-10-04T11:03:25","date_gmt":"2025-10-04T09:03:25","guid":{"rendered":"https:\/\/www.raschvin.com\/produkt\/nyberg-ardor-peated-eco-70-cl-48\/"},"modified":"2025-10-04T11:15:01","modified_gmt":"2025-10-04T09:15:01","slug":"nyberg-ardor-peated-eco-70-cl-48","status":"publish","type":"product","link":"https:\/\/www.raschvin.com\/sv\/produkt\/nyberg-ardor-peated-eco-70-cl-48\/","title":{"rendered":"Isle Of Fionia &#8211; Peated (DK) (ECO) 70 cl. 48%"},"content":{"rendered":"<p>Denna single malt har f\u00f6rst lagrats p\u00e5 ex-bourbonfat och d\u00e4refter p\u00e5 kraftigt rostade STR-fat.<\/p>\n<p>Doft:<br \/>\nMedelr\u00f6kig med s\u00f6ta toner av finsk lakrits, havssalt och s\u00f6t l\u00e4gereldsr\u00f6k.<\/p>\n<p>Smak:<br \/>\nS\u00f6t lakrits och mjuk r\u00f6k framtr\u00e4der tydligt, kompletterade av kryddiga inslag och nyanser av mogen frukt i avslutningen.<br \/>\nEn v\u00e4lgjord r\u00f6kig whisky \u2013 mildare i stilen \u2013 perfekt som introduktion till r\u00f6kig whisky eller som s\u00e4llskap till kraftigare vinterr\u00e4tter.<\/p>\n<p>Single malt, ofiltrerad, ekologisk och utan tillsatt f\u00e4rg.<br \/>\nIsle of Fionia Peated \u00e4r v\u00e5r r\u00f6kiga tolkning av en elegant, dansk, ekologisk whisky.<\/p>\n<p>Whiskyn \u00e4r framst\u00e4lld av 100 % torvr\u00f6kt malt (35 ppm) och har f\u00f6rst mognat p\u00e5 first-fill ex-bourbonfat innan faten flyttats till STR-fat. Resultatet \u00e4r en medelr\u00f6kig whisky med h\u00e4rlig s\u00f6tma, balanserad komplexitet och toner av jod, lakrits och toffee.<\/p>\n<p>Isle of Fionia Peated \u00e4r en ung, r\u00f6kig single malt whisky buteljerad vid en h\u00f6gre alkoholhalt \u00e4n v\u00e5ra \u00f6vriga whiskyer \u2013 48 % \u2013 vilket vi anser lyfter smaken till sin fulla potential.<\/p>\n<p>Whiskyn \u00e4r tillverkad av mediumr\u00f6kt ekologisk malt, vilket ger en behaglig men tydligt r\u00f6kig karakt\u00e4r. Den har f\u00f6rst lagrats p\u00e5 tidigare Jack Daniel\u2019s bourbonfat, d\u00e4refter delvis avslutats p\u00e5 STR-vinfat av vitek. Resultatet visar tydligt varf\u00f6r ung r\u00f6kig whisky ofta upplevs som extra levande \u2013 r\u00f6kigheten framst\u00e5r b\u00e5de klarare och mer uttrycksfull.<\/p>\n<p>100 % ekologisk whisky. Destillerad p\u00e5 Nyborg Destilleri.<\/p>\n","protected":false},"excerpt":{"rendered":"<p>Single Malt Danish Whisky \u2013 Nyborg Destilleri<\/p>\n","protected":false},"featured_media":29294,"template":"","meta":{"_acf_changed":false,"rs_blank_template":"","rs_page_bg_color":"","slide_template_v7":""},"product_brand":[],"product_cat":[2387,4651,2392],"product_tag":[],"class_list":{"0":"post-24401","1":"product","2":"type-product","3":"status-publish","4":"has-post-thumbnail","6":"product_cat-avec-sv","7":"product_cat-single-malt-sv","8":"product_cat-whisky-sv","9":"pa_land-danmark-sv","10":"pa_oekologisk-ja-sv","11":"pa_procent-48-sv","12":"pa_producent-nyborg-destilleri-sv","13":"pa_region-fyn-sv","14":"pa_volume-70-sv-2","16":"first","17":"instock","18":"sale","19":"taxable","20":"shipping-taxable","21":"purchasable","22":"product-type-simple"},"bundled_by":[],"bundle_stock_status":"instock","bundle_stock_quantity":null,"bundle_virtual":false,"bundle_layout":"","bundle_add_to_cart_form_location":"","bundle_editable_in_cart":false,"bundle_sold_individually_context":"","bundle_item_grouping":"","bundle_min_size":"","bundle_max_size":"","bundle_price":[],"bundled_items":[],"bundle_sell_ids":[],"acf":[],"_links":{"self":[{"href":"https:\/\/www.raschvin.com\/sv\/wp-json\/wp\/v2\/product\/24401","targetHints":{"allow":["GET"]}}],"collection":[{"href":"https:\/\/www.raschvin.com\/sv\/wp-json\/wp\/v2\/product"}],"about":[{"href":"https:\/\/www.raschvin.com\/sv\/wp-json\/wp\/v2\/types\/product"}],"wp:featuredmedia":[{"embeddable":true,"href":"https:\/\/www.raschvin.com\/sv\/wp-json\/wp\/v2\/media\/29294"}],"wp:attachment":[{"href":"https:\/\/www.raschvin.com\/sv\/wp-json\/wp\/v2\/media?parent=24401"}],"wp:term":[{"taxonomy":"product_brand","embeddable":true,"href":"https:\/\/www.raschvin.com\/sv\/wp-json\/wp\/v2\/product_brand?post=24401"},{"taxonomy":"product_cat","embeddable":true,"href":"https:\/\/www.raschvin.com\/sv\/wp-json\/wp\/v2\/product_cat?post=24401"},{"taxonomy":"product_tag","embeddable":true,"href":"https:\/\/www.raschvin.com\/sv\/wp-json\/wp\/v2\/product_tag?post=24401"}],"curies":[{"name":"wp","href":"https:\/\/api.w.org\/{rel}","templated":true}]}}