{"id":24391,"date":"2023-03-30T17:45:42","date_gmt":"2023-03-30T15:45:42","guid":{"rendered":"https:\/\/www.raschvin.com\/produkt\/national-rums-of-jamaica-cambridge-stce-2010-70-cl-57\/"},"modified":"2023-03-30T17:56:35","modified_gmt":"2023-03-30T15:56:35","slug":"national-rums-of-jamaica-cambridge-stce-2010-70-cl-57","status":"publish","type":"product","link":"https:\/\/www.raschvin.com\/sv\/produkt\/national-rums-of-jamaica-cambridge-stce-2010-70-cl-57\/","title":{"rendered":"National Rums Of Jamaica &#8211; CAMBRIDGE STCE 2010 70 cl. 57%"},"content":{"rendered":"<p>Max 1 flaska\/kund<\/p>\n<p>Denna rom \u00e4r en reproduktion STC\u2665E-m\u00e4rke fr\u00e5n Cambridge-destilleriet, som ligger i Trelawny Parish och st\u00e4ngdes 1947. Denna destillerades vid Long Pond 2010. Stilen Continental Flavored \u00e4r en av de fyra klassificeringar som anv\u00e4nds i Jamaica, vilket identifierar rom med 550 &#8211; 1600 gr\/hlpa estrar vid tidpunkten f\u00f6r destillation. STC\u2665E-mark \u00e4r en f\u00f6rkortning av Simon Thompson Cambridge Estate och syftar specifikt p\u00e5 rom med 550 &#8211; 700 gr\/hlpa. Efter 12 \u00e5rs lagring, helt i det tropiska klimatet, \u00e4r Angel&#8217;s Share > 55 %. Endast 4900 flaskor producerade och buteljerade med 57% vol.<\/p>\n<p>F\u00e4rg: M\u00f6rk.<br \/>\nDoft: En rik och v\u00e4lutvecklad doft med aromer av mogen banan, saltad sm\u00f6rkola och bivax.<br \/>\nSmak: Rik och kr\u00e4mig, men torr. Inslag av kola, valn\u00f6t, ananas och persimon. En l\u00e5ng och berusande finish med inslag av cr\u00e8me brul\u00e9e, tj\u00e4ra och kamfer.<\/p>\n<p>Serveringsf\u00f6rslag: B\u00f6r avnjutas snyggt.<\/p>\n<p>The National Rums of Jamaica LTD \u00e4r ett romproducerande och -exporterande f\u00f6retag som \u00e4gs gemensamt av Jamaicas regering, West Indies Rum Distillery Ltd. i Barbados och Demerara Distillers i Guyana. Den best\u00e5r av Long Pond Distillery och Clarendon Distillery. The Long Pond Distillery hanterar r\u00e5varorna och j\u00e4sningsprocessen och ansvarar nu f\u00f6r att reproducera rester som tidigare gjorts av andra destillerier som nu har st\u00e4ngts.<\/p>\n","protected":false},"excerpt":{"rendered":"<p>Single Cask Premium Aged Rum<\/p>\n","protected":false},"featured_media":29312,"template":"","meta":{"_acf_changed":false,"rs_blank_template":"","rs_page_bg_color":"","slide_template_v7":""},"product_brand":[],"product_cat":[2387,2391,4634],"product_tag":[],"class_list":{"0":"post-24391","1":"product","2":"type-product","3":"status-publish","4":"has-post-thumbnail","6":"product_cat-avec-sv","7":"product_cat-rom-sv","8":"product_cat-premium-aged-sv","9":"pa_land-jamaica-sv","10":"pa_procent-57-sv","11":"pa_producent-velier-sv","12":"pa_vintage-2010-sv","13":"pa_volume-70-sv-2","15":"first","16":"instock","17":"sold-individually","18":"taxable","19":"shipping-taxable","20":"purchasable","21":"product-type-simple"},"bundled_by":[],"bundle_stock_status":"instock","bundle_stock_quantity":3,"bundle_virtual":false,"bundle_layout":"","bundle_add_to_cart_form_location":"","bundle_editable_in_cart":false,"bundle_sold_individually_context":"","bundle_item_grouping":"","bundle_min_size":"","bundle_max_size":"","bundle_price":[],"bundled_items":[],"bundle_sell_ids":[],"acf":[],"_links":{"self":[{"href":"https:\/\/www.raschvin.com\/sv\/wp-json\/wp\/v2\/product\/24391","targetHints":{"allow":["GET"]}}],"collection":[{"href":"https:\/\/www.raschvin.com\/sv\/wp-json\/wp\/v2\/product"}],"about":[{"href":"https:\/\/www.raschvin.com\/sv\/wp-json\/wp\/v2\/types\/product"}],"wp:featuredmedia":[{"embeddable":true,"href":"https:\/\/www.raschvin.com\/sv\/wp-json\/wp\/v2\/media\/29312"}],"wp:attachment":[{"href":"https:\/\/www.raschvin.com\/sv\/wp-json\/wp\/v2\/media?parent=24391"}],"wp:term":[{"taxonomy":"product_brand","embeddable":true,"href":"https:\/\/www.raschvin.com\/sv\/wp-json\/wp\/v2\/product_brand?post=24391"},{"taxonomy":"product_cat","embeddable":true,"href":"https:\/\/www.raschvin.com\/sv\/wp-json\/wp\/v2\/product_cat?post=24391"},{"taxonomy":"product_tag","embeddable":true,"href":"https:\/\/www.raschvin.com\/sv\/wp-json\/wp\/v2\/product_tag?post=24391"}],"curies":[{"name":"wp","href":"https:\/\/api.w.org\/{rel}","templated":true}]}}