{"id":24303,"date":"2022-11-03T18:20:47","date_gmt":"2022-11-03T17:20:47","guid":{"rendered":"https:\/\/www.raschvin.com\/produkt\/box-the-explorer-50-cl-483\/"},"modified":"2023-03-14T09:40:23","modified_gmt":"2023-03-14T08:40:23","slug":"box-the-explorer-50-cl-483","status":"publish","type":"product","link":"https:\/\/www.raschvin.com\/sv\/produkt\/box-the-explorer-50-cl-483\/","title":{"rendered":"Box &#8211; The Explorer 50 cl. 48,3%"},"content":{"rendered":"<p>En flaska kvar.<\/p>\n<p>High Coast Distillery ligger i ett gammalt s\u00e5gverk vid \u00c5ngerman\u00e4lven i \u00c5dalen i norra Sverige. H\u00e4r g\u00f6r de 100 000 liter ren alkohol om \u00e5ret och visionen \u00e4r enkel: att g\u00f6ra v\u00e4rldens b\u00e4sta single malt whisky. D\u00e4rf\u00f6r \u00e4r det naturligtvis stort fokus p\u00e5 b\u00e5de r\u00e5varor och finess i produktionen: man anv\u00e4nder b\u00e5de pilsnermalt fr\u00e5n Halmstad i Sverige och r\u00f6kt malt importerad fr\u00e5n Skottland, vattnet kommer fr\u00e5n den lokala floden och j\u00e4sningen \u00e4r ovanligt l\u00e5ng att skapa som s\u00e5 mycket smak som m\u00f6jligt. Destilleriet \u00e4r ett av de nordligaste i v\u00e4rlden och det \u00e4r enorma temperaturfluktuationer i deras lager (som inte \u00e4r temperaturkontrollerade) vilket har en radikal effekt p\u00e5 whiskyns samspel med tr\u00e4faten. Tv\u00e5 typer av fat anv\u00e4nds, b\u00e5de first-fill bourbonfat gjorda av amerikansk vit ek och spanska oloroso sherryfat. En del omvandlas ocks\u00e5 till en traditionell svensk fattyp som kallas ankare, som rymmer knappt 40 liter. Dessa anv\u00e4nds fr\u00e4mst f\u00f6r privat tappning.<\/p>\n","protected":false},"excerpt":{"rendered":"<p>Swedish Single Malt Whisky<\/p>\n","protected":false},"featured_media":29246,"template":"","meta":{"_acf_changed":false,"rs_blank_template":"","rs_page_bg_color":"","slide_template_v7":""},"product_brand":[],"product_cat":[2387,2392,4651],"product_tag":[],"class_list":{"0":"post-24303","1":"product","2":"type-product","3":"status-publish","4":"has-post-thumbnail","6":"product_cat-avec-sv","7":"product_cat-whisky-sv","8":"product_cat-single-malt-sv","9":"pa_champagne-type-single-cask-sv","10":"pa_land-sverige-sv","11":"pa_procent-48-3-sv","12":"pa_producent-high-coat-distillery-sv","13":"pa_volume-50-sv","15":"first","16":"instock","17":"taxable","18":"shipping-taxable","19":"purchasable","20":"product-type-simple"},"bundled_by":[],"bundle_stock_status":"instock","bundle_stock_quantity":null,"bundle_virtual":false,"bundle_layout":"","bundle_add_to_cart_form_location":"","bundle_editable_in_cart":false,"bundle_sold_individually_context":"","bundle_item_grouping":"","bundle_min_size":"","bundle_max_size":"","bundle_price":[],"bundled_items":[],"bundle_sell_ids":[],"acf":[],"_links":{"self":[{"href":"https:\/\/www.raschvin.com\/sv\/wp-json\/wp\/v2\/product\/24303","targetHints":{"allow":["GET"]}}],"collection":[{"href":"https:\/\/www.raschvin.com\/sv\/wp-json\/wp\/v2\/product"}],"about":[{"href":"https:\/\/www.raschvin.com\/sv\/wp-json\/wp\/v2\/types\/product"}],"wp:featuredmedia":[{"embeddable":true,"href":"https:\/\/www.raschvin.com\/sv\/wp-json\/wp\/v2\/media\/29246"}],"wp:attachment":[{"href":"https:\/\/www.raschvin.com\/sv\/wp-json\/wp\/v2\/media?parent=24303"}],"wp:term":[{"taxonomy":"product_brand","embeddable":true,"href":"https:\/\/www.raschvin.com\/sv\/wp-json\/wp\/v2\/product_brand?post=24303"},{"taxonomy":"product_cat","embeddable":true,"href":"https:\/\/www.raschvin.com\/sv\/wp-json\/wp\/v2\/product_cat?post=24303"},{"taxonomy":"product_tag","embeddable":true,"href":"https:\/\/www.raschvin.com\/sv\/wp-json\/wp\/v2\/product_tag?post=24303"}],"curies":[{"name":"wp","href":"https:\/\/api.w.org\/{rel}","templated":true}]}}