{"id":24244,"date":"2023-09-19T08:18:15","date_gmt":"2023-09-19T06:18:15","guid":{"rendered":"https:\/\/www.raschvin.com\/produkt\/companero-elixir-extra-jamaica-panama-70-cl-47\/"},"modified":"2023-09-19T10:49:57","modified_gmt":"2023-09-19T08:49:57","slug":"companero-elixir-extra-jamaica-panama-70-cl-47","status":"publish","type":"product","link":"https:\/\/www.raschvin.com\/sv\/produkt\/companero-elixir-extra-jamaica-panama-70-cl-47\/","title":{"rendered":"Compa\u00f1ero &#8211; Elixir Extra &#8211; Jamaica &#038; Panama 70 cl. 47%"},"content":{"rendered":"<p>En experimentell blandning av v\u00e5ra tv\u00e5 mest popul\u00e4ra Compa\u00f1eros definierar denna begr\u00e4nsade upplaga &#8211; Compa\u00f1ero Elixir Extra. Klassisk jamaicansk rom, kryddad med tropiska smaker av mogna apelsiner och f\u00e4rsk kokos, samt en uts\u00f6kt chokladsmak som \u00e4r ett resultat av att rommen fr\u00e5n Panama har lagrats p\u00e5 kakaokryddade fat. En unik upplevelse som ger dig fantastisk komplexitet med en mjuk och s\u00f6t finish, av chokladkaka med kokos och apelsin.<\/p>\n<p>Den perfekta v\u00e4nskapen &#8211; per flaska.<\/p>\n<p>Arom: En explosion av aromer &#8211; kakao, apelsinblomma, mj\u00f6lkchoklad och en subtil ton av rostad ek.<br \/>\nSmak: Ett trevligt och v\u00e4lbalanserat smakspel som b\u00f6rjar med mogna apelsiner och m\u00f6rk choklad med en l\u00e4tt ton av<br \/>\nmynta. Apelsinlik\u00f6rens s\u00f6tma \u00e4r v\u00e4l integrerad och skapar en mjuk finish som h\u00e5ller v\u00e4ldigt l\u00e4nge.<\/p>\n<p>Companjero<\/p>\n","protected":false},"excerpt":{"rendered":"<p>Blended Premium Aged Rum &#8211; 1423 Aps<\/p>\n","protected":false},"featured_media":40870,"template":"","meta":{"_acf_changed":false,"rs_blank_template":"","rs_page_bg_color":"","slide_template_v7":""},"product_brand":[],"product_cat":[2387,2391,4634],"product_tag":[],"class_list":{"0":"post-24244","1":"product","2":"type-product","3":"status-publish","4":"has-post-thumbnail","6":"product_cat-avec-sv","7":"product_cat-rom-sv","8":"product_cat-premium-aged-sv","9":"pa_land-jamaica-sv","10":"pa_land-panama-sv","11":"pa_procent-47-sv","12":"pa_producent-1423-aps-sv","13":"pa_volume-70-sv-2","15":"first","16":"instock","17":"sale","18":"featured","19":"taxable","20":"shipping-taxable","21":"purchasable","22":"product-type-simple"},"bundled_by":[],"bundle_stock_status":"instock","bundle_stock_quantity":null,"bundle_virtual":false,"bundle_layout":"","bundle_add_to_cart_form_location":"","bundle_editable_in_cart":false,"bundle_sold_individually_context":"","bundle_item_grouping":"","bundle_min_size":"","bundle_max_size":"","bundle_price":[],"bundled_items":[],"bundle_sell_ids":[],"acf":[],"_links":{"self":[{"href":"https:\/\/www.raschvin.com\/sv\/wp-json\/wp\/v2\/product\/24244","targetHints":{"allow":["GET"]}}],"collection":[{"href":"https:\/\/www.raschvin.com\/sv\/wp-json\/wp\/v2\/product"}],"about":[{"href":"https:\/\/www.raschvin.com\/sv\/wp-json\/wp\/v2\/types\/product"}],"wp:featuredmedia":[{"embeddable":true,"href":"https:\/\/www.raschvin.com\/sv\/wp-json\/wp\/v2\/media\/40870"}],"wp:attachment":[{"href":"https:\/\/www.raschvin.com\/sv\/wp-json\/wp\/v2\/media?parent=24244"}],"wp:term":[{"taxonomy":"product_brand","embeddable":true,"href":"https:\/\/www.raschvin.com\/sv\/wp-json\/wp\/v2\/product_brand?post=24244"},{"taxonomy":"product_cat","embeddable":true,"href":"https:\/\/www.raschvin.com\/sv\/wp-json\/wp\/v2\/product_cat?post=24244"},{"taxonomy":"product_tag","embeddable":true,"href":"https:\/\/www.raschvin.com\/sv\/wp-json\/wp\/v2\/product_tag?post=24244"}],"curies":[{"name":"wp","href":"https:\/\/api.w.org\/{rel}","templated":true}]}}