{"id":24219,"date":"2022-11-03T09:26:31","date_gmt":"2022-11-03T08:26:31","guid":{"rendered":"https:\/\/www.raschvin.com\/produkt\/rammstein-tequila-reposado-100-agave-70-cl-38\/"},"modified":"2023-04-03T09:52:11","modified_gmt":"2023-04-03T07:52:11","slug":"rammstein-tequila-reposado-100-agave-70-cl-38","status":"publish","type":"product","link":"https:\/\/www.raschvin.com\/sv\/produkt\/rammstein-tequila-reposado-100-agave-70-cl-38\/","title":{"rendered":"Rammstein Tequila Reposado 100% Agave 70 cl. 38%"},"content":{"rendered":"<p>Handgjord och handtappad speciellt f\u00f6r RAMMSTEIN: Denna Tequila Reposado fr\u00e5n Mexiko har lagrats p\u00e5 franska ekfat i minst \u00e5tta m\u00e5nader. Konserverad frukt och agavearom kombineras med vanilj- och karamelltoner i denna silkeslena Reposado med en s\u00f6t eftersmak. F\u00e4rgen \u00e4r ljust guldgul. L\u00e4derfodralet \u00e4r 100% handgjort och sn\u00f6rning baktill. Den 260 gram stora gjutj\u00e4rnsk\u00e5pan har en 3D-version av RAMMSTEINs logotyp.<\/p>\n<p>Rammstein, som grundades i \u00d6stberlin 1994, anses idag vara ett av de mest framg\u00e5ngsrika internationella banden, med sjusiffriga album- och DVD-f\u00f6rs\u00e4ljningar. Under sin 20-\u00e5riga karri\u00e4r nominerades musikerna tv\u00e5 g\u00e5nger till en Grammy, rubricerade alla stora musikfestivaler och s\u00e5lde sluts\u00e5lda arenor runt om i v\u00e4rlden. Fortfarande med alla sina ursprungliga medlemmar, Rammsteins status som ett o\u00f6vertr\u00e4ffat liveband beror p\u00e5 dess unika (att f\u00f6rs\u00f6ka kopiera det rekommenderas inte) scenshow: en h\u00e5rd rockopera \u2013 dramatisk, spektakul\u00e4r, episk i omfattning och ber\u00f6r alla sinnen; ett m\u00f6rkt \u00e4ventyr genomsyrat av kontroverser och den alltf\u00f6rt\u00e4rande lukten av bensin.<\/p>\n","protected":false},"excerpt":{"rendered":"<p>Premium Handcrafted Tequila &#8211; Rammstein<\/p>\n","protected":false},"featured_media":29186,"template":"","meta":{"_acf_changed":false,"rs_blank_template":"","rs_page_bg_color":"","slide_template_v7":""},"product_brand":[],"product_cat":[2402,2408],"product_tag":[],"class_list":{"0":"post-24219","1":"product","2":"type-product","3":"status-publish","4":"has-post-thumbnail","6":"product_cat-sprit-sv","7":"product_cat-tequila-mescal-sv","8":"pa_champagne-type-reposado-sv","9":"pa_land-mexiko","10":"pa_procent-38-sv","11":"pa_producent-rammstein-sv","12":"pa_region-jalisco-sv","13":"pa_volume-70-sv-2","15":"first","16":"instock","17":"sale","18":"taxable","19":"shipping-taxable","20":"purchasable","21":"product-type-simple"},"bundled_by":[],"bundle_stock_status":"instock","bundle_stock_quantity":null,"bundle_virtual":false,"bundle_layout":"","bundle_add_to_cart_form_location":"","bundle_editable_in_cart":false,"bundle_sold_individually_context":"","bundle_item_grouping":"","bundle_min_size":"","bundle_max_size":"","bundle_price":[],"bundled_items":[],"bundle_sell_ids":[],"acf":[],"_links":{"self":[{"href":"https:\/\/www.raschvin.com\/sv\/wp-json\/wp\/v2\/product\/24219","targetHints":{"allow":["GET"]}}],"collection":[{"href":"https:\/\/www.raschvin.com\/sv\/wp-json\/wp\/v2\/product"}],"about":[{"href":"https:\/\/www.raschvin.com\/sv\/wp-json\/wp\/v2\/types\/product"}],"wp:featuredmedia":[{"embeddable":true,"href":"https:\/\/www.raschvin.com\/sv\/wp-json\/wp\/v2\/media\/29186"}],"wp:attachment":[{"href":"https:\/\/www.raschvin.com\/sv\/wp-json\/wp\/v2\/media?parent=24219"}],"wp:term":[{"taxonomy":"product_brand","embeddable":true,"href":"https:\/\/www.raschvin.com\/sv\/wp-json\/wp\/v2\/product_brand?post=24219"},{"taxonomy":"product_cat","embeddable":true,"href":"https:\/\/www.raschvin.com\/sv\/wp-json\/wp\/v2\/product_cat?post=24219"},{"taxonomy":"product_tag","embeddable":true,"href":"https:\/\/www.raschvin.com\/sv\/wp-json\/wp\/v2\/product_tag?post=24219"}],"curies":[{"name":"wp","href":"https:\/\/api.w.org\/{rel}","templated":true}]}}