{"id":24216,"date":"2022-11-03T09:19:44","date_gmt":"2022-11-03T08:19:44","guid":{"rendered":"https:\/\/www.raschvin.com\/produkt\/rammstein-sloe-gin-70-cl-27\/"},"modified":"2023-04-03T09:41:38","modified_gmt":"2023-04-03T07:41:38","slug":"rammstein-sloe-gin-70-cl-27","status":"publish","type":"product","link":"https:\/\/www.raschvin.com\/sv\/produkt\/rammstein-sloe-gin-70-cl-27\/","title":{"rendered":"Rammstein Gin Sloe 70 cl. 27%"},"content":{"rendered":"<p>Rammstein Sloe Gin \u00e4r en gin i begr\u00e4nsad upplaga, destillerad p\u00e5 gamla destilleringsglas p\u00e5 destilleriet Onder de Boompjes i Nederl\u00e4nderna. Denna gin \u00e4r baserad p\u00e5 traditionella botaniska ingredienser som enb\u00e4r, koriander, angelicarot, citrongr\u00e4s och kardemumma. F\u00f6r att uppn\u00e5 den unika Sl\u00e5en Gin smaken, efter destillering, tills\u00e4tts sl\u00e5en b\u00e4r till ginen under en period av 6-8 veckor. Efter att b\u00e4ren har bl\u00f6tlagts, infunderas ginen med smaken av r\u00f6da skogsb\u00e4r, vilket g\u00f6r den perfekt f\u00f6r en G&#038;T under de m\u00f6rka vinterm\u00e5naderna.<\/p>\n<p>Doft: Intensiva toner av m\u00f6rka b\u00e4r och frukter som bj\u00f6rnb\u00e4r, katrinplommon och vinb\u00e4r.<br \/>\nSmak: Fruktig och s\u00f6t med toner av slough och en kryddig touch som p\u00e5minner om gl\u00f6gg.<\/p>\n<p>Rammstein, som grundades i \u00d6stberlin 1994, anses idag vara ett av de mest framg\u00e5ngsrika internationella banden, med sjusiffriga album- och DVD-f\u00f6rs\u00e4ljningar. Under sin 20-\u00e5riga karri\u00e4r nominerades musikerna tv\u00e5 g\u00e5nger till en Grammy, rubricerade alla stora musikfestivaler och s\u00e5lde sluts\u00e5lda arenor runt om i v\u00e4rlden. Fortfarande med alla sina ursprungliga medlemmar, Rammsteins status som ett o\u00f6vertr\u00e4ffat liveband beror p\u00e5 dess unika (att f\u00f6rs\u00f6ka kopiera det rekommenderas inte) scenshow: en h\u00e5rd rockopera \u2013 dramatisk, spektakul\u00e4r, episk i omfattning och ber\u00f6r alla sinnen; ett m\u00f6rkt \u00e4ventyr genomsyrat av kontroverser och den alltf\u00f6rt\u00e4rande lukten av bensin.<\/p>\n","protected":false},"excerpt":{"rendered":"<p>Gin Produced Corporated With Rammstein<\/p>\n","protected":false},"featured_media":29180,"template":"","meta":{"_acf_changed":false,"rs_blank_template":"","rs_page_bg_color":"","slide_template_v7":""},"product_brand":[],"product_cat":[2404,4691,2402],"product_tag":[],"class_list":{"0":"post-24216","1":"product","2":"type-product","3":"status-publish","4":"has-post-thumbnail","6":"product_cat-gin-sv","7":"product_cat-sloe-gin-sv","8":"product_cat-sprit-sv","9":"pa_land-nederlaenderna","10":"pa_procent-27-sv","11":"pa_producent-rammstein-onder-de-boompjes-sv","12":"pa_volume-70-sv-2","14":"first","15":"instock","16":"sale","17":"taxable","18":"shipping-taxable","19":"purchasable","20":"product-type-simple"},"bundled_by":[],"bundle_stock_status":"instock","bundle_stock_quantity":null,"bundle_virtual":false,"bundle_layout":"","bundle_add_to_cart_form_location":"","bundle_editable_in_cart":false,"bundle_sold_individually_context":"","bundle_item_grouping":"","bundle_min_size":"","bundle_max_size":"","bundle_price":[],"bundled_items":[],"bundle_sell_ids":[],"acf":[],"_links":{"self":[{"href":"https:\/\/www.raschvin.com\/sv\/wp-json\/wp\/v2\/product\/24216","targetHints":{"allow":["GET"]}}],"collection":[{"href":"https:\/\/www.raschvin.com\/sv\/wp-json\/wp\/v2\/product"}],"about":[{"href":"https:\/\/www.raschvin.com\/sv\/wp-json\/wp\/v2\/types\/product"}],"wp:featuredmedia":[{"embeddable":true,"href":"https:\/\/www.raschvin.com\/sv\/wp-json\/wp\/v2\/media\/29180"}],"wp:attachment":[{"href":"https:\/\/www.raschvin.com\/sv\/wp-json\/wp\/v2\/media?parent=24216"}],"wp:term":[{"taxonomy":"product_brand","embeddable":true,"href":"https:\/\/www.raschvin.com\/sv\/wp-json\/wp\/v2\/product_brand?post=24216"},{"taxonomy":"product_cat","embeddable":true,"href":"https:\/\/www.raschvin.com\/sv\/wp-json\/wp\/v2\/product_cat?post=24216"},{"taxonomy":"product_tag","embeddable":true,"href":"https:\/\/www.raschvin.com\/sv\/wp-json\/wp\/v2\/product_tag?post=24216"}],"curies":[{"name":"wp","href":"https:\/\/api.w.org\/{rel}","templated":true}]}}