{"id":24187,"date":"2022-11-02T14:41:18","date_gmt":"2022-11-02T13:41:18","guid":{"rendered":"https:\/\/www.raschvin.com\/produkt\/rammstein-rum-70-cl-40\/"},"modified":"2023-04-03T09:44:58","modified_gmt":"2023-04-03T07:44:58","slug":"rammstein-rum-70-cl-40","status":"publish","type":"product","link":"https:\/\/www.raschvin.com\/sv\/produkt\/rammstein-rum-70-cl-40\/","title":{"rendered":"Rammstein Rum 70 cl. 40%"},"content":{"rendered":"<p>Denna rom \u00e4r en balanserad blandning av jamaicansk och guayansk potstill-rom och kolonnrom fr\u00e5n Trinidad. B\u00e5de Guyanesisk och Jamaicansk rom \u00e4r h\u00f6gt uppskattade bland m\u00e4starblandare och finsmakare f\u00f6r sin kraftfulla kropp och djupa aromer. De starka karakt\u00e4rerna hos b\u00e5da potstill-rommen t\u00e4mjes av den eleganta karakt\u00e4ren hos den trinidadiska motsvarigheten. Rammstein Rom mognar p\u00e5 fd Bourbon-fat i upp till 12 \u00e5r.<\/p>\n<p>Smakanteckningar:<br \/>\nEn balanserad rom med kryddiga aromer, l\u00e4tta frukttoner och en ton av r\u00f6k.<\/p>\n<p>Rammstein, som grundades i \u00d6stberlin 1994, anses idag vara ett av de mest framg\u00e5ngsrika internationella banden, med sjusiffriga album- och DVD-f\u00f6rs\u00e4ljningar. Under sin 20-\u00e5riga karri\u00e4r nominerades musikerna tv\u00e5 g\u00e5nger till en Grammy, rubricerade alla stora musikfestivaler och s\u00e5lde sluts\u00e5lda arenor runt om i v\u00e4rlden. Fortfarande med alla sina ursprungliga medlemmar, Rammsteins status som ett o\u00f6vertr\u00e4ffat liveband beror p\u00e5 dess unika (att f\u00f6rs\u00f6ka kopiera det rekommenderas inte) scenshow: en h\u00e5rd rockopera \u2013 dramatisk, spektakul\u00e4r, episk i omfattning och ber\u00f6r alla sinnen; ett m\u00f6rkt \u00e4ventyr genomsyrat av kontroverser och den alltf\u00f6rt\u00e4rande lukten av bensin.<\/p>\n","protected":false},"excerpt":{"rendered":"<p>Rum Produced Corporated With Rammstein<\/p>\n","protected":false},"featured_media":29158,"template":"","meta":{"_acf_changed":false,"rs_blank_template":"","rs_page_bg_color":"","slide_template_v7":""},"product_brand":[],"product_cat":[2387,4634,2391],"product_tag":[],"class_list":{"0":"post-24187","1":"product","2":"type-product","3":"status-publish","4":"has-post-thumbnail","6":"product_cat-avec-sv","7":"product_cat-premium-aged-sv","8":"product_cat-rom-sv","9":"pa_land-jamaica-guyana-och-trinidad","10":"pa_procent-40-sv-2","11":"pa_producent-rammstein-onder-de-boompjes-sv","12":"pa_volume-70-sv-2","14":"first","15":"instock","16":"sale","17":"taxable","18":"shipping-taxable","19":"purchasable","20":"product-type-simple"},"bundled_by":[],"bundle_stock_status":"instock","bundle_stock_quantity":null,"bundle_virtual":false,"bundle_layout":"","bundle_add_to_cart_form_location":"","bundle_editable_in_cart":false,"bundle_sold_individually_context":"","bundle_item_grouping":"","bundle_min_size":"","bundle_max_size":"","bundle_price":[],"bundled_items":[],"bundle_sell_ids":[],"acf":[],"_links":{"self":[{"href":"https:\/\/www.raschvin.com\/sv\/wp-json\/wp\/v2\/product\/24187","targetHints":{"allow":["GET"]}}],"collection":[{"href":"https:\/\/www.raschvin.com\/sv\/wp-json\/wp\/v2\/product"}],"about":[{"href":"https:\/\/www.raschvin.com\/sv\/wp-json\/wp\/v2\/types\/product"}],"wp:featuredmedia":[{"embeddable":true,"href":"https:\/\/www.raschvin.com\/sv\/wp-json\/wp\/v2\/media\/29158"}],"wp:attachment":[{"href":"https:\/\/www.raschvin.com\/sv\/wp-json\/wp\/v2\/media?parent=24187"}],"wp:term":[{"taxonomy":"product_brand","embeddable":true,"href":"https:\/\/www.raschvin.com\/sv\/wp-json\/wp\/v2\/product_brand?post=24187"},{"taxonomy":"product_cat","embeddable":true,"href":"https:\/\/www.raschvin.com\/sv\/wp-json\/wp\/v2\/product_cat?post=24187"},{"taxonomy":"product_tag","embeddable":true,"href":"https:\/\/www.raschvin.com\/sv\/wp-json\/wp\/v2\/product_tag?post=24187"}],"curies":[{"name":"wp","href":"https:\/\/api.w.org\/{rel}","templated":true}]}}