{"id":24180,"date":"2022-11-02T14:12:11","date_gmt":"2022-11-02T13:12:11","guid":{"rendered":"https:\/\/www.raschvin.com\/produkt\/cihuatan-alux-limited-ed-70-cl-432\/"},"modified":"2023-03-15T18:17:19","modified_gmt":"2023-03-15T17:17:19","slug":"cihuatan-alux-limited-ed-70-cl-432","status":"publish","type":"product","link":"https:\/\/www.raschvin.com\/sv\/produkt\/cihuatan-alux-limited-ed-70-cl-432\/","title":{"rendered":"Cihuat\u00e1n &#8211; Alux Limited Ed. 70 cl. 43,2%"},"content":{"rendered":"<p>Cihuat\u00e1n Alux \u00e4r en begr\u00e4nsad upplaga av rom inspirerad av Mayalegenden om Aluxes, landets skyddsgudar. Enligt mayaernas tro levde dessa gudar i majs- och kakaof\u00e4lt, eftersom dessa ans\u00e5gs vara de heligaste g\u00e5vorna p\u00e5 jorden. I b\u00f6rjan av varje sk\u00f6rdes\u00e4song h\u00f6ll Maya en spektakul\u00e4r fest full av rika l\u00e4ckerheter av choklad och majs i tacksamhet till aluxarna. Som en g\u00e5va till dessa skyddsgudar skapade Cihuat\u00e1n denna rom med toner av vanilj, cashewn\u00f6tter, ingef\u00e4ra, kanelst\u00e4nger, rostad majs och chokladmousse. Denna rom \u00e4r en begr\u00e4nsad upplaga, och har f\u00e5tt den sista finishen i ex-Oloroso &#038; ex-Cognac fat.<\/p>\n<p>Doft: Majs, varm kakao, korn, kanelst\u00e4nger, ingef\u00e4ra.<br \/>\nSmak: M\u00f6rk choklad, rispudding, kola, kryddpeppar, muskotn\u00f6t.<br \/>\nFinish: L\u00e5ng finish, choklad, ekkarakt\u00e4r.<\/p>\n<p>OM VARUM\u00c4RKET CIHUAT\u00c1N<\/p>\n<p>V\u00e5rt lands forntida mayarv \u00e4r v\u00e5r inspiration. Mayafolket var om\u00e4ttligt nyfikna, vilket drev dem att studera stj\u00e4rnorna och siffrorna, att utforska nya l\u00e4nder och skapa f\u00f6re sin tid. Samma nyfikenhet drev oss att skapa det som aldrig hade gjorts: El Salvadors f\u00f6rsta rom, gjord f\u00f6r hand i hj\u00e4rtat av Cihuat\u00e1ndalen. P\u00e5 Cihuat\u00e1n v\u00e4rdes\u00e4tter och hyllar vi denna nyfikenhet som driver oss alla att l\u00e4ra, utforska, v\u00e4xa och njuta av livet. Framkalla din nyfikenhet.<\/p>\n","protected":false},"excerpt":{"rendered":"<p>Limited Premium Aged Rum &#8211; El Salvador<\/p>\n","protected":false},"featured_media":29140,"template":"","meta":{"_acf_changed":false,"rs_blank_template":"","rs_page_bg_color":"","slide_template_v7":""},"product_brand":[],"product_cat":[2387,4634,2391],"product_tag":[],"class_list":{"0":"post-24180","1":"product","2":"type-product","3":"status-publish","4":"has-post-thumbnail","6":"product_cat-avec-sv","7":"product_cat-premium-aged-sv","8":"product_cat-rom-sv","9":"pa_land-el-salvador-sv","10":"pa_procent-43-2-sv","11":"pa_producent-licorera-cihuatan-sv","12":"pa_volume-70-sv-2","14":"first","15":"instock","16":"taxable","17":"shipping-taxable","18":"purchasable","19":"product-type-simple"},"bundled_by":[],"bundle_stock_status":"instock","bundle_stock_quantity":5,"bundle_virtual":false,"bundle_layout":"","bundle_add_to_cart_form_location":"","bundle_editable_in_cart":false,"bundle_sold_individually_context":"","bundle_item_grouping":"","bundle_min_size":"","bundle_max_size":"","bundle_price":[],"bundled_items":[],"bundle_sell_ids":[],"acf":[],"_links":{"self":[{"href":"https:\/\/www.raschvin.com\/sv\/wp-json\/wp\/v2\/product\/24180","targetHints":{"allow":["GET"]}}],"collection":[{"href":"https:\/\/www.raschvin.com\/sv\/wp-json\/wp\/v2\/product"}],"about":[{"href":"https:\/\/www.raschvin.com\/sv\/wp-json\/wp\/v2\/types\/product"}],"wp:featuredmedia":[{"embeddable":true,"href":"https:\/\/www.raschvin.com\/sv\/wp-json\/wp\/v2\/media\/29140"}],"wp:attachment":[{"href":"https:\/\/www.raschvin.com\/sv\/wp-json\/wp\/v2\/media?parent=24180"}],"wp:term":[{"taxonomy":"product_brand","embeddable":true,"href":"https:\/\/www.raschvin.com\/sv\/wp-json\/wp\/v2\/product_brand?post=24180"},{"taxonomy":"product_cat","embeddable":true,"href":"https:\/\/www.raschvin.com\/sv\/wp-json\/wp\/v2\/product_cat?post=24180"},{"taxonomy":"product_tag","embeddable":true,"href":"https:\/\/www.raschvin.com\/sv\/wp-json\/wp\/v2\/product_tag?post=24180"}],"curies":[{"name":"wp","href":"https:\/\/api.w.org\/{rel}","templated":true}]}}