{"id":24157,"date":"2022-11-02T08:22:07","date_gmt":"2022-11-02T07:22:07","guid":{"rendered":"https:\/\/www.raschvin.com\/produkt\/skunk-rum-striped-danish-rum-inspired-from-jamaica-50-cl-693\/"},"modified":"2023-04-04T11:01:05","modified_gmt":"2023-04-04T09:01:05","slug":"skunk-rum-striped-danish-rum-inspired-from-jamaica-50-cl-693","status":"publish","type":"product","link":"https:\/\/www.raschvin.com\/sv\/produkt\/skunk-rum-striped-danish-rum-inspired-from-jamaica-50-cl-693\/","title":{"rendered":"Skunk Rum Striped &#8211; Danish Rum Inspired From Jamaica 50 cl. 69,3%"},"content":{"rendered":"<p>V\u00e5r Striped Skunk Rum tar dig under Jamaicas varma himmel kombinerat med Medelhavet runt Italien med sina smaktoner av \u00f6rter, mynta och s\u00f6tma.<\/p>\n<p>Striped Skunk Rum \u00e4r inspirerad av Jamaica med \u00f6nskan att f\u00f6ra de tropiska tonerna till norr. Rommen tillverkas i Danmark med hj\u00e4lp av ekologisk melass fr\u00e5n Paraguay och tappas d\u00e4refter p\u00e5 \u00e5tervunna glasflaskor. Den h\u00f6ga alkoholprocenten bidrar till en stark och smakrik rom med toner av italienska \u00f6rter, mynta och s\u00f6tma. Med sin h\u00f6ga alkoholprocent p\u00e5 69,3 passar den dessutom \u00e4ven till Tiki-drycker, d\u00e4r man kan s\u00e4tta eld p\u00e5 alkoholen.<\/p>\n<p>Destilleri: Skunk Rum &#8211; A Clean Spirit<br \/>\n\u00c5lder: NA<br \/>\nTyp: Danskproducerad rom<br \/>\nAlc. styrka: 69,3 %<br \/>\n50 cl.<br \/>\n\u00d6vrigt: Ekologisk rom fr\u00e5n A Clean Spirit<\/p>\n","protected":false},"excerpt":{"rendered":"<p>Organic Handcrafted Rum \u2013 A Clean Spirit Denmark<\/p>\n","protected":false},"featured_media":29126,"template":"","meta":{"_acf_changed":false,"rs_blank_template":"","rs_page_bg_color":"","slide_template_v7":""},"product_brand":[],"product_cat":[2387,4634,2391,4621],"product_tag":[],"class_list":{"0":"post-24157","1":"product","2":"type-product","3":"status-publish","4":"has-post-thumbnail","6":"product_cat-avec-sv","7":"product_cat-premium-aged-sv","8":"product_cat-rom-sv","9":"product_cat-white-sv","10":"pa_champagne-type-single-cask-sv","11":"pa_land-danmark-sv","12":"pa_oekologisk-ja-sv","13":"pa_procent-693-sv","14":"pa_producent-a-clean-spirit-sv","15":"pa_volume-50-sv","17":"first","18":"outofstock","19":"sale","20":"taxable","21":"shipping-taxable","22":"purchasable","23":"product-type-simple"},"bundled_by":[],"bundle_stock_status":"outofstock","bundle_stock_quantity":null,"bundle_virtual":false,"bundle_layout":"","bundle_add_to_cart_form_location":"","bundle_editable_in_cart":false,"bundle_sold_individually_context":"","bundle_item_grouping":"","bundle_min_size":"","bundle_max_size":"","bundle_price":[],"bundled_items":[],"bundle_sell_ids":[],"acf":[],"_links":{"self":[{"href":"https:\/\/www.raschvin.com\/sv\/wp-json\/wp\/v2\/product\/24157","targetHints":{"allow":["GET"]}}],"collection":[{"href":"https:\/\/www.raschvin.com\/sv\/wp-json\/wp\/v2\/product"}],"about":[{"href":"https:\/\/www.raschvin.com\/sv\/wp-json\/wp\/v2\/types\/product"}],"wp:featuredmedia":[{"embeddable":true,"href":"https:\/\/www.raschvin.com\/sv\/wp-json\/wp\/v2\/media\/29126"}],"wp:attachment":[{"href":"https:\/\/www.raschvin.com\/sv\/wp-json\/wp\/v2\/media?parent=24157"}],"wp:term":[{"taxonomy":"product_brand","embeddable":true,"href":"https:\/\/www.raschvin.com\/sv\/wp-json\/wp\/v2\/product_brand?post=24157"},{"taxonomy":"product_cat","embeddable":true,"href":"https:\/\/www.raschvin.com\/sv\/wp-json\/wp\/v2\/product_cat?post=24157"},{"taxonomy":"product_tag","embeddable":true,"href":"https:\/\/www.raschvin.com\/sv\/wp-json\/wp\/v2\/product_tag?post=24157"}],"curies":[{"name":"wp","href":"https:\/\/api.w.org\/{rel}","templated":true}]}}