{"id":24023,"date":"2025-10-23T18:28:37","date_gmt":"2025-10-23T16:28:37","guid":{"rendered":"https:\/\/www.raschvin.com\/produkt\/blossa-trestjaernig-silver-m-rom-50-cl-21\/"},"modified":"2023-10-29T20:10:07","modified_gmt":"2023-10-29T19:10:07","slug":"blossa-trestjaernig-silver-m-rom-50-cl-21","status":"publish","type":"product","link":"https:\/\/www.raschvin.com\/sv\/produkt\/blossa-trestjaernig-silver-m-rom-50-cl-21\/","title":{"rendered":"Blossa Trestj\u00e4rnig *** Silver m. Rom 50 cl. 21%"},"content":{"rendered":"<p>Blossa Trestj\u00e4rnig Silver \u00e4r en vinterdryck som ger julst\u00e4mningen p\u00e5 bordet, baserad p\u00e5 vitt vin, ett hemligt recept fr\u00e5n 1895, Moscatelle och Mistela, som s\u00f6tas tillsammans med det finaste sockret och smaks\u00e4tts med Blossas lagrade kryddblandning. Drycken \u00e4r smaksatt med b\u00e5de ljus och m\u00f6rk rom, vilket ger Blossa Trestj\u00e4rnig en kryddig doft och en intensiv karakt\u00e4r av torkad frukt, rom och honung. Blossa g\u00f6rs efter ett hemligt recept fr\u00e5n 1895 av den k\u00e4nda vinhandlaren JD Gr\u00f6nstedt &#038; Co. Blossa Trestj\u00e4rnig Silver \u00e4r gjord med bland annat vitt vin tillsatt. gl\u00f6ggkryddor och finaste rom. Servera i rumstemperatur eller varmt som tillbeh\u00f6r till kaffe, choklad och julgodis.<br \/>\n50 cl..<\/p>\n<p>Blossa Gl\u00f8gg \u00e4r en bred svensk serie som omfattar Nordens st\u00f6rsta varum\u00e4rke av gl\u00f6gg. Med \u00f6ver 5 miljoner liter s\u00e5lda i Norden och en 100% bekanthet i Sverige \u00e4r Blossa ett varum\u00e4rke du inte kan undvika. Blossa \u00e4r konsumenternas absoluta favorit, och kvaliteten \u00e4r oj\u00e4mf\u00f6rlig med de klassiska. Serien bygger p\u00e5 ett recept fr\u00e5n senare delen av 1900-talet och f\u00f6rblir en v\u00e4l bevarad hemlighet.<\/p>\n","protected":false},"excerpt":{"rendered":"<p>Swedish Blossa Gl\u00f6gg Flavored With Rum<\/p>\n","protected":false},"featured_media":43436,"template":"","meta":{"_acf_changed":false,"rs_blank_template":"","rs_page_bg_color":"","slide_template_v7":""},"product_brand":[],"product_cat":[4430,4463,2788],"product_tag":[],"class_list":{"0":"post-24023","1":"product","2":"type-product","3":"status-publish","4":"has-post-thumbnail","6":"product_cat-glogg-sv","7":"product_cat-jul","8":"product_cat-vin-sv","9":"pa_land-sverige-sv","10":"pa_procent-21-sv","11":"pa_producent-anora-group-sv","12":"pa_volume-50-sv","14":"first","15":"instock","16":"taxable","17":"shipping-taxable","18":"purchasable","19":"product-type-simple"},"bundled_by":[],"bundle_stock_status":"instock","bundle_stock_quantity":null,"bundle_virtual":false,"bundle_layout":"","bundle_add_to_cart_form_location":"","bundle_editable_in_cart":false,"bundle_sold_individually_context":"","bundle_item_grouping":"","bundle_min_size":"","bundle_max_size":"","bundle_price":[],"bundled_items":[],"bundle_sell_ids":[],"acf":[],"_links":{"self":[{"href":"https:\/\/www.raschvin.com\/sv\/wp-json\/wp\/v2\/product\/24023","targetHints":{"allow":["GET"]}}],"collection":[{"href":"https:\/\/www.raschvin.com\/sv\/wp-json\/wp\/v2\/product"}],"about":[{"href":"https:\/\/www.raschvin.com\/sv\/wp-json\/wp\/v2\/types\/product"}],"wp:featuredmedia":[{"embeddable":true,"href":"https:\/\/www.raschvin.com\/sv\/wp-json\/wp\/v2\/media\/43436"}],"wp:attachment":[{"href":"https:\/\/www.raschvin.com\/sv\/wp-json\/wp\/v2\/media?parent=24023"}],"wp:term":[{"taxonomy":"product_brand","embeddable":true,"href":"https:\/\/www.raschvin.com\/sv\/wp-json\/wp\/v2\/product_brand?post=24023"},{"taxonomy":"product_cat","embeddable":true,"href":"https:\/\/www.raschvin.com\/sv\/wp-json\/wp\/v2\/product_cat?post=24023"},{"taxonomy":"product_tag","embeddable":true,"href":"https:\/\/www.raschvin.com\/sv\/wp-json\/wp\/v2\/product_tag?post=24023"}],"curies":[{"name":"wp","href":"https:\/\/api.w.org\/{rel}","templated":true}]}}