{"id":24017,"date":"2022-10-31T18:27:28","date_gmt":"2022-10-31T17:27:28","guid":{"rendered":"https:\/\/www.raschvin.com\/produkt\/appleton-estate-15-years-black-river-cask-70-cl-43\/"},"modified":"2023-03-13T08:52:34","modified_gmt":"2023-03-13T07:52:34","slug":"appleton-estate-15-years-black-river-cask-70-cl-43","status":"publish","type":"product","link":"https:\/\/www.raschvin.com\/sv\/produkt\/appleton-estate-15-years-black-river-cask-70-cl-43\/","title":{"rendered":"Appleton Estate 15 Years Black River Cask 70 cl. 43%"},"content":{"rendered":"<p>Appleton Estate 15 Year Old \u00e4r en hyllning till den ikoniska Black River, k\u00e4llan till det kalkstensfiltrerade vattnet som anv\u00e4nds f\u00f6r att g\u00f6ra Appleton-rom.<br \/>\nDenna blandning av s\u00e4llsynta handutvalda gryt- och kolonnrom har alla lagrats i minst 15 \u00e5r i Jamaicas tropiska klimat.<br \/>\nUtseende:<br \/>\nKopparton med en gammal ring i honungsguld.<br \/>\nDe vackra f\u00e4rgerna utvecklades under minst 15 \u00e5rs \u00e5ldrande i tropikerna.<br \/>\nArom<br \/>\nDofter av rostad mandel och hasseln\u00f6t, f\u00f6ljt av toner av apelsinskal, vanilj och inslag av rostat kaffe och melass.<br \/>\nInga tillsatta smaker eller adjektiv beh\u00f6vs f\u00f6r att f\u00f6rklara en rom som talar f\u00f6r sig sj\u00e4lv.<\/p>\n","protected":false},"excerpt":{"rendered":"<p>Jamaica Premium Aged Rum<\/p>\n","protected":false},"featured_media":29044,"template":"","meta":{"_acf_changed":false,"rs_blank_template":"","rs_page_bg_color":"","slide_template_v7":""},"product_brand":[],"product_cat":[2387,4634,2391],"product_tag":[],"class_list":{"0":"post-24017","1":"product","2":"type-product","3":"status-publish","4":"has-post-thumbnail","6":"product_cat-avec-sv","7":"product_cat-premium-aged-sv","8":"product_cat-rom-sv","9":"pa_land-jamaica-sv","10":"pa_procent-43-sv","11":"pa_producent-appleton-estate-sv","12":"pa_volume-70-sv-2","14":"first","15":"instock","16":"taxable","17":"shipping-taxable","18":"purchasable","19":"product-type-simple"},"bundled_by":[],"bundle_stock_status":"instock","bundle_stock_quantity":null,"bundle_virtual":false,"bundle_layout":"","bundle_add_to_cart_form_location":"","bundle_editable_in_cart":false,"bundle_sold_individually_context":"","bundle_item_grouping":"","bundle_min_size":"","bundle_max_size":"","bundle_price":[],"bundled_items":[],"bundle_sell_ids":[],"acf":[],"_links":{"self":[{"href":"https:\/\/www.raschvin.com\/sv\/wp-json\/wp\/v2\/product\/24017","targetHints":{"allow":["GET"]}}],"collection":[{"href":"https:\/\/www.raschvin.com\/sv\/wp-json\/wp\/v2\/product"}],"about":[{"href":"https:\/\/www.raschvin.com\/sv\/wp-json\/wp\/v2\/types\/product"}],"wp:featuredmedia":[{"embeddable":true,"href":"https:\/\/www.raschvin.com\/sv\/wp-json\/wp\/v2\/media\/29044"}],"wp:attachment":[{"href":"https:\/\/www.raschvin.com\/sv\/wp-json\/wp\/v2\/media?parent=24017"}],"wp:term":[{"taxonomy":"product_brand","embeddable":true,"href":"https:\/\/www.raschvin.com\/sv\/wp-json\/wp\/v2\/product_brand?post=24017"},{"taxonomy":"product_cat","embeddable":true,"href":"https:\/\/www.raschvin.com\/sv\/wp-json\/wp\/v2\/product_cat?post=24017"},{"taxonomy":"product_tag","embeddable":true,"href":"https:\/\/www.raschvin.com\/sv\/wp-json\/wp\/v2\/product_tag?post=24017"}],"curies":[{"name":"wp","href":"https:\/\/api.w.org\/{rel}","templated":true}]}}