{"id":23808,"date":"2025-08-29T18:29:16","date_gmt":"2025-08-29T16:29:16","guid":{"rendered":"https:\/\/www.raschvin.com\/produkt\/julekalender-whisky-2021-24-days-of-whisky-2\/"},"modified":"2025-08-29T19:19:53","modified_gmt":"2025-08-29T17:19:53","slug":"julekalender-whisky-2021-24-days-of-whisky-2","status":"publish","type":"product","link":"https:\/\/www.raschvin.com\/sv\/produkt\/julekalender-whisky-2021-24-days-of-whisky-2\/","title":{"rendered":"2025 Julekalender Whisky &#8211; Whisky Mac 24&#215;2 cl. 45,25%"},"content":{"rendered":"<p>Julen n\u00e4rmar sig, och vad kan vara b\u00e4ttre \u00e4n att r\u00e4kna ner dagarna med ett glas god whisky? Mac Y\u2019s Whisky-julkalender 2025 inneh\u00e5ller 24 sm\u00e5 flaskor \u00e1 2 cl, noggrant utvalda fr\u00e5n destillerier runt om i v\u00e4rlden. H\u00e4r hittar du b\u00e5de single malt och single grain whisky fr\u00e5n v\u00e4lk\u00e4nda namn som Tomatin, Wilson &#038; Morgan och Lindores \u2013 en sann upplevelse f\u00f6r alla whisky\u00e4lskare.<\/p>\n<p>Varje dag i december kan du \u00f6ppna en ny lucka och l\u00e5ta dig \u00f6verraskas av dagens dram. Samtidigt kan du f\u00f6lja Mac Y\u2019s online-julkalender, d\u00e4r du f\u00e5r bakgrundsinformation, smaknoter och inspiration till hur whiskyn kan avnjutas p\u00e5 b\u00e4sta s\u00e4tt.<\/p>\n<p>Mac Y lanserar i \u00e5r flera olika julkalendrar, s\u00e5 det finns n\u00e5got f\u00f6r varje smak. F\u00f6rutom den klassiska whisky-kalendern kan du v\u00e4lja en lyxutg\u00e5va med exklusiva buteljeringar fr\u00e5n Wilson &#038; Morgan, en kalender fylld med bourbon &#038; rye fr\u00e5n USA samt kalendrar med gin, rom, portvin och sprit fr\u00e5n A.H. Riise och Old St. Croix.<\/p>\n<p>Oavsett vilken kalender du v\u00e4ljer \u00e4r du garanterad en st\u00e4mningsfull och smakrik december, fylld med nya upplevelser dag f\u00f6r dag.<\/p>\n","protected":false},"excerpt":{"rendered":"<p>Premium Whisky Giftpack-Calender<\/p>\n","protected":false},"featured_media":95723,"template":"","meta":{"_acf_changed":false,"rs_blank_template":"","rs_page_bg_color":"","slide_template_v7":""},"product_brand":[],"product_cat":[2387,2754,2753,4768,4463,4465,2758,4651,2392],"product_tag":[8642],"class_list":{"0":"post-23808","1":"product","2":"type-product","3":"status-publish","4":"has-post-thumbnail","6":"product_cat-avec-sv","7":"product_cat-foeretagspresenter","8":"product_cat-gaavor","9":"product_cat-irish-pot-still-sv","10":"product_cat-jul","11":"product_cat-julkalender","12":"product_cat-provsmakning-set","13":"product_cat-single-malt-sv","14":"product_cat-whisky-sv","15":"product_tag-1-sv","16":"pa_land-worldwide-sv","17":"pa_producent-mac-y-sv","18":"pa_volume-48-sv","20":"first","21":"instock","22":"sale","23":"taxable","24":"shipping-taxable","25":"purchasable","26":"product-type-simple"},"bundled_by":[],"bundle_stock_status":"instock","bundle_stock_quantity":0,"bundle_virtual":false,"bundle_layout":"","bundle_add_to_cart_form_location":"","bundle_editable_in_cart":false,"bundle_sold_individually_context":"","bundle_item_grouping":"","bundle_min_size":"","bundle_max_size":"","bundle_price":[],"bundled_items":[],"bundle_sell_ids":[],"acf":[],"_links":{"self":[{"href":"https:\/\/www.raschvin.com\/sv\/wp-json\/wp\/v2\/product\/23808","targetHints":{"allow":["GET"]}}],"collection":[{"href":"https:\/\/www.raschvin.com\/sv\/wp-json\/wp\/v2\/product"}],"about":[{"href":"https:\/\/www.raschvin.com\/sv\/wp-json\/wp\/v2\/types\/product"}],"wp:featuredmedia":[{"embeddable":true,"href":"https:\/\/www.raschvin.com\/sv\/wp-json\/wp\/v2\/media\/95723"}],"wp:attachment":[{"href":"https:\/\/www.raschvin.com\/sv\/wp-json\/wp\/v2\/media?parent=23808"}],"wp:term":[{"taxonomy":"product_brand","embeddable":true,"href":"https:\/\/www.raschvin.com\/sv\/wp-json\/wp\/v2\/product_brand?post=23808"},{"taxonomy":"product_cat","embeddable":true,"href":"https:\/\/www.raschvin.com\/sv\/wp-json\/wp\/v2\/product_cat?post=23808"},{"taxonomy":"product_tag","embeddable":true,"href":"https:\/\/www.raschvin.com\/sv\/wp-json\/wp\/v2\/product_tag?post=23808"}],"curies":[{"name":"wp","href":"https:\/\/api.w.org\/{rel}","templated":true}]}}