{"id":23805,"date":"2025-08-29T19:25:07","date_gmt":"2025-08-29T17:25:07","guid":{"rendered":"https:\/\/www.raschvin.com\/produkt\/mac-ys-julekalender-gin-2022\/"},"modified":"2025-08-29T19:39:13","modified_gmt":"2025-08-29T17:39:13","slug":"mac-ys-julekalender-gin-2022","status":"publish","type":"product","link":"https:\/\/www.raschvin.com\/sv\/produkt\/mac-ys-julekalender-gin-2022\/","title":{"rendered":"2025 Julekalender Gin \u2013 Gin Mac 24\u00d72 cl. 42,15%"},"content":{"rendered":"<p>G\u00f6r december elegant och minnesv\u00e4rd med Mac Y\u2019s Gin-julkalender \u2013 en uts\u00f6kt och l\u00e4rorik julnedr\u00e4kning. Kalendern inneh\u00e5ller 24 sm\u00e5 flaskor \u00e0 2 cl, noggrant utvalda gin fr\u00e5n sju l\u00e4nder: Skottland, England, Spanien, Norge, Danmark, Frankrike och Lettland.<br \/>\nTemat kretsar kring Tom Mac Calendar, som flyttade till London och byggde upp ett ginimperium. Nu \u00f6ppnar han sitt &#8221;Vault of Gins&#8221; f\u00f6r dig, f\u00f6r att njuta av en gin-cocktail varje decemberdag.<\/p>\n<p>L\u00e4ngst ner p\u00e5 kalendern finns en alfabetisk inneh\u00e5llsf\u00f6rteckning och en l\u00e4nk till en online-julkalender. D\u00e4r kan du dagligen \u00f6ppna en ny lucka och ta del av bakgrundsinformation, produktdetaljer och smakbeskrivningar \u2013 en kombination av n\u00f6je och l\u00e4rande.<\/p>\n<p>Utvalda producenter du f\u00e5r uppt\u00e4cka:<br \/>\nHayman\u2019s<br \/>\nWarner\u2019s<br \/>\nBerry\u2019s<br \/>\nAkori<br \/>\nCotswolds<br \/>\nCross Key<br \/>\nCubical<br \/>\nBareksten<br \/>\nFever Island<br \/>\nGenerous<br \/>\nMakar<br \/>\nSingular<br \/>\nTranquebar<br \/>\nWilliam Kerr\u2019s<\/p>\n<p>Med Mac Y\u2019s Gin-julkalender blir december en smakrik och ber\u00e4ttande resa \u2013 perfekt f\u00f6r b\u00e5de gin-nyb\u00f6rjaren och den erfarne smakutforskaren.<\/p>\n","protected":false},"excerpt":{"rendered":"<p>Premium Gin Giftpack Calender<\/p>\n","protected":false},"featured_media":95720,"template":"","meta":{"_acf_changed":false,"rs_blank_template":"","rs_page_bg_color":"","slide_template_v7":""},"product_brand":[],"product_cat":[4711,2754,2753,2404,4463,4465,2758,2402],"product_tag":[],"class_list":{"0":"post-23805","1":"product","2":"type-product","3":"status-publish","4":"has-post-thumbnail","6":"product_cat-andra-gins","7":"product_cat-foeretagspresenter","8":"product_cat-gaavor","9":"product_cat-gin-sv","10":"product_cat-jul","11":"product_cat-julkalender","12":"product_cat-provsmakning-set","13":"product_cat-sprit-sv","14":"pa_procent-42-15-sv","15":"pa_producent-mac-y-sv","16":"pa_volume-48-sv","18":"first","19":"instock","20":"sale","21":"taxable","22":"shipping-taxable","23":"purchasable","24":"product-type-simple"},"bundled_by":[],"bundle_stock_status":"instock","bundle_stock_quantity":null,"bundle_virtual":false,"bundle_layout":"","bundle_add_to_cart_form_location":"","bundle_editable_in_cart":false,"bundle_sold_individually_context":"","bundle_item_grouping":"","bundle_min_size":"","bundle_max_size":"","bundle_price":[],"bundled_items":[],"bundle_sell_ids":[],"acf":[],"_links":{"self":[{"href":"https:\/\/www.raschvin.com\/sv\/wp-json\/wp\/v2\/product\/23805","targetHints":{"allow":["GET"]}}],"collection":[{"href":"https:\/\/www.raschvin.com\/sv\/wp-json\/wp\/v2\/product"}],"about":[{"href":"https:\/\/www.raschvin.com\/sv\/wp-json\/wp\/v2\/types\/product"}],"wp:featuredmedia":[{"embeddable":true,"href":"https:\/\/www.raschvin.com\/sv\/wp-json\/wp\/v2\/media\/95720"}],"wp:attachment":[{"href":"https:\/\/www.raschvin.com\/sv\/wp-json\/wp\/v2\/media?parent=23805"}],"wp:term":[{"taxonomy":"product_brand","embeddable":true,"href":"https:\/\/www.raschvin.com\/sv\/wp-json\/wp\/v2\/product_brand?post=23805"},{"taxonomy":"product_cat","embeddable":true,"href":"https:\/\/www.raschvin.com\/sv\/wp-json\/wp\/v2\/product_cat?post=23805"},{"taxonomy":"product_tag","embeddable":true,"href":"https:\/\/www.raschvin.com\/sv\/wp-json\/wp\/v2\/product_tag?post=23805"}],"curies":[{"name":"wp","href":"https:\/\/api.w.org\/{rel}","templated":true}]}}