{"id":21936,"date":"2024-09-09T19:03:11","date_gmt":"2024-09-09T17:03:11","guid":{"rendered":"https:\/\/www.raschvin.com\/vare\/dansk-mjoed-fadlagret\/"},"modified":"2023-09-07T20:27:59","modified_gmt":"2023-09-07T18:27:59","slug":"dansk-mjoed-fadlagret","status":"publish","type":"product","link":"https:\/\/www.raschvin.com\/sv\/produkt\/dansk-mjoed-fadlagret\/","title":{"rendered":"Dansk Mj\u00f8d &#8211; Fadlagret 75 cl. 19%"},"content":{"rendered":"<p>Danskt mj\u00f6dfat i \u00e5ldern 19%. F\u00f6r att skapa denna mj\u00f6d har vi kombinerat den traditionella bryggan med olika kryddor. F\u00f6rutom f\u00e4rgen ger detta mj\u00f6den en kryddig, aromatisk och blommig eftersmak. Denna mj\u00f6d lagras ocks\u00e5 p\u00e5 fransk ek i minst 6 m\u00e5nader.<\/p>\n","protected":false},"excerpt":{"rendered":"<p>Danish Oak Aged Mead<\/p>\n","protected":false},"featured_media":40574,"template":"","meta":{"_acf_changed":false,"rs_blank_template":"","rs_page_bg_color":"","slide_template_v7":""},"product_brand":[],"product_cat":[4427],"product_tag":[],"class_list":{"0":"post-21936","1":"product","2":"type-product","3":"status-publish","4":"has-post-thumbnail","6":"product_cat-mjod","7":"pa_land-danmark-sv","8":"pa_procent-19-sv","9":"pa_producent-dansk-mjoed-sv","10":"pa_region-billund-sv","11":"pa_volume-75-sv","13":"first","14":"instock","15":"sale","16":"taxable","17":"shipping-taxable","18":"purchasable","19":"product-type-simple"},"bundled_by":[],"bundle_stock_status":"instock","bundle_stock_quantity":null,"bundle_virtual":false,"bundle_layout":"","bundle_add_to_cart_form_location":"","bundle_editable_in_cart":false,"bundle_sold_individually_context":"","bundle_item_grouping":"","bundle_min_size":"","bundle_max_size":"","bundle_price":[],"bundled_items":[],"bundle_sell_ids":[],"acf":[],"_links":{"self":[{"href":"https:\/\/www.raschvin.com\/sv\/wp-json\/wp\/v2\/product\/21936","targetHints":{"allow":["GET"]}}],"collection":[{"href":"https:\/\/www.raschvin.com\/sv\/wp-json\/wp\/v2\/product"}],"about":[{"href":"https:\/\/www.raschvin.com\/sv\/wp-json\/wp\/v2\/types\/product"}],"wp:featuredmedia":[{"embeddable":true,"href":"https:\/\/www.raschvin.com\/sv\/wp-json\/wp\/v2\/media\/40574"}],"wp:attachment":[{"href":"https:\/\/www.raschvin.com\/sv\/wp-json\/wp\/v2\/media?parent=21936"}],"wp:term":[{"taxonomy":"product_brand","embeddable":true,"href":"https:\/\/www.raschvin.com\/sv\/wp-json\/wp\/v2\/product_brand?post=21936"},{"taxonomy":"product_cat","embeddable":true,"href":"https:\/\/www.raschvin.com\/sv\/wp-json\/wp\/v2\/product_cat?post=21936"},{"taxonomy":"product_tag","embeddable":true,"href":"https:\/\/www.raschvin.com\/sv\/wp-json\/wp\/v2\/product_tag?post=21936"}],"curies":[{"name":"wp","href":"https:\/\/api.w.org\/{rel}","templated":true}]}}