{"id":21908,"date":"2022-06-16T13:34:52","date_gmt":"2022-06-16T11:34:52","guid":{"rendered":"https:\/\/www.raschvin.com\/vare\/the-secretary-bird-sauvignon-blanc\/"},"modified":"2026-01-23T09:27:41","modified_gmt":"2026-01-23T08:27:41","slug":"the-secretary-bird-sauvignon-blanc","status":"publish","type":"product","link":"https:\/\/www.raschvin.com\/sv\/produkt\/the-secretary-bird-sauvignon-blanc\/","title":{"rendered":"The Secretary Bird &#8211; Reserve Sauvignon Blanc 75 cl."},"content":{"rendered":"<p>Den &#8221;sekreteraref\u00e5glar&#8221; \u00e4r utm\u00e4rkt valuta f\u00f6r pengarna och representerar i det b\u00e4sta av Sydafrikas vilda djurliv, h\u00e4r kanske i en liten &#8221;Wild&#8221; -utg\u00e5va.<\/p>\n<p>Winemaker Robin Naylor i v\u00e4stra Kap som finns i inspektionen av ving\u00e5rdarna en sekreterare f\u00e5gel vandrade runt mellan vinstockarna och best\u00e4mde sig f\u00f6r att kallas &#8221;sekreterare f\u00e5gel&#8221;.<\/p>\n<p>Druvorna fr\u00e5n detta kustomr\u00e5de, med positivt inflytande och kylning fr\u00e5n havet, sk\u00f6rdas tidigt p\u00e5 morgonen och kommer omedelbart till den vinnande och j\u00e4sning av temperaturstyrda st\u00e5ltankar. Spara efter fermentering ofiltrerad tills tapning, f\u00f6r optimal koncentration av smak\u00e4mnena.<\/p>\n<p>Otroligt intensiv och super-aromatisk Sauvignion Blanc med stor doft av gr\u00e4s, \u00e4ldreb\u00e4r, citrus och exotisk frukt.<\/p>\n<p>Torka, krispiga och f\u00e4rska, \u00e5tnj\u00f6t det b\u00e4st p\u00e5 ca. 8 \u00b0.<\/p>\n","protected":false},"excerpt":{"rendered":"<p>Western Cape South Africa<\/p>\n","protected":false},"featured_media":114002,"template":"","meta":{"_acf_changed":false,"rs_blank_template":"","rs_page_bg_color":"","slide_template_v7":""},"product_brand":[],"product_cat":[2788,2792],"product_tag":[],"class_list":{"0":"post-21908","1":"product","2":"type-product","3":"status-publish","4":"has-post-thumbnail","6":"product_cat-vin-sv","7":"product_cat-vitt-vin","8":"pa_drue-sauvignon-blanc-sv","9":"pa_land-sydafrika-sv","10":"pa_procent-13-sv","11":"pa_region-western-cape-sv","12":"pa_serveringstemperatur-8-sv","13":"pa_volume-75-sv","15":"first","16":"instock","17":"taxable","18":"shipping-taxable","19":"purchasable","20":"product-type-simple"},"bundled_by":[],"bundle_stock_status":"instock","bundle_stock_quantity":null,"bundle_virtual":false,"bundle_layout":"","bundle_add_to_cart_form_location":"","bundle_editable_in_cart":false,"bundle_sold_individually_context":"","bundle_item_grouping":"","bundle_min_size":"","bundle_max_size":"","bundle_price":[],"bundled_items":[],"bundle_sell_ids":[],"acf":[],"_links":{"self":[{"href":"https:\/\/www.raschvin.com\/sv\/wp-json\/wp\/v2\/product\/21908","targetHints":{"allow":["GET"]}}],"collection":[{"href":"https:\/\/www.raschvin.com\/sv\/wp-json\/wp\/v2\/product"}],"about":[{"href":"https:\/\/www.raschvin.com\/sv\/wp-json\/wp\/v2\/types\/product"}],"wp:featuredmedia":[{"embeddable":true,"href":"https:\/\/www.raschvin.com\/sv\/wp-json\/wp\/v2\/media\/114002"}],"wp:attachment":[{"href":"https:\/\/www.raschvin.com\/sv\/wp-json\/wp\/v2\/media?parent=21908"}],"wp:term":[{"taxonomy":"product_brand","embeddable":true,"href":"https:\/\/www.raschvin.com\/sv\/wp-json\/wp\/v2\/product_brand?post=21908"},{"taxonomy":"product_cat","embeddable":true,"href":"https:\/\/www.raschvin.com\/sv\/wp-json\/wp\/v2\/product_cat?post=21908"},{"taxonomy":"product_tag","embeddable":true,"href":"https:\/\/www.raschvin.com\/sv\/wp-json\/wp\/v2\/product_tag?post=21908"}],"curies":[{"name":"wp","href":"https:\/\/api.w.org\/{rel}","templated":true}]}}