{"id":21906,"date":"2022-06-16T13:34:52","date_gmt":"2022-06-16T11:34:52","guid":{"rendered":"https:\/\/www.raschvin.com\/vare\/the-secretary-bird-rose\/"},"modified":"2022-12-11T14:02:31","modified_gmt":"2022-12-11T13:02:31","slug":"the-secretary-bird-rose","status":"publish","type":"product","link":"https:\/\/www.raschvin.com\/sv\/produkt\/the-secretary-bird-rose\/","title":{"rendered":"The Secretary Bird &#8211; Ros\u00e9 75 cl."},"content":{"rendered":"<p>&#8221;Sekreteraren f\u00e5gel&#8221; \u00e4r utm\u00e4rkt valuta f\u00f6r pengarna fr\u00e5n v\u00e4stra Kap i Sydafrika, d\u00e4r Winemager, Robin Naylor, genom att inspektera ving\u00e5rdarna, fann en sekreterare f\u00e5gel som gick runt mellan vinstockarna och best\u00e4mde att vinet fr\u00e5n dessa juice av dessa juice skulle vara kallad &#8221;sekreterare f\u00e5gel&#8221;.<\/p>\n<p>Druvorna fr\u00e5n detta kustomr\u00e5de, med positivt inflytande och kylning fr\u00e5n havet, sk\u00f6rdas tidigt p\u00e5 morgonen och kommer omedelbart till den vinnande och j\u00e4sning av temperaturstyrda st\u00e5ltankar.<\/p>\n<p>R\u00e5materialet f\u00f6r dessa f\u00e4rska ros\u00e9datum fr\u00e5n Old Cinsault &#8221;Bush Vines&#8221; vinstockar, dvs. odlas frittst\u00e5ende utan bindning.<\/p>\n<p>Sekreterare f\u00e5gel ros\u00e9 \u00e4r en saftig och fruktig ros\u00e9 p\u00e5 hand sk\u00f6rdade druvor med en intensiv n\u00e4sa av r\u00f6da b\u00e4r (hallon och jordgubbar) med en l\u00e4ttblommig s\u00e4song. Mestadels torr, men med ett snygg fruktbr\u00f6d.<\/p>\n<p>Njut av den coola som aperitif eller som f\u00f6ljeslagare f\u00f6r l\u00e4ttare r\u00e4tter.<\/p>\n","protected":false},"excerpt":{"rendered":"<p>Western Cape South Africa<\/p>\n","protected":false},"featured_media":113705,"template":"","meta":{"_acf_changed":false,"rs_blank_template":"","rs_page_bg_color":"","slide_template_v7":""},"product_brand":[],"product_cat":[2788,2796],"product_tag":[],"class_list":{"0":"post-21906","1":"product","2":"type-product","3":"status-publish","4":"has-post-thumbnail","6":"product_cat-vin-sv","7":"product_cat-rosevin-sv","8":"pa_drue-cinsault-sv","9":"pa_land-sydafrika-sv","10":"pa_procent-11-5-sv","11":"pa_region-western-cape-sv","12":"pa_serveringstemperatur-9-12-sv","13":"pa_volume-75-sv","15":"first","16":"instock","17":"taxable","18":"shipping-taxable","19":"purchasable","20":"product-type-simple"},"bundled_by":["120295"],"bundle_stock_status":"instock","bundle_stock_quantity":null,"bundle_virtual":false,"bundle_layout":"","bundle_add_to_cart_form_location":"","bundle_editable_in_cart":false,"bundle_sold_individually_context":"","bundle_item_grouping":"","bundle_min_size":"","bundle_max_size":"","bundle_price":[],"bundled_items":[],"bundle_sell_ids":[],"acf":[],"_links":{"self":[{"href":"https:\/\/www.raschvin.com\/sv\/wp-json\/wp\/v2\/product\/21906","targetHints":{"allow":["GET"]}}],"collection":[{"href":"https:\/\/www.raschvin.com\/sv\/wp-json\/wp\/v2\/product"}],"about":[{"href":"https:\/\/www.raschvin.com\/sv\/wp-json\/wp\/v2\/types\/product"}],"wp:featuredmedia":[{"embeddable":true,"href":"https:\/\/www.raschvin.com\/sv\/wp-json\/wp\/v2\/media\/113705"}],"wp:attachment":[{"href":"https:\/\/www.raschvin.com\/sv\/wp-json\/wp\/v2\/media?parent=21906"}],"wp:term":[{"taxonomy":"product_brand","embeddable":true,"href":"https:\/\/www.raschvin.com\/sv\/wp-json\/wp\/v2\/product_brand?post=21906"},{"taxonomy":"product_cat","embeddable":true,"href":"https:\/\/www.raschvin.com\/sv\/wp-json\/wp\/v2\/product_cat?post=21906"},{"taxonomy":"product_tag","embeddable":true,"href":"https:\/\/www.raschvin.com\/sv\/wp-json\/wp\/v2\/product_tag?post=21906"}],"curies":[{"name":"wp","href":"https:\/\/api.w.org\/{rel}","templated":true}]}}