{"id":21898,"date":"2022-06-16T13:34:52","date_gmt":"2022-06-16T11:34:52","guid":{"rendered":"https:\/\/www.raschvin.com\/vare\/tio-pepe-100-cl-palomini-fino\/"},"modified":"2022-12-11T14:32:34","modified_gmt":"2022-12-11T13:32:34","slug":"tio-pepe-100-cl-palomini-fino","status":"publish","type":"product","link":"https:\/\/www.raschvin.com\/sv\/produkt\/tio-pepe-100-cl-palomini-fino\/","title":{"rendered":"Tio Pepe Palomini Fino 100 cl. 15%"},"content":{"rendered":"<p>Tio Pepe \u00e4r en torr, elegant och underbar &#8221;fino&#8221; sherry som \u00e4r typbeteckningen f\u00f6r en mycket torr sherry fr\u00e5n s\u00f6dra Spanien. Torr, delikat och fin smak, med en str\u00e5n av f\u00e4rg och en elegant men karakteristisk blommablomma. B\u00f6r alltid serveras iskallt.<\/p>\n<p>Den perfekta aperitifen eller som f\u00f6ljeslagare till fisk eller skaldjur. Tio Pepe produceras endast av Palomino-druvan, som odlas i mycket kalkiskt land p\u00e5 de b\u00e4sta ving\u00e5rdarna.<\/p>\n<p>Lagras p\u00e5 amerikansk ek.<\/p>\n<p>Tio Pepe Sherrys historia g\u00e5r tillbaka till 1835, d\u00e4r Manuel Maria Gonzalez, det var en ambiti\u00f6s 23-\u00e5rig, fick hj\u00e4lp fr\u00e5n sin farbror Jos\u00e9 Angel de la Pena, k\u00e4nd som Pepe, f\u00f6r att producera en sherry och starta f\u00f6retaget som senare v\u00e4nde Gonzalez Byass .<\/p>\n<p>Tio Pepe \u00e4r uppkallad efter att manuels farbror Pepe, Tio betyder farbror p\u00e5 spanska.<\/p>\n","protected":false},"excerpt":{"rendered":"<p>Jererz Sherry &#8211; Fino Muy Seco<\/p>\n","protected":false},"featured_media":20510,"template":"","meta":{"_acf_changed":false,"rs_blank_template":"","rs_page_bg_color":"","slide_template_v7":""},"product_brand":[],"product_cat":[2765,2766],"product_tag":[],"class_list":{"0":"post-21898","1":"product","2":"type-product","3":"status-publish","4":"has-post-thumbnail","6":"product_cat-hedvin-sv","7":"product_cat-koersbaer","8":"pa_drue-palomino-sv","9":"pa_land-spanien-sv","10":"pa_procent-15-sv","11":"pa_region-jerez-sv","12":"pa_serveringstemperatur-10-12-sv-2","13":"pa_volume-100-sv","15":"first","16":"instock","17":"sale","18":"taxable","19":"shipping-taxable","20":"purchasable","21":"product-type-simple"},"bundled_by":[],"bundle_stock_status":"instock","bundle_stock_quantity":null,"bundle_virtual":false,"bundle_layout":"","bundle_add_to_cart_form_location":"","bundle_editable_in_cart":false,"bundle_sold_individually_context":"","bundle_item_grouping":"","bundle_min_size":"","bundle_max_size":"","bundle_price":[],"bundled_items":[],"bundle_sell_ids":[],"acf":[],"_links":{"self":[{"href":"https:\/\/www.raschvin.com\/sv\/wp-json\/wp\/v2\/product\/21898","targetHints":{"allow":["GET"]}}],"collection":[{"href":"https:\/\/www.raschvin.com\/sv\/wp-json\/wp\/v2\/product"}],"about":[{"href":"https:\/\/www.raschvin.com\/sv\/wp-json\/wp\/v2\/types\/product"}],"wp:featuredmedia":[{"embeddable":true,"href":"https:\/\/www.raschvin.com\/sv\/wp-json\/wp\/v2\/media\/20510"}],"wp:attachment":[{"href":"https:\/\/www.raschvin.com\/sv\/wp-json\/wp\/v2\/media?parent=21898"}],"wp:term":[{"taxonomy":"product_brand","embeddable":true,"href":"https:\/\/www.raschvin.com\/sv\/wp-json\/wp\/v2\/product_brand?post=21898"},{"taxonomy":"product_cat","embeddable":true,"href":"https:\/\/www.raschvin.com\/sv\/wp-json\/wp\/v2\/product_cat?post=21898"},{"taxonomy":"product_tag","embeddable":true,"href":"https:\/\/www.raschvin.com\/sv\/wp-json\/wp\/v2\/product_tag?post=21898"}],"curies":[{"name":"wp","href":"https:\/\/api.w.org\/{rel}","templated":true}]}}