{"id":21872,"date":"2022-06-16T13:33:31","date_gmt":"2022-06-16T11:33:31","guid":{"rendered":"https:\/\/www.raschvin.com\/vare\/domaine-du-pre-semele-sancerre-rose\/"},"modified":"2026-01-30T07:34:38","modified_gmt":"2026-01-30T06:34:38","slug":"domaine-du-pre-semele-sancerre-rose","status":"publish","type":"product","link":"https:\/\/www.raschvin.com\/sv\/produkt\/domaine-du-pre-semele-sancerre-rose\/","title":{"rendered":"Domaine du Pr\u00e9 Semel\u00e9 Sancerre Ros\u00e9 Mainbr\u00e9 2024 75 cl."},"content":{"rendered":"<p data-start=\"11\" data-end=\"162\">Sancerre Ros\u00e9 \u201dMainbr\u00e9\u201d kommer fr\u00e5n omr\u00e5det runt byn Maimbray, vars ving\u00e5rdsl\u00e4gen utg\u00f6r grunden f\u00f6r vinet. Mainbr\u00e9 \u00e4r den gamla stavningen av Maimbray.<\/p>\n<p data-start=\"164\" data-end=\"759\">Domaine du Pr\u00e9 Semel\u00e9 \u00e4r en mindre, familje\u00e4gd ving\u00e5rd bel\u00e4gen cirka fem kilometer norr om staden Sancerre, d\u00e4r fj\u00e4rde generationen idag leder arbetet. Den nya generationen har inte bara f\u00f6rvandlat vinerna: Juli\u00e9n &amp; Cl\u00e9ment Raimbault har ett kompromissl\u00f6st fokus p\u00e5 h\u00e5llbarhet och terroir. Man har l\u00e4nge odlat ekologiskt, och fr\u00e5n 2023 \u00e4r alla viner ekologiskt certifierade. S\u00e4rskilt \u00f6verg\u00e5ngen fr\u00e5n odlad j\u00e4st till att enbart anv\u00e4nda naturlig j\u00e4st (via pied de cuve) har f\u00f6r\u00e4ndrat vinernas uttryck \u2013 de upplevs mindre explosivt aromatiska men har i geng\u00e4ld betydligt mer finess och mineralitet.<\/p>\n<p data-start=\"761\" data-end=\"1156\">Egendomen har tv\u00e5 hektar t\u00e4tt planterad pinot noir p\u00e5 de mest lerhaltiga parcellerna i en i \u00f6vrigt kalkrik och stenig jordm\u00e5n. Denna ros\u00e9 \u00e4r kallj\u00e4st med naturlig j\u00e4st i st\u00e5ltank efter en kort maceration och tv\u00e5 och en halv timmes varsam pressning i membranpress. D\u00e4refter har vinet lagrats p\u00e5 st\u00e5ltank tillsammans med j\u00e4stf\u00e4llningen fram till v\u00e5ren, d\u00e5 det buteljerats efter en l\u00e4tt filtrering.<\/p>\n<p data-start=\"1158\" data-end=\"1513\">I glaset m\u00f6ts vi av fina nyanser av r\u00f6da b\u00e4r med en underliggande mineralitet. Smaken \u00e4r torr och elegant med h\u00e4rlig friskhet och livlighet, och aromerna bjuder p\u00e5 sommarens r\u00f6da b\u00e4r. Det h\u00e4r \u00e4r en \u201dvuxenros\u00e9\u201d d\u00e4r frukten betonar elegans och ursprung snarare \u00e4n full gas \u2013 och ibland \u00e4r det precis vad som beh\u00f6vs, s\u00e4rskilt n\u00e4r ros\u00e9 ska fungera som matvin.<\/p>\n<p data-start=\"1515\" data-end=\"1730\">Serveras b\u00e4st vid cirka 8\u201310 \u00b0C (inte iskall fr\u00e5n kylsk\u00e5pet), g\u00e4rna till lax, havs\u00f6ring, makrill eller andra feta fiskar \u2013 men prova den ocks\u00e5 till en matig sallad, paella, bouillabaisse eller till ljusa k\u00f6ttr\u00e4tter.<\/p>\n","protected":false},"excerpt":{"rendered":"<p>Julien &#038; Cl\u00e9ment Raimbault &#8211; France<\/p>\n","protected":false},"featured_media":114566,"template":"","meta":{"_acf_changed":false,"rs_blank_template":"","rs_page_bg_color":"","slide_template_v7":""},"product_brand":[],"product_cat":[2788,2796],"product_tag":[],"class_list":{"0":"post-21872","1":"product","2":"type-product","3":"status-publish","4":"has-post-thumbnail","6":"product_cat-vin-sv","7":"product_cat-rosevin-sv","8":"pa_aargang-2024-sv","9":"pa_drue-pinot-noir-sv","10":"pa_land-frankrike","11":"pa_procent-13-sv","12":"pa_producent-roger-et-didier-raimbault-sv","13":"pa_region-sancerre-sv","14":"pa_serveringstemperatur-8-10-sv","15":"pa_volume-75-sv","17":"first","18":"instock","19":"taxable","20":"shipping-taxable","21":"purchasable","22":"product-type-simple"},"bundled_by":[],"bundle_stock_status":"instock","bundle_stock_quantity":null,"bundle_virtual":false,"bundle_layout":"","bundle_add_to_cart_form_location":"","bundle_editable_in_cart":false,"bundle_sold_individually_context":"","bundle_item_grouping":"","bundle_min_size":"","bundle_max_size":"","bundle_price":[],"bundled_items":[],"bundle_sell_ids":[],"acf":[],"_links":{"self":[{"href":"https:\/\/www.raschvin.com\/sv\/wp-json\/wp\/v2\/product\/21872","targetHints":{"allow":["GET"]}}],"collection":[{"href":"https:\/\/www.raschvin.com\/sv\/wp-json\/wp\/v2\/product"}],"about":[{"href":"https:\/\/www.raschvin.com\/sv\/wp-json\/wp\/v2\/types\/product"}],"wp:featuredmedia":[{"embeddable":true,"href":"https:\/\/www.raschvin.com\/sv\/wp-json\/wp\/v2\/media\/114566"}],"wp:attachment":[{"href":"https:\/\/www.raschvin.com\/sv\/wp-json\/wp\/v2\/media?parent=21872"}],"wp:term":[{"taxonomy":"product_brand","embeddable":true,"href":"https:\/\/www.raschvin.com\/sv\/wp-json\/wp\/v2\/product_brand?post=21872"},{"taxonomy":"product_cat","embeddable":true,"href":"https:\/\/www.raschvin.com\/sv\/wp-json\/wp\/v2\/product_cat?post=21872"},{"taxonomy":"product_tag","embeddable":true,"href":"https:\/\/www.raschvin.com\/sv\/wp-json\/wp\/v2\/product_tag?post=21872"}],"curies":[{"name":"wp","href":"https:\/\/api.w.org\/{rel}","templated":true}]}}