{"id":21870,"date":"2022-06-16T13:33:31","date_gmt":"2022-06-16T11:33:31","guid":{"rendered":"https:\/\/www.raschvin.com\/vare\/les-peyrautins-pinot-noir-rose\/"},"modified":"2026-01-30T07:29:06","modified_gmt":"2026-01-30T06:29:06","slug":"les-peyrautins-pinot-noir-rose","status":"publish","type":"product","link":"https:\/\/www.raschvin.com\/sv\/produkt\/les-peyrautins-pinot-noir-rose\/","title":{"rendered":"Les Peyrautins Pinot Noir Ros\u00e9 2024 75 cl."},"content":{"rendered":"<p>Detta \u00e4r bra, s\u00f6dra franska ros\u00e9 p\u00e5 pinot noir druva; Vinet \u00e4r s\u00e5 bra att den raffinerade karakt\u00e4ren av druvan \u00e4r intakt i ett rundat, gott vin som \u00e4r trevligt torrt.<\/p>\n<p>Les Peyrautins Ros\u00e9 \u00e4r en motvillig, opretenti\u00f6s och trevlig storlek. Det \u00e4r varken v\u00e5ldsamt eller dramatiskt, men \u00e5 andra sidan, elegant och charmigt, som h\u00e5lls i en bekv\u00e4m torr stil med kr\u00e4miga initiativ.<\/p>\n<p>Druvorna kommer f\u00f6retr\u00e4desvis fr\u00e5n inlandet till den bef\u00e4sta sydv\u00e4stra franska staden, Carcassonne, som inte bara \u00e4r geopolitisk strategisk, men ocks\u00e5 klimatiskt gynnsam iFt.Vinavl. Ett annars varmt medelhavsklimat \u00e4r h\u00e4rdat h\u00e4r av coola vindar fr\u00e5n Atlanten, CERs fr\u00e5n norr och marin fr\u00e5n Medelhavet, vilket samtidigt minskar behovet av anv\u00e4ndning av bek\u00e4mpningsmedel avsev\u00e4rt.<\/p>\n<p>Denna ros\u00e9version av Pinot Noir \u00e4r k\u00e4nslig lax med b\u00e4rare av jordgubbar, vattenmelon med blomstrade anteckningar en kr\u00e4mig, l\u00e4tt fullhet och silkeslen.<\/p>\n<p>\u00c4ndrad 13% alkohol d\u00e4mpar chatters och tillsammans med den milda frukten ger det ett uttalat l\u00e4ttvin.<\/p>\n<p>P\u00e5 varma dagar njuter vinet, s\u00e5 det verkar vara munnen, medan maten ska betj\u00e4na det runt 8-11 \u00b0.<\/p>\n","protected":false},"excerpt":{"rendered":"<p>Pays d&#8217;Oc &#8211; France<\/p>\n","protected":false},"featured_media":20337,"template":"","meta":{"_acf_changed":false,"rs_blank_template":"","rs_page_bg_color":"","slide_template_v7":""},"product_brand":[],"product_cat":[2788,2796],"product_tag":[],"class_list":{"0":"post-21870","1":"product","2":"type-product","3":"status-publish","4":"has-post-thumbnail","6":"product_cat-vin-sv","7":"product_cat-rosevin-sv","8":"pa_aargang-2024-sv","9":"pa_drue-pinot-noir-sv","10":"pa_land-frankrike","11":"pa_procent-13-sv","12":"pa_producent-lgi-wines-sv","13":"pa_region-carcassonne-sv","14":"pa_serveringstemperatur-8-10-sv","15":"pa_volume-75-sv","17":"first","18":"instock","19":"taxable","20":"shipping-taxable","21":"purchasable","22":"product-type-simple"},"bundled_by":["120289"],"bundle_stock_status":"instock","bundle_stock_quantity":null,"bundle_virtual":false,"bundle_layout":"","bundle_add_to_cart_form_location":"","bundle_editable_in_cart":false,"bundle_sold_individually_context":"","bundle_item_grouping":"","bundle_min_size":"","bundle_max_size":"","bundle_price":[],"bundled_items":[],"bundle_sell_ids":[],"acf":[],"_links":{"self":[{"href":"https:\/\/www.raschvin.com\/sv\/wp-json\/wp\/v2\/product\/21870","targetHints":{"allow":["GET"]}}],"collection":[{"href":"https:\/\/www.raschvin.com\/sv\/wp-json\/wp\/v2\/product"}],"about":[{"href":"https:\/\/www.raschvin.com\/sv\/wp-json\/wp\/v2\/types\/product"}],"wp:featuredmedia":[{"embeddable":true,"href":"https:\/\/www.raschvin.com\/sv\/wp-json\/wp\/v2\/media\/20337"}],"wp:attachment":[{"href":"https:\/\/www.raschvin.com\/sv\/wp-json\/wp\/v2\/media?parent=21870"}],"wp:term":[{"taxonomy":"product_brand","embeddable":true,"href":"https:\/\/www.raschvin.com\/sv\/wp-json\/wp\/v2\/product_brand?post=21870"},{"taxonomy":"product_cat","embeddable":true,"href":"https:\/\/www.raschvin.com\/sv\/wp-json\/wp\/v2\/product_cat?post=21870"},{"taxonomy":"product_tag","embeddable":true,"href":"https:\/\/www.raschvin.com\/sv\/wp-json\/wp\/v2\/product_tag?post=21870"}],"curies":[{"name":"wp","href":"https:\/\/api.w.org\/{rel}","templated":true}]}}