{"id":21868,"date":"2022-06-16T13:32:54","date_gmt":"2022-06-16T11:32:54","guid":{"rendered":"https:\/\/www.raschvin.com\/vare\/7-deadly-zins-old-vine-zinfandel\/"},"modified":"2025-11-08T13:57:50","modified_gmt":"2025-11-08T12:57:50","slug":"7-deadly-zins-old-vine-zinfandel","status":"publish","type":"product","link":"https:\/\/www.raschvin.com\/sv\/produkt\/7-deadly-zins-old-vine-zinfandel\/","title":{"rendered":"7 Deadly Zins Old Vine Zinfandel 75 cl."},"content":{"rendered":"<p>7 D\u00f6dliga zins \u00e4r en zinfandel med gasen i botten, \u00f6verd\u00e5dig, uts\u00f6kt och sexig. H\u00e4r \u00e4r mulberry, m\u00f6rka k\u00f6rsb\u00e4r och peppar f\u00f6r full blowout.<\/p>\n<p>Detta vackra vin sk\u00f6rdar alltid bra recensioner. Senast har vinet f\u00e5tt toppm\u00e4rken i Vitavis.<\/p>\n<p>\u2605\u2605\u2605\u2605\u2605 5 stj\u00e4rnor Vinavisen<\/p>\n<p>Omr\u00e5det och tillverkaren:<br \/>\nVi hittar Lodi-omr\u00e5det (uttalat Lohd-\u00f6ga) \u00f6ster om den stora staden San Francisco n\u00e4ra Sacramento River. Lodi \u00e4r d\u00e4rmed bel\u00e4get i den kaliforniska vinregionen Central Valley, ett omr\u00e5de som k\u00e4nnetecknas av v\u00e4ldr\u00e4nerade markar och ett n\u00e4stan medelhavsklimat. Omr\u00e5det erbjuder cool morgondimma och v\u00e4rme dagtid med mycket sol exponering, vilket \u00e4r optimala f\u00f6ruts\u00e4ttningar f\u00f6r zinfandel druva. Klimatf\u00f6rh\u00e5llandena i omr\u00e5det inneb\u00e4r att druvorna \u00e4r mogna l\u00e5ngsamt och d\u00e4rmed uppn\u00e5 h\u00f6g intensitet, en trevlig intensiv f\u00e4rg och en h\u00e4rlig fruktkarakt\u00e4r.<\/p>\n<p>De tv\u00e5 br\u00f6derna Michael och David Phillips faller fr\u00e5n en familj av b\u00f6nder som har vuxit druvor i Lodi-omr\u00e5det i Kalifornien p\u00e5 n\u00e4stan ett sekel. Idag ut\u00f6kas familjef\u00f6retaget med 6. Generation Kevin Phillips och Melissa Phillips Stroud. Familjen forts\u00e4tter traditionen att producera h\u00f6gkvalitativa viner med i\u00f6gonfallande och unika etiketter.<\/p>\n<p>Michael David Winery bedriver jordbruk med respekt f\u00f6r kommande generationer och har genomf\u00f6rt n\u00e5gra av de mest progressiva och h\u00e5llbara jordbruksmetoderna i Kalifornien. Familjen odlar vin av 300 hektar och alla Lodi druvor fr\u00e5n Michael David Winery Certifierbara h\u00e5llbara.<\/p>\n<p>&#8221;I sex generationer har vi satt v\u00e5r sj\u00e4l i att odla de finaste druvorna s\u00e5 att alla heliga och syndare kan njuta av de 7 d\u00f6dliga zinsna.&#8221;<\/p>\n<p>Vinet:<br \/>\n7 D\u00f6dliga zins \u00e4r p\u00e5 Rich 15%, och \u00e4r gjord p\u00e5 Zinfandel druvor blandade en liten petit sirah. Kvaliteten p\u00e5 druvorna f\u00f6r 7 d\u00f6dliga zins \u00e4r i toppen och v\u00e4dret i Lodi \u00e4r gynnsamt f\u00f6r tillv\u00e4xten. Ganska lite regn men \u00e5 andra sidan, massor av varma dagar och kalla n\u00e4tter under sk\u00f6rdperioden.<\/p>\n<p>I glaset:<br \/>\n7 d\u00f6dliga zins \u00e4r syndiga och n\u00e4stan stygga l\u00e4ckra. En frestelse fr\u00e5n f\u00f6rsta droppe. Kanske ligger det i den katolska skolans uppv\u00e4xt av de tv\u00e5 br\u00f6derna Michael och David eller deras f\u00f6rk\u00e4rlek f\u00f6r de \u00f6nskv\u00e4rda f\u00f6rf\u00f6riska vinerna. Michael och Davids flaggskepp \u00e4r gamla vinstockar Zinfandel, h\u00e4rledd fr\u00e5n Lodi, d\u00e4r Zinfandel \u00e4r den absoluta kingdue.<\/p>\n<p>Vinet \u00e4r fullt och \u00f6verd\u00e5digt och \u00e4nd\u00e5 med en fin renhet och krydda fr\u00e5n de 12 m\u00e5naderna p\u00e5 amerikanska ekfat.<\/p>\n<p>Njut av vinet f\u00f6r en l\u00e4cker biff, kryddiga r\u00e4tter eller njut av det bara f\u00f6r sig sj\u00e4lva, syndiga och beroendeframkallande.<\/p>\n<p>Serveringstemperatur 16-18 \u00b0 C.<\/p>\n","protected":false},"excerpt":{"rendered":"<p>Lodi Central Valley &#8211; USA<\/p>\n","protected":false},"featured_media":20311,"template":"","meta":{"_acf_changed":false,"rs_blank_template":"","rs_page_bg_color":"","slide_template_v7":""},"product_brand":[],"product_cat":[2788,2798],"product_tag":[],"class_list":{"0":"post-21868","1":"product","2":"type-product","3":"status-publish","4":"has-post-thumbnail","6":"product_cat-vin-sv","7":"product_cat-roedvin-sv","8":"pa_drue-zinfandel-sv","9":"pa_land-usa-sv","10":"pa_procent-15-sv","11":"pa_producent-michael-david-winery-sv","12":"pa_region-californien-sv","13":"pa_serveringstemperatur-16-18-sv","14":"pa_volume-75-sv","16":"first","17":"instock","18":"taxable","19":"shipping-taxable","20":"purchasable","21":"product-type-simple"},"bundled_by":[],"bundle_stock_status":"instock","bundle_stock_quantity":null,"bundle_virtual":false,"bundle_layout":"","bundle_add_to_cart_form_location":"","bundle_editable_in_cart":false,"bundle_sold_individually_context":"","bundle_item_grouping":"","bundle_min_size":"","bundle_max_size":"","bundle_price":[],"bundled_items":[],"bundle_sell_ids":[],"acf":[],"_links":{"self":[{"href":"https:\/\/www.raschvin.com\/sv\/wp-json\/wp\/v2\/product\/21868","targetHints":{"allow":["GET"]}}],"collection":[{"href":"https:\/\/www.raschvin.com\/sv\/wp-json\/wp\/v2\/product"}],"about":[{"href":"https:\/\/www.raschvin.com\/sv\/wp-json\/wp\/v2\/types\/product"}],"wp:featuredmedia":[{"embeddable":true,"href":"https:\/\/www.raschvin.com\/sv\/wp-json\/wp\/v2\/media\/20311"}],"wp:attachment":[{"href":"https:\/\/www.raschvin.com\/sv\/wp-json\/wp\/v2\/media?parent=21868"}],"wp:term":[{"taxonomy":"product_brand","embeddable":true,"href":"https:\/\/www.raschvin.com\/sv\/wp-json\/wp\/v2\/product_brand?post=21868"},{"taxonomy":"product_cat","embeddable":true,"href":"https:\/\/www.raschvin.com\/sv\/wp-json\/wp\/v2\/product_cat?post=21868"},{"taxonomy":"product_tag","embeddable":true,"href":"https:\/\/www.raschvin.com\/sv\/wp-json\/wp\/v2\/product_tag?post=21868"}],"curies":[{"name":"wp","href":"https:\/\/api.w.org\/{rel}","templated":true}]}}