{"id":21867,"date":"2022-06-16T13:32:54","date_gmt":"2022-06-16T11:32:54","guid":{"rendered":"https:\/\/www.raschvin.com\/vare\/perigord-cab-sav-rose-couleurs-daquitaine\/"},"modified":"2022-11-30T14:11:15","modified_gmt":"2022-11-30T13:11:15","slug":"perigord-cab-sav-rose-couleurs-daquitaine","status":"publish","type":"product","link":"https:\/\/www.raschvin.com\/sv\/produkt\/perigord-cab-sav-rose-couleurs-daquitaine\/","title":{"rendered":"P\u00e9rigord Cabernet Sauvignon Ros\u00e9 75 cl."},"content":{"rendered":"<p>P\u00e9rigord-omr\u00e5det ligger i syd\u00f6stra Frankrike mellan st\u00e4derna Bordeaux och Toulouse. P\u00e9rigord \u00e4r inte bara visuellt vacker, men ocks\u00e5 p\u00e5 de kulinariska po\u00e4ngen, \u00e4r regionen h\u00f6gt, h\u00e4r produceras en rikedom av k\u00e4nda franska delikatesser. En ren Slearefenland f\u00f6r mat\u00e4lskare.<\/p>\n<p>Omr\u00e5det och tillverkaren:<br \/>\nPrecis i Perigord-omr\u00e5det var n\u00e5gra av de viktigaste strokerna i hundra \u00e5r mellan Frankrike och England i slutet av medeltiden. Idag \u00e4r omr\u00e5det tystare och en k\u00f6rning genom det vackra landskapet avsl\u00f6jar aristokratiska Lords\u00e6ds, vackra medeltida slots, pittoreska byar omgivna av imponerade solrosf\u00e4lt och snoremarker. \u00d6verallt ses flockar av ankor och g\u00e4ss, vars lever anv\u00e4nds f\u00f6r den n\u00e5got kontroversiella delikatess foie gras. G\u00e5sen \u00e4r en form av landm\u00e4rke f\u00f6r omr\u00e5det och namnet p\u00e5 vinet &#8221;L&#8217;oie du p\u00e9rigord&#8221; betyder bara &#8221;g\u00e5s fr\u00e5n p\u00e9rigord&#8221;.<\/p>\n<p>Vinet:<br \/>\nL&#8217;Oie du P\u00e9rigord Cabernet Sauvignon Ros\u00e9 produceras p\u00e5 druvor fr\u00e5n omr\u00e5det. Vinifieringen sker enligt moderna principer. Efter plockningen tas druvorna ner, druvorna kyls ner och fermentationsprocessen b\u00f6rjar. Under de f\u00f6rsta dagarna m\u00e5ste druvskalorna i j\u00e4sningen tills det har uppn\u00e5tt r\u00e4tt f\u00e4rg. Fermen \u00e4ger rum vid kontrollerad temperatur f\u00f6r att bevara odlingen av druvorna och frukten i det slutliga vinet.<\/p>\n<p>I glaset:<br \/>\nL&#8217;Oie du P\u00e9rigord Cabernet Sauvignon Ros\u00e9 har en elegant rosa f\u00e4rg. Lukten \u00e4r f\u00e4rsk med blommor och jordgubbar. I gommen ses vinet mjuk, fr\u00e4sch och uts\u00f6kt med f\u00e4rsk frukt. Vinet har en trevlig rund och harmonisk slut.<\/p>\n<p>L&#8217;Oie du P\u00e9rigord Cabernet Sauvignon Ros\u00e9 \u00e4r en bra match f\u00f6r t.ex. Grillat k\u00f6tt eller r\u00e4tter med gr\u00f6nsaker.<\/p>\n<p>Servera vid 8-10 \u00b0 C.<\/p>\n","protected":false},"excerpt":{"rendered":"<p>Wine South West France<\/p>\n","protected":false},"featured_media":20298,"template":"","meta":{"_acf_changed":false,"rs_blank_template":"","rs_page_bg_color":"","slide_template_v7":""},"product_brand":[],"product_cat":[2796,7779,2788],"product_tag":[],"class_list":{"0":"post-21867","1":"product","2":"type-product","3":"status-publish","4":"has-post-thumbnail","6":"product_cat-rosevin-sv","7":"product_cat-sommar-rose","8":"product_cat-vin-sv","9":"pa_drue-cabernet-sauvignon-sv","10":"pa_land-frankrike","11":"pa_procent-13-sv","12":"pa_producent-perigord-sv","13":"pa_serveringstemperatur-8-10-sv","14":"pa_volume-75-sv","16":"first","17":"instock","18":"taxable","19":"shipping-taxable","20":"purchasable","21":"product-type-simple"},"bundled_by":[],"bundle_stock_status":"instock","bundle_stock_quantity":null,"bundle_virtual":false,"bundle_layout":"","bundle_add_to_cart_form_location":"","bundle_editable_in_cart":false,"bundle_sold_individually_context":"","bundle_item_grouping":"","bundle_min_size":"","bundle_max_size":"","bundle_price":[],"bundled_items":[],"bundle_sell_ids":[],"acf":[],"_links":{"self":[{"href":"https:\/\/www.raschvin.com\/sv\/wp-json\/wp\/v2\/product\/21867","targetHints":{"allow":["GET"]}}],"collection":[{"href":"https:\/\/www.raschvin.com\/sv\/wp-json\/wp\/v2\/product"}],"about":[{"href":"https:\/\/www.raschvin.com\/sv\/wp-json\/wp\/v2\/types\/product"}],"wp:featuredmedia":[{"embeddable":true,"href":"https:\/\/www.raschvin.com\/sv\/wp-json\/wp\/v2\/media\/20298"}],"wp:attachment":[{"href":"https:\/\/www.raschvin.com\/sv\/wp-json\/wp\/v2\/media?parent=21867"}],"wp:term":[{"taxonomy":"product_brand","embeddable":true,"href":"https:\/\/www.raschvin.com\/sv\/wp-json\/wp\/v2\/product_brand?post=21867"},{"taxonomy":"product_cat","embeddable":true,"href":"https:\/\/www.raschvin.com\/sv\/wp-json\/wp\/v2\/product_cat?post=21867"},{"taxonomy":"product_tag","embeddable":true,"href":"https:\/\/www.raschvin.com\/sv\/wp-json\/wp\/v2\/product_tag?post=21867"}],"curies":[{"name":"wp","href":"https:\/\/api.w.org\/{rel}","templated":true}]}}