{"id":21864,"date":"2022-06-16T13:32:54","date_gmt":"2022-06-16T11:32:54","guid":{"rendered":"https:\/\/www.raschvin.com\/vare\/vermut-fot-li-formula-antiga\/"},"modified":"2022-12-12T19:25:20","modified_gmt":"2022-12-12T18:25:20","slug":"vermut-fot-li-formula-antiga","status":"publish","type":"product","link":"https:\/\/www.raschvin.com\/sv\/produkt\/vermut-fot-li-formula-antiga\/","title":{"rendered":"Vermut Fot-Li F\u00f3rmula Antiga 75 cl. 16%"},"content":{"rendered":"<p>Efter framg\u00e5ngen med fot-li best\u00e4mde vi oss f\u00f6r att ta ett annat steg f\u00f6r att g\u00f6ra en reserv Vermouth.<br \/>\nFot-Li Foula Antiga syftar till att hylla de f\u00f6rsta vermoutherna av Reus med mer kropp, komplexitet och s\u00e4rskiljande aromatiska anteckningar.<\/p>\n<p>Fot-Li Foula Antiga \u00e4r gjord med vitt Grenache-basvin och ett vin av h\u00f6jda sollas druvor som \u00e4r \u00f6ver fyrtio \u00e5r gamla. Denna blandning och dess 31 botaniska komponenter g\u00f6r v\u00e5r gamla formel f\u00f6r en mycket unik vermouth.<\/p>\n<p>Cocktail<br \/>\nMarknaden placerar varje produkt p\u00e5 plats, vi utarbetade fot-Li Formula Antiga med tanken att det skulle f\u00f6rbrukas ensam eller med tv\u00e5 stora isklippor och en orange twist, men v\u00e4lk\u00e4nda cocktailbarer har ber\u00e4ttat att FFA \u00e4r en komponent Mycket intressant f\u00f6r sina m\u00e5nga aromatiska nyanser.<\/p>\n<p>Druvor<br \/>\nVi anv\u00e4nder endast 100% vitgrenache.<\/p>\n<p>Var kommer druvorna ifr\u00e5n?<br \/>\nHuvudsakligen Tarragona (g\u00f6r Terra Alta och g\u00f6r montant).<\/p>\n<p>Botaniska komponenter<br \/>\nDet finns 31 botaniska v\u00e4xter, den mest representativa f\u00f6r Fot-Li Foula Antiga \u00e4r:<br \/>\nTimian, Orange, Vanilj, Orange Park, Angelica, Citron, Anis, Kardemi, Nutmean, S\u00f6t flagga, Betala Root, Laurel, Oregano, F\u00e4nk\u00e5l, Sage &#8230;<\/p>\n<p>Var kommer v\u00e5ra fat fr\u00e5n?<br \/>\nVi anv\u00e4nder 100% fransk \u00e4gare. En liten del av satsen \u00e4r ett 40-\u00e5rigt vin som \u00e4r utsatt f\u00f6r solen f\u00f6r att f\u00e5 h\u00f6g oxidation. Denna prestigefyllda metod kallas Solera-systemet.<\/p>\n","protected":false},"excerpt":{"rendered":"<p>Premium Spanish Vermouth &#8211; Reus<\/p>\n","protected":false},"featured_media":20268,"template":"","meta":{"_acf_changed":false,"rs_blank_template":"","rs_page_bg_color":"","slide_template_v7":""},"product_brand":[],"product_cat":[2765,2774],"product_tag":[],"class_list":{"0":"post-21864","1":"product","2":"type-product","3":"status-publish","4":"has-post-thumbnail","6":"product_cat-hedvin-sv","7":"product_cat-vermouth-sv","8":"pa_drue-grenache-blanc-sv","9":"pa_land-spanien-sv","10":"pa_procent-16-sv","11":"pa_producent-fot-li-sv","12":"pa_region-katalonien-sv","13":"pa_volume-75-sv","15":"first","16":"instock","17":"sale","18":"taxable","19":"shipping-taxable","20":"purchasable","21":"product-type-simple"},"bundled_by":[],"bundle_stock_status":"instock","bundle_stock_quantity":null,"bundle_virtual":false,"bundle_layout":"","bundle_add_to_cart_form_location":"","bundle_editable_in_cart":false,"bundle_sold_individually_context":"","bundle_item_grouping":"","bundle_min_size":"","bundle_max_size":"","bundle_price":[],"bundled_items":[],"bundle_sell_ids":[],"acf":[],"_links":{"self":[{"href":"https:\/\/www.raschvin.com\/sv\/wp-json\/wp\/v2\/product\/21864","targetHints":{"allow":["GET"]}}],"collection":[{"href":"https:\/\/www.raschvin.com\/sv\/wp-json\/wp\/v2\/product"}],"about":[{"href":"https:\/\/www.raschvin.com\/sv\/wp-json\/wp\/v2\/types\/product"}],"wp:featuredmedia":[{"embeddable":true,"href":"https:\/\/www.raschvin.com\/sv\/wp-json\/wp\/v2\/media\/20268"}],"wp:attachment":[{"href":"https:\/\/www.raschvin.com\/sv\/wp-json\/wp\/v2\/media?parent=21864"}],"wp:term":[{"taxonomy":"product_brand","embeddable":true,"href":"https:\/\/www.raschvin.com\/sv\/wp-json\/wp\/v2\/product_brand?post=21864"},{"taxonomy":"product_cat","embeddable":true,"href":"https:\/\/www.raschvin.com\/sv\/wp-json\/wp\/v2\/product_cat?post=21864"},{"taxonomy":"product_tag","embeddable":true,"href":"https:\/\/www.raschvin.com\/sv\/wp-json\/wp\/v2\/product_tag?post=21864"}],"curies":[{"name":"wp","href":"https:\/\/api.w.org\/{rel}","templated":true}]}}