{"id":21863,"date":"2022-06-16T13:32:54","date_gmt":"2022-06-16T11:32:54","guid":{"rendered":"https:\/\/www.raschvin.com\/vare\/vermut-fot-li-rojo\/"},"modified":"2022-12-12T19:28:21","modified_gmt":"2022-12-12T18:28:21","slug":"vermut-fot-li-rojo","status":"publish","type":"product","link":"https:\/\/www.raschvin.com\/sv\/produkt\/vermut-fot-li-rojo\/","title":{"rendered":"Vermut Fot-Li Rojo 75 cl. 16%"},"content":{"rendered":"<p>M\u00f6rkbrun med gula h\u00f6jdpunkter. Doftande och elegant arom, \u00f6rt, med rosmarin, salvia och \u00e4ven vanilj. S\u00f6t, varm och balanserad bukett med timjan och liten hasseln\u00f6t och vanilj.<\/p>\n<p>Fot-Li \u00e4r inte som andra bra vermouths. Det \u00e4r of\u00f6rsk\u00e4mt djupt och gott utan att vara f\u00f6r s\u00f6t eller tung. Och sl\u00e5 en fin balans mellan s\u00f6t karamell och bitter krydda. P\u00e5 katalanska, bilder f\u00f6r att gripa dagen, och du sl\u00f6sa inte tiden med den h\u00e4r vinge R\u00f6da Vermouth fr\u00e5n Reus i Katalonien. Fot-Li \u00e4r gjord med 19 olika \u00f6rter och druvsort Garnacha Blanca, som ocks\u00e5 anv\u00e4nds i vita viner fr\u00e5n Rh\u00f4ne och nord\u00f6stra f\u00f6retaget.<\/p>\n<p>FOT-LI i tre ord: lyxig. S\u00f6tful. Allvarlig.<\/p>\n<p>Druvor<br \/>\nMajoriteten av kuben \u00e4r vit grenache, men ca. 10% kommer fr\u00e5n sorter som Viura och Airen.<\/p>\n<p>Var kommer druvorna ifr\u00e5n?<br \/>\nHuvudsakligen Tarragona (g\u00f6r Terra Alta och g\u00f6r montant) och \u00e4ven fr\u00e5n Penedes (Barcelona) och La Mancha (Castilla La Mancha).<\/p>\n<p>Botaniska komponenter<br \/>\nDet finns m\u00e5nga, men vi kunde lyfta fram f\u00f6ljande botaniska v\u00e4xter: vanilj, apelsinskal, anis, kort hum\u00f6r, muskot, laurel, oregano, f\u00e4nk\u00e5l, salvia &#8230;<\/p>\n<p>Var kommer v\u00e5ra fat fr\u00e5n?<br \/>\nVi anv\u00e4nder 20% fat amerikanska ek och 80% franska ekar. Vi gillar att anv\u00e4nda dem p\u00e5 cirka 15 \u00e5r. Medium roast.<\/p>\n","protected":false},"excerpt":{"rendered":"<p>Premium Spanish Vermouth &#8211; Reus<\/p>\n","protected":false},"featured_media":20255,"template":"","meta":{"_acf_changed":false,"rs_blank_template":"","rs_page_bg_color":"","slide_template_v7":""},"product_brand":[],"product_cat":[2765,2774],"product_tag":[],"class_list":{"0":"post-21863","1":"product","2":"type-product","3":"status-publish","4":"has-post-thumbnail","6":"product_cat-hedvin-sv","7":"product_cat-vermouth-sv","8":"pa_drue-grenache-sv","9":"pa_land-spanien-sv","10":"pa_procent-16-sv","11":"pa_producent-fot-li-sv","12":"pa_region-katalonien-sv","13":"pa_volume-75-sv","15":"first","16":"instock","17":"sale","18":"taxable","19":"shipping-taxable","20":"purchasable","21":"product-type-simple"},"bundled_by":[],"bundle_stock_status":"instock","bundle_stock_quantity":null,"bundle_virtual":false,"bundle_layout":"","bundle_add_to_cart_form_location":"","bundle_editable_in_cart":false,"bundle_sold_individually_context":"","bundle_item_grouping":"","bundle_min_size":"","bundle_max_size":"","bundle_price":[],"bundled_items":[],"bundle_sell_ids":[],"acf":[],"_links":{"self":[{"href":"https:\/\/www.raschvin.com\/sv\/wp-json\/wp\/v2\/product\/21863","targetHints":{"allow":["GET"]}}],"collection":[{"href":"https:\/\/www.raschvin.com\/sv\/wp-json\/wp\/v2\/product"}],"about":[{"href":"https:\/\/www.raschvin.com\/sv\/wp-json\/wp\/v2\/types\/product"}],"wp:featuredmedia":[{"embeddable":true,"href":"https:\/\/www.raschvin.com\/sv\/wp-json\/wp\/v2\/media\/20255"}],"wp:attachment":[{"href":"https:\/\/www.raschvin.com\/sv\/wp-json\/wp\/v2\/media?parent=21863"}],"wp:term":[{"taxonomy":"product_brand","embeddable":true,"href":"https:\/\/www.raschvin.com\/sv\/wp-json\/wp\/v2\/product_brand?post=21863"},{"taxonomy":"product_cat","embeddable":true,"href":"https:\/\/www.raschvin.com\/sv\/wp-json\/wp\/v2\/product_cat?post=21863"},{"taxonomy":"product_tag","embeddable":true,"href":"https:\/\/www.raschvin.com\/sv\/wp-json\/wp\/v2\/product_tag?post=21863"}],"curies":[{"name":"wp","href":"https:\/\/api.w.org\/{rel}","templated":true}]}}