{"id":21862,"date":"2022-06-16T13:32:54","date_gmt":"2022-06-16T11:32:54","guid":{"rendered":"https:\/\/www.raschvin.com\/vare\/becker-gewuertztaminer-orange-eco\/"},"modified":"2026-01-29T16:34:05","modified_gmt":"2026-01-29T15:34:05","slug":"becker-gewuertztaminer-orange-eco","status":"publish","type":"product","link":"https:\/\/www.raschvin.com\/sv\/produkt\/becker-gewuertztaminer-orange-eco\/","title":{"rendered":"Becker Gew\u00fcrtztaminer Orange Nature &#8211; ECO 75 cl."},"content":{"rendered":"<p data-start=\"11\" data-end=\"677\">Det h\u00e4r vinet fr\u00e5n Domaine Jean Becker i Alsace \u00e4r gjort p\u00e5 Gewurztraminer. Gewurztraminer \u00e4r en mycket aromatisk druvsort som vanligtvis ger fylliga och parfymerade vita viner, men h\u00e4r har Becker valt att g\u00f6ra ett orangevin p\u00e5 druvan. Orangevin inneb\u00e4r kort sagt att man tar en vitvinsdruva och behandlar den som om det vore r\u00f6dvin. Det viktigaste \u00e4r att musten f\u00e5r mogna tillsammans med skal och k\u00e4rnor, vilket ger tannin och struktur och ocks\u00e5 p\u00e5verkar aromerna. P\u00e5 s\u00e5 s\u00e4tt f\u00e5r vinet en vackert orange f\u00e4rg. Beckers tolkning h\u00e4r \u00e4r en \u00e4kta naturvin helt utan tillsatta sulfiter. Druvorna kommer fr\u00e5n tv\u00e5 av Beckers b\u00e4sta l\u00e4gen: Hohrain och Grand Cru-l\u00e4get Froehn.<\/p>\n<p data-start=\"679\" data-end=\"1430\"><strong data-start=\"679\" data-end=\"688\">F\u00e4rg:<\/strong> Medeldjup, l\u00e4tt grumligt orange<br data-start=\"720\" data-end=\"723\" \/><strong data-start=\"723\" data-end=\"732\">Doft:<\/strong> Omissk\u00e4nnlig, intensiv Gewurztraminer-parfym med litchi, mogen persika och persikoskal, aprikos, blandade tropiska frukter, rosenvatten och blomsterpotpurri. Dessutom en rustik ton fr\u00e5n vildj\u00e4sningen.<br data-start=\"933\" data-end=\"936\" \/><strong data-start=\"936\" data-end=\"950\">Smaknoter:<\/strong> Mycket intensivt och fylligt, n\u00e4stan oljigt och med l\u00e5g syra. Det kan n\u00e4stan upplevas som om det finns lite rests\u00f6tma, \u00e4ven om vinet \u00e4r helt torrt. Tydligt gjort p\u00e5 druvor av mycket h\u00f6g kvalitet och mognad \u2013 verkligen rikt och gener\u00f6st. Milda, mjuka tanniner. Ibland kan druvans karakt\u00e4r f\u00f6r\u00e4ndras mycket n\u00e4r man g\u00f6r orangevin i st\u00e4llet f\u00f6r vitt vin, men h\u00e4r tr\u00e4der Gewurztraminerns karakteristiska och intensiva aromatik tydligt fram. D\u00e4rtill lite \u201dnaturvildhet\u201d och rusticitet.<\/p>\n<p data-start=\"1432\" data-end=\"1627\"><strong data-start=\"1432\" data-end=\"1454\">Serveringsf\u00f6rslag:<\/strong> Dekantera g\u00e4rna 30 minuter i f\u00f6rv\u00e4g och servera svalt. Gott som aperitif, till blandade tapas eller olika ostar. Prova ocks\u00e5 g\u00e4rna till det orientaliska k\u00f6ket, t.ex. satay.<\/p>\n","protected":false},"excerpt":{"rendered":"<p>Wine Nature &#8211; Alsace<\/p>\n","protected":false},"featured_media":20251,"template":"","meta":{"_acf_changed":false,"rs_blank_template":"","rs_page_bg_color":"","slide_template_v7":""},"product_brand":[],"product_cat":[2788,2794,4481],"product_tag":[],"class_list":{"0":"post-21862","1":"product","2":"type-product","3":"status-publish","4":"has-post-thumbnail","6":"product_cat-vin-sv","7":"product_cat-orange-vin","8":"product_cat-naturvin-sv","9":"pa_drue-gewuertztaminer-sv","10":"pa_land-frankrike","11":"pa_naturlig-vin-naturvin","12":"pa_oekologisk-organisk","13":"pa_procent-13-5-sv","14":"pa_producent-becker-sv","15":"pa_region-alsace-sv","16":"pa_serveringstemperatur-10-12-sv-2","17":"pa_volume-75-sv","19":"first","20":"instock","21":"taxable","22":"shipping-taxable","23":"purchasable","24":"product-type-simple"},"bundled_by":["120604"],"bundle_stock_status":"instock","bundle_stock_quantity":null,"bundle_virtual":false,"bundle_layout":"","bundle_add_to_cart_form_location":"","bundle_editable_in_cart":false,"bundle_sold_individually_context":"","bundle_item_grouping":"","bundle_min_size":"","bundle_max_size":"","bundle_price":[],"bundled_items":[],"bundle_sell_ids":[],"acf":[],"_links":{"self":[{"href":"https:\/\/www.raschvin.com\/sv\/wp-json\/wp\/v2\/product\/21862","targetHints":{"allow":["GET"]}}],"collection":[{"href":"https:\/\/www.raschvin.com\/sv\/wp-json\/wp\/v2\/product"}],"about":[{"href":"https:\/\/www.raschvin.com\/sv\/wp-json\/wp\/v2\/types\/product"}],"wp:featuredmedia":[{"embeddable":true,"href":"https:\/\/www.raschvin.com\/sv\/wp-json\/wp\/v2\/media\/20251"}],"wp:attachment":[{"href":"https:\/\/www.raschvin.com\/sv\/wp-json\/wp\/v2\/media?parent=21862"}],"wp:term":[{"taxonomy":"product_brand","embeddable":true,"href":"https:\/\/www.raschvin.com\/sv\/wp-json\/wp\/v2\/product_brand?post=21862"},{"taxonomy":"product_cat","embeddable":true,"href":"https:\/\/www.raschvin.com\/sv\/wp-json\/wp\/v2\/product_cat?post=21862"},{"taxonomy":"product_tag","embeddable":true,"href":"https:\/\/www.raschvin.com\/sv\/wp-json\/wp\/v2\/product_tag?post=21862"}],"curies":[{"name":"wp","href":"https:\/\/api.w.org\/{rel}","templated":true}]}}