{"id":21861,"date":"2022-06-16T13:32:54","date_gmt":"2022-06-16T11:32:54","guid":{"rendered":"https:\/\/www.raschvin.com\/vare\/vermouth-rosso-del-cavaliere\/"},"modified":"2022-12-12T19:19:37","modified_gmt":"2022-12-12T18:19:37","slug":"vermouth-rosso-del-cavaliere","status":"publish","type":"product","link":"https:\/\/www.raschvin.com\/sv\/produkt\/vermouth-rosso-del-cavaliere\/","title":{"rendered":"Lucano Vermouth del Cavaliere 75 cl. 18%"},"content":{"rendered":"<p>Vermouth del Cavalianer har \u00e5terupplivats fr\u00e5n Vena Family Spirits fr\u00e5n slutet av 1800-talet. Tanken bakom etikettens grafiska design kommer fr\u00e5n ett gammalt utskrift fr\u00e5n b\u00f6rjan av 1900-talet, som visar en riddare efter en l\u00e5ng resa som \u00e4ntligen f\u00e5r sin v\u00e4rderade bel\u00f6ning: Lucano! Produktionen av detta gamla recept startade n\u00e5gra \u00e5r efter den ber\u00f6mda Amaro, avbr\u00f6ts under f\u00f6rsta v\u00e4rldskriget och aldrig sett igen f\u00f6rr\u00e4n idag.<\/p>\n<p>F\u00e4rg: Lila.<br \/>\nFragrance: En arom med m\u00e5nga lager av varma kryddor, malurt och k\u00f6rsb\u00e4r &#8211; lite tutti frutti, kanske.<br \/>\nSmak Anm\u00e4rkningar: Stora k\u00f6rsb\u00e4rsduvor k\u00e4mpar f\u00f6r uppm\u00e4rksamhet med m\u00f6rdarens bitterhet.<\/p>\n<p>Serveringsf\u00f6rslag: kan avnjutas ren, \u00f6ver is med en skiva apelsin eller i cocktails (t.ex. Negroni eller Manhatten)<\/p>\n<p>Amaro Lucano s\u00e5g ljuset f\u00f6r f\u00f6rsta g\u00e5ngen 1894, n\u00e4r Pasquale vena i bakrummet f\u00f6r stadens cookiebakeri hittade den r\u00e4tta kombinationen av mer \u00e4n 30 olika \u00f6rter. N\u00e4r tiden gick, blev Bittersweet Herbicor mer och mer popul\u00e4r, och p\u00e5 1950-talet var produktionen enormt, f\u00f6r att h\u00e5lla sig till efterfr\u00e5gan. Varum\u00e4rket \u00e4r fortfarande familje\u00e4gt &#8211; idag 4. Generation &#8211; och lik\u00f6ren \u00e4r fortfarande gjord efter det hemliga receptet fr\u00e5n det lilla bageriet i Pisticci. F\u00f6rutom Amari producerar Lucano ocks\u00e5 Sambucca, kaffedirekt\u00f6r och Limoncello.<\/p>\n","protected":false},"excerpt":{"rendered":"<p>Bottega Originale &#8211; Lucano &#8211; Piemonte<\/p>\n","protected":false},"featured_media":31272,"template":"","meta":{"_acf_changed":false,"rs_blank_template":"","rs_page_bg_color":"","slide_template_v7":""},"product_brand":[],"product_cat":[2765,2774],"product_tag":[],"class_list":{"0":"post-21861","1":"product","2":"type-product","3":"status-publish","4":"has-post-thumbnail","6":"product_cat-hedvin-sv","7":"product_cat-vermouth-sv","8":"pa_land-italien-sv","9":"pa_procent-18-sv","10":"pa_producent-lucano-sv","11":"pa_region-piemonte-sv","12":"pa_volume-75-sv","14":"first","15":"instock","16":"sale","17":"taxable","18":"shipping-taxable","19":"purchasable","20":"product-type-simple"},"bundled_by":[],"bundle_stock_status":"instock","bundle_stock_quantity":null,"bundle_virtual":false,"bundle_layout":"","bundle_add_to_cart_form_location":"","bundle_editable_in_cart":false,"bundle_sold_individually_context":"","bundle_item_grouping":"","bundle_min_size":"","bundle_max_size":"","bundle_price":[],"bundled_items":[],"bundle_sell_ids":[],"acf":[],"_links":{"self":[{"href":"https:\/\/www.raschvin.com\/sv\/wp-json\/wp\/v2\/product\/21861","targetHints":{"allow":["GET"]}}],"collection":[{"href":"https:\/\/www.raschvin.com\/sv\/wp-json\/wp\/v2\/product"}],"about":[{"href":"https:\/\/www.raschvin.com\/sv\/wp-json\/wp\/v2\/types\/product"}],"wp:featuredmedia":[{"embeddable":true,"href":"https:\/\/www.raschvin.com\/sv\/wp-json\/wp\/v2\/media\/31272"}],"wp:attachment":[{"href":"https:\/\/www.raschvin.com\/sv\/wp-json\/wp\/v2\/media?parent=21861"}],"wp:term":[{"taxonomy":"product_brand","embeddable":true,"href":"https:\/\/www.raschvin.com\/sv\/wp-json\/wp\/v2\/product_brand?post=21861"},{"taxonomy":"product_cat","embeddable":true,"href":"https:\/\/www.raschvin.com\/sv\/wp-json\/wp\/v2\/product_cat?post=21861"},{"taxonomy":"product_tag","embeddable":true,"href":"https:\/\/www.raschvin.com\/sv\/wp-json\/wp\/v2\/product_tag?post=21861"}],"curies":[{"name":"wp","href":"https:\/\/api.w.org\/{rel}","templated":true}]}}