{"id":21858,"date":"2022-06-16T13:32:23","date_gmt":"2022-06-16T11:32:23","guid":{"rendered":"https:\/\/www.raschvin.com\/vare\/malamatina-retsina\/"},"modified":"2022-11-25T14:44:30","modified_gmt":"2022-11-25T13:44:30","slug":"malamatina-retsina","status":"publish","type":"product","link":"https:\/\/www.raschvin.com\/sv\/produkt\/malamatina-retsina\/","title":{"rendered":"Malamatina Retsina 50 cl."},"content":{"rendered":"<p>Retsina Malamatina \u00e4r uteslutande fr\u00e5n grekiska druvsorter. Vinifiering f\u00f6ljer den vita vinm\u00f6jningsmetoden under kontrollerade temperaturer och genom att bara v\u00e4lja &#8221;Mello Yema&#8221; eller &#8221;Blommor mest&#8221; fr\u00e5n druvorna f\u00f6r att uppn\u00e5 vin unik f\u00e4rg, arom, smak och kvalitet. Tillsatsen av en liten m\u00e4ngd tallharts under fermentation ger den karakteristiska r\u00e4ttsliga smaken, medan de fruktiga aromerna av dessa sorter upptr\u00e4der. Rethink produceras uteslutande i Grekland, och dess produktion \u00e4r f\u00f6rbjuden i n\u00e5got annat land i v\u00e4rlden. Dessutom har EU inkluderat Legina bland viner med en &#8221;traditionell beteckning&#8221; som ges till produkter som produceras enligt traditionella metoder i en viss region eller ett land.<\/p>\n<p>Vinet kan serveras kallt eller enligt personlig preferens, ensam, med kallt vatten, med cola, p\u00e5 is eller \u00f6ver krossad is f\u00f6r en trevlig och uppfriskande drink.<\/p>\n","protected":false},"excerpt":{"rendered":"<p>Greek Wine &#8211; Vin de Blanc Sec<\/p>\n","protected":false},"featured_media":20208,"template":"","meta":{"_acf_changed":false,"rs_blank_template":"","rs_page_bg_color":"","slide_template_v7":""},"product_brand":[],"product_cat":[2788,2792],"product_tag":[],"class_list":{"0":"post-21858","1":"product","2":"type-product","3":"status-publish","4":"has-post-thumbnail","6":"product_cat-vin-sv","7":"product_cat-vitt-vin","8":"pa_land-grekland","9":"pa_procent-10-sv","10":"pa_producent-malamatina-sv","11":"pa_volume-50-sv","13":"first","14":"instock","15":"taxable","16":"shipping-taxable","17":"purchasable","18":"product-type-simple"},"bundled_by":["120157"],"bundle_stock_status":"instock","bundle_stock_quantity":null,"bundle_virtual":false,"bundle_layout":"","bundle_add_to_cart_form_location":"","bundle_editable_in_cart":false,"bundle_sold_individually_context":"","bundle_item_grouping":"","bundle_min_size":"","bundle_max_size":"","bundle_price":[],"bundled_items":[],"bundle_sell_ids":[],"acf":[],"_links":{"self":[{"href":"https:\/\/www.raschvin.com\/sv\/wp-json\/wp\/v2\/product\/21858","targetHints":{"allow":["GET"]}}],"collection":[{"href":"https:\/\/www.raschvin.com\/sv\/wp-json\/wp\/v2\/product"}],"about":[{"href":"https:\/\/www.raschvin.com\/sv\/wp-json\/wp\/v2\/types\/product"}],"wp:featuredmedia":[{"embeddable":true,"href":"https:\/\/www.raschvin.com\/sv\/wp-json\/wp\/v2\/media\/20208"}],"wp:attachment":[{"href":"https:\/\/www.raschvin.com\/sv\/wp-json\/wp\/v2\/media?parent=21858"}],"wp:term":[{"taxonomy":"product_brand","embeddable":true,"href":"https:\/\/www.raschvin.com\/sv\/wp-json\/wp\/v2\/product_brand?post=21858"},{"taxonomy":"product_cat","embeddable":true,"href":"https:\/\/www.raschvin.com\/sv\/wp-json\/wp\/v2\/product_cat?post=21858"},{"taxonomy":"product_tag","embeddable":true,"href":"https:\/\/www.raschvin.com\/sv\/wp-json\/wp\/v2\/product_tag?post=21858"}],"curies":[{"name":"wp","href":"https:\/\/api.w.org\/{rel}","templated":true}]}}