{"id":21833,"date":"2022-06-16T13:31:52","date_gmt":"2022-06-16T11:31:52","guid":{"rendered":"https:\/\/www.raschvin.com\/vare\/chateau-ste-michelle-dry-riesling\/"},"modified":"2023-02-20T16:01:53","modified_gmt":"2023-02-20T15:01:53","slug":"chateau-ste-michelle-dry-riesling","status":"publish","type":"product","link":"https:\/\/www.raschvin.com\/sv\/produkt\/chateau-ste-michelle-dry-riesling\/","title":{"rendered":"Chateau Ste. Michelle &#8211; Dry Riesling Columbia Valley 75 cl."},"content":{"rendered":"<p>Riesling trivs fantastiskt i Columbia Valley, och \u00e4r en av de druvor som \u00e4r utm\u00e4rkta f\u00f6r krispiga, f\u00e4rska vita viner. N\u00e4r druvan blir riklig sol, \u00e4r aromen underbart blommiga och s\u00f6tma, i mitten av den annars fina, n\u00e5got strikt syra. Chateau Ste. Michelle, torr Riesling \u00e4r ett annat exempel i serien, som p\u00e5 ett mycket annat s\u00e4tt visar Chateau Ste. Michelle talang f\u00f6r att producera fantastiska Riesling-viner. H\u00e4r i en upplaga som verkar mer torr och fr\u00e4sch \u00e4n husets andra Colombia Valley Riesling-viner. Vinet \u00e4r kallt fermenterat i<br \/>\nRostfria tankar f\u00f6r exakt bibliotek de f\u00e4rska aromen och den f\u00e4rska syran. Vinet \u00e4r skarpt och friskt med blommiga anteckningar i b\u00e5de doft och smak, men vackert balanserad med en k\u00e4nslig och munvatteninducerande syra.<\/p>\n<p>Columbia Valley \u00e4r ett bra omr\u00e5de i \u00f6stra Washington-staten, i det nordv\u00e4stra h\u00f6rnet av F\u00f6renta staterna. Trots Columbia-dalen \u00e4r latitud med Frankrikes stora vin distrikt Loire, Bordeaux och Bourgogne, men skillnaden, Columbia Valley har n\u00e5gra flera solsken timmar och en hel del regniga. Tv\u00e5 kustkedjor verkar som en solid v\u00e4gg mot det n\u00e5got mer ostabila, kalla och v\u00e5ta v\u00e4dret i v\u00e4stra Washington-staten. Perfekta omst\u00e4ndigheter f\u00f6r friska, smakfulla mogna druvor &#8211; och ditto-woms-viner.<\/p>\n<p>Chateau Ste. Michelle \u00e4r en av Amerikas mest framtr\u00e4dande vinstockar, grundade 1934, och d\u00e4rmed stater Washington \u00e4ldsta vinhus. Filosofin \u00e4r att kombinera klassisk, europeisk vinradition med &#8221;New World Innovation&#8221;. F\u00f6r det har huset beg\u00e5tt winmakers fr\u00e5n den toskanska prestigfamiljen Antinori och den tyska Riesling-experten Dr. Den lossa &#8211; Gridermaker fr\u00e5n Mosel, med r\u00e4tta kallad Rockstar av Riesling &#8221;. Ste. Michelle st\u00e5r med Stags spr\u00e5ngvink\u00e4llare f\u00f6r n\u00e5gra av de amerikanska officiella vinerna. Chateau Ste. Under 2012 uts\u00e5gs Michelle till &#8221;United States Producer of the Year&#8221; i &#8221;Wine and Spirit Competition (IWSC).&#8221;<\/p>\n<p>Vinifiering:<br \/>\nKall fermenterad i rostfria tankar.<\/p>\n<p>Besparter:<br \/>\nKrisp och f\u00e4rsk riesling med blommiga anteckningar i b\u00e5de doft och smak men trevligt balanserad med en k\u00e4nslig syra.<\/p>\n<p>Rekommenderas f\u00f6r:<br \/>\nLjust fj\u00e4derf\u00e4, mat med citrus, sushi, mager fisk, nordisk mat, asiatisk mat<\/p>\n","protected":false},"excerpt":{"rendered":"<p>Columbia Valley Washington &#8211; USA<\/p>\n","protected":false},"featured_media":32483,"template":"","meta":{"_acf_changed":false,"rs_blank_template":"","rs_page_bg_color":"","slide_template_v7":""},"product_brand":[],"product_cat":[2788,2792],"product_tag":[],"class_list":{"0":"post-21833","1":"product","2":"type-product","3":"status-publish","4":"has-post-thumbnail","6":"product_cat-vin-sv","7":"product_cat-vitt-vin","8":"pa_drue-riesling-sv","9":"pa_land-usa-sv","10":"pa_procent-12-5-sv","11":"pa_producent-chateau-ste-michelle-sv","12":"pa_region-columbia-valley-washington-state-sv","13":"pa_serveringstemperatur-12-14-sv","14":"pa_volume-75-sv","16":"first","17":"instock","18":"taxable","19":"shipping-taxable","20":"purchasable","21":"product-type-simple"},"bundled_by":["119616"],"bundle_stock_status":"instock","bundle_stock_quantity":null,"bundle_virtual":false,"bundle_layout":"","bundle_add_to_cart_form_location":"","bundle_editable_in_cart":false,"bundle_sold_individually_context":"","bundle_item_grouping":"","bundle_min_size":"","bundle_max_size":"","bundle_price":[],"bundled_items":[],"bundle_sell_ids":[],"acf":[],"_links":{"self":[{"href":"https:\/\/www.raschvin.com\/sv\/wp-json\/wp\/v2\/product\/21833","targetHints":{"allow":["GET"]}}],"collection":[{"href":"https:\/\/www.raschvin.com\/sv\/wp-json\/wp\/v2\/product"}],"about":[{"href":"https:\/\/www.raschvin.com\/sv\/wp-json\/wp\/v2\/types\/product"}],"wp:featuredmedia":[{"embeddable":true,"href":"https:\/\/www.raschvin.com\/sv\/wp-json\/wp\/v2\/media\/32483"}],"wp:attachment":[{"href":"https:\/\/www.raschvin.com\/sv\/wp-json\/wp\/v2\/media?parent=21833"}],"wp:term":[{"taxonomy":"product_brand","embeddable":true,"href":"https:\/\/www.raschvin.com\/sv\/wp-json\/wp\/v2\/product_brand?post=21833"},{"taxonomy":"product_cat","embeddable":true,"href":"https:\/\/www.raschvin.com\/sv\/wp-json\/wp\/v2\/product_cat?post=21833"},{"taxonomy":"product_tag","embeddable":true,"href":"https:\/\/www.raschvin.com\/sv\/wp-json\/wp\/v2\/product_tag?post=21833"}],"curies":[{"name":"wp","href":"https:\/\/api.w.org\/{rel}","templated":true}]}}