{"id":21830,"date":"2022-06-16T13:31:15","date_gmt":"2022-06-16T11:31:15","guid":{"rendered":"https:\/\/www.raschvin.com\/vare\/champagne-de-castellane-brut-375-cl-12\/"},"modified":"2022-11-10T08:38:51","modified_gmt":"2022-11-10T07:38:51","slug":"champagne-de-castellane-brut-375-cl-12-2","status":"publish","type":"product","link":"https:\/\/www.raschvin.com\/sv\/produkt\/champagne-de-castellane-brut-375-cl-12-2\/","title":{"rendered":"Champagne De Castellane Brut 37,5 cl. 12%"},"content":{"rendered":"<p>Champagne de Castellane \u00e4r en av de \u00e4ldsta familjerna i Frankrike med en historia som drar sig tillbaka till 10-talet. Med stor respekt f\u00f6r traditioner producerade familjen champagne efter den klassiska metoden genom att blanda de 3 \u00e4dla druvorna i Champagne, n\u00e4mligen Chardonnay, Pinot Noir och Pinot Meunier. I Castellane Brut tar Chardonnay friskhet och krispig syra samt finess via Citrus Notes och en blommig stil. Pinot Noir ger tyngd och r\u00f6d frukt och l\u00e4gger till Pinot Meunier en rustik notering av v\u00e5tt skogsgolv och lite m\u00f6rk frukter samt fullhet och tyngd.<\/p>\n<p>Njut av denna underbara champagne som en aperitif eller f\u00f6r skaldjur och sushi<\/p>\n","protected":false},"excerpt":{"rendered":"<p>Classic Champagne Brut &#8211; France<\/p>\n","protected":false},"featured_media":20002,"template":"","meta":{"_acf_changed":false,"rs_blank_template":"","rs_page_bg_color":"","slide_template_v7":""},"product_brand":[],"product_cat":[2745,2747],"product_tag":[],"class_list":{"0":"post-21830","1":"product","2":"type-product","3":"status-publish","4":"has-post-thumbnail","6":"product_cat-champagne-sv","7":"product_cat-non-vintage-sv","8":"pa_champagne-type-brut-sv","9":"pa_drue-chardonnay-pinot-noir-pinot-meunier-sv","10":"pa_land-frankrike","11":"pa_non-vintage-non-vintage-sv","12":"pa_procent-12-sv","13":"pa_producent-de-castellane-sv","14":"pa_region-champagne-sv","15":"pa_serveringstemperatur-10-12-sv-2","16":"pa_volume-37-5-sv","18":"first","19":"instock","20":"sale","21":"taxable","22":"shipping-taxable","23":"purchasable","24":"product-type-simple"},"bundled_by":[],"bundle_stock_status":"instock","bundle_stock_quantity":null,"bundle_virtual":false,"bundle_layout":"","bundle_add_to_cart_form_location":"","bundle_editable_in_cart":false,"bundle_sold_individually_context":"","bundle_item_grouping":"","bundle_min_size":"","bundle_max_size":"","bundle_price":[],"bundled_items":[],"bundle_sell_ids":[],"acf":[],"_links":{"self":[{"href":"https:\/\/www.raschvin.com\/sv\/wp-json\/wp\/v2\/product\/21830","targetHints":{"allow":["GET"]}}],"collection":[{"href":"https:\/\/www.raschvin.com\/sv\/wp-json\/wp\/v2\/product"}],"about":[{"href":"https:\/\/www.raschvin.com\/sv\/wp-json\/wp\/v2\/types\/product"}],"wp:featuredmedia":[{"embeddable":true,"href":"https:\/\/www.raschvin.com\/sv\/wp-json\/wp\/v2\/media\/20002"}],"wp:attachment":[{"href":"https:\/\/www.raschvin.com\/sv\/wp-json\/wp\/v2\/media?parent=21830"}],"wp:term":[{"taxonomy":"product_brand","embeddable":true,"href":"https:\/\/www.raschvin.com\/sv\/wp-json\/wp\/v2\/product_brand?post=21830"},{"taxonomy":"product_cat","embeddable":true,"href":"https:\/\/www.raschvin.com\/sv\/wp-json\/wp\/v2\/product_cat?post=21830"},{"taxonomy":"product_tag","embeddable":true,"href":"https:\/\/www.raschvin.com\/sv\/wp-json\/wp\/v2\/product_tag?post=21830"}],"curies":[{"name":"wp","href":"https:\/\/api.w.org\/{rel}","templated":true}]}}