{"id":21828,"date":"2025-10-23T18:34:15","date_gmt":"2025-10-23T16:34:15","guid":{"rendered":"https:\/\/www.raschvin.com\/vare\/blossa-starkvinsgloegg-15\/"},"modified":"2023-03-14T07:39:09","modified_gmt":"2023-03-14T06:39:09","slug":"blossa-starkvinsgloegg-15","status":"publish","type":"product","link":"https:\/\/www.raschvin.com\/sv\/produkt\/blossa-starkvinsgloegg-15\/","title":{"rendered":"Blossa Starkvinsgl\u00f6gg &#8211; R\u00f8d 75 cl. 15%"},"content":{"rendered":"<p>Denna Gl\u00f6gg har en kryddig bukett med en antydan av pepparkakor och russin. Smaken \u00e4r rik p\u00e5 tonbalkar s\u00e5v\u00e4l som l\u00e5ng finish. Blossa Gl\u00f6gg \u00e4r gjord p\u00e5 ett hemligt recept som \u00e4r \u00f6ver 100 \u00e5r gammal fr\u00e5n den ber\u00f6mda vinhandlaren JD Gr\u00f6nstedt &#038; Co. De b\u00f6rjade g\u00f6ra mulledvin 1917 och receptet har inte f\u00f6r\u00e4ndrats sedan. STARKVINSLGL\u00d6GG \u00e4r gjord p\u00e5 ett fullt r\u00f6tt vin med smak av klassiska blossa mulled kilar. Servera \u00e5nga varm med russin och mandel. Eller &#8211; prova n\u00e5got annorlunda och njut av det vid rumstemperatur med pepparkakor, kex och bl\u00e5ost. Ett riktigt trevligt tillskott till jul!<\/p>\n<p>Blossa Gl\u00f6gg \u00e4r en bred svensk serie som rymmer Nordens st\u00f6rsta Gl\u00f6gg m\u00e4rke. Med \u00f6ver 5 miljoner liter i f\u00f6rs\u00e4ljningen i Norden och en 100% kunskap i Sverige \u00e4r Blossa ett varum\u00e4rke som inte kan komma runt. Blossa \u00e4r konsumenternas absoluta favorit, och kvaliteten \u00e4r utan j\u00e4mf\u00f6relse med den klassiska. Serien \u00e4r baserad p\u00e5 ett recept fr\u00e5n den sista delen av 1900-talet och \u00e4r fortfarande en v\u00e4lskyddad hemlighet.<\/p>\n","protected":false},"excerpt":{"rendered":"<p>Classic Swedish &#8221;Gl\u00f6gg&#8221;<\/p>\n","protected":false},"featured_media":43430,"template":"","meta":{"_acf_changed":false,"rs_blank_template":"","rs_page_bg_color":"","slide_template_v7":""},"product_brand":[],"product_cat":[4430,4463,2788],"product_tag":[],"class_list":{"0":"post-21828","1":"product","2":"type-product","3":"status-publish","4":"has-post-thumbnail","6":"product_cat-glogg-sv","7":"product_cat-jul","8":"product_cat-vin-sv","9":"pa_land-sverige-sv","10":"pa_procent-15-sv","11":"pa_producent-anora-group-sv","12":"pa_volume-75-sv","14":"first","15":"instock","16":"taxable","17":"shipping-taxable","18":"purchasable","19":"product-type-simple"},"bundled_by":[],"bundle_stock_status":"instock","bundle_stock_quantity":null,"bundle_virtual":false,"bundle_layout":"","bundle_add_to_cart_form_location":"","bundle_editable_in_cart":false,"bundle_sold_individually_context":"","bundle_item_grouping":"","bundle_min_size":"","bundle_max_size":"","bundle_price":[],"bundled_items":[],"bundle_sell_ids":[],"acf":[],"_links":{"self":[{"href":"https:\/\/www.raschvin.com\/sv\/wp-json\/wp\/v2\/product\/21828","targetHints":{"allow":["GET"]}}],"collection":[{"href":"https:\/\/www.raschvin.com\/sv\/wp-json\/wp\/v2\/product"}],"about":[{"href":"https:\/\/www.raschvin.com\/sv\/wp-json\/wp\/v2\/types\/product"}],"wp:featuredmedia":[{"embeddable":true,"href":"https:\/\/www.raschvin.com\/sv\/wp-json\/wp\/v2\/media\/43430"}],"wp:attachment":[{"href":"https:\/\/www.raschvin.com\/sv\/wp-json\/wp\/v2\/media?parent=21828"}],"wp:term":[{"taxonomy":"product_brand","embeddable":true,"href":"https:\/\/www.raschvin.com\/sv\/wp-json\/wp\/v2\/product_brand?post=21828"},{"taxonomy":"product_cat","embeddable":true,"href":"https:\/\/www.raschvin.com\/sv\/wp-json\/wp\/v2\/product_cat?post=21828"},{"taxonomy":"product_tag","embeddable":true,"href":"https:\/\/www.raschvin.com\/sv\/wp-json\/wp\/v2\/product_tag?post=21828"}],"curies":[{"name":"wp","href":"https:\/\/api.w.org\/{rel}","templated":true}]}}