{"id":21825,"date":"2022-06-16T13:31:15","date_gmt":"2022-06-16T11:31:15","guid":{"rendered":"https:\/\/www.raschvin.com\/vare\/lindemans-chardonnay-bib-300-cl\/"},"modified":"2022-11-23T16:20:27","modified_gmt":"2022-11-23T15:20:27","slug":"lindemans-chardonnay-bib-300-cl","status":"publish","type":"product","link":"https:\/\/www.raschvin.com\/sv\/produkt\/lindemans-chardonnay-bib-300-cl\/","title":{"rendered":"Lindemans Chardonnay BIB 300 cl."},"content":{"rendered":"<p>F\u00e4rsk citron smak och anteckningar av vita persikor. Ett rikt vin med kr\u00e4migt accent, syrabalansen \u00e4r vacker och eftermaken har b\u00e5de citrus och aprikoser anteckningar. Njut av det vid 8-10 \u00b0 C.<\/p>\n<p>Om tillverkaren<br \/>\nLindeman \u00e4r en historia om 170 \u00e5rs l\u00e5ngvarig entrepren\u00f6rskap baserat i Hunter Valley under den australiensiska solen. Lindemans stora globala popularitet drivs av Dr. Henry Lindemans enkla personliga filosofi. Dr. Henry Lindeman startade LindeMans viner i Hunter Valley 1843, och hans filosofi var att &#8221;det enda syftet med vinet \u00e4r att ta med gl\u00e4dje&#8221; &#8211; en filosofi som fortfarande inspirerar Lindeman idag.<\/p>\n","protected":false},"excerpt":{"rendered":"<p>South Eastern Australia Dry White Wine<\/p>\n","protected":false},"featured_media":19961,"template":"","meta":{"_acf_changed":false,"rs_blank_template":"","rs_page_bg_color":"","slide_template_v7":""},"product_brand":[],"product_cat":[4479,2788],"product_tag":[],"class_list":{"0":"post-21825","1":"product","2":"type-product","3":"status-publish","4":"has-post-thumbnail","6":"product_cat-bag-in-box-sv","7":"product_cat-vin-sv","8":"pa_drue-chardonnay-sv","9":"pa_land-australien-sv","10":"pa_procent-12-sv","11":"pa_producent-lindemans-sv","12":"pa_region-south-eastern-sv","13":"pa_serveringstemperatur-8-10-sv","14":"pa_volume-300-sv","16":"first","17":"outofstock","18":"taxable","19":"shipping-taxable","20":"purchasable","21":"product-type-simple"},"bundled_by":[],"bundle_stock_status":"outofstock","bundle_stock_quantity":null,"bundle_virtual":false,"bundle_layout":"","bundle_add_to_cart_form_location":"","bundle_editable_in_cart":false,"bundle_sold_individually_context":"","bundle_item_grouping":"","bundle_min_size":"","bundle_max_size":"","bundle_price":[],"bundled_items":[],"bundle_sell_ids":[],"acf":[],"_links":{"self":[{"href":"https:\/\/www.raschvin.com\/sv\/wp-json\/wp\/v2\/product\/21825","targetHints":{"allow":["GET"]}}],"collection":[{"href":"https:\/\/www.raschvin.com\/sv\/wp-json\/wp\/v2\/product"}],"about":[{"href":"https:\/\/www.raschvin.com\/sv\/wp-json\/wp\/v2\/types\/product"}],"wp:featuredmedia":[{"embeddable":true,"href":"https:\/\/www.raschvin.com\/sv\/wp-json\/wp\/v2\/media\/19961"}],"wp:attachment":[{"href":"https:\/\/www.raschvin.com\/sv\/wp-json\/wp\/v2\/media?parent=21825"}],"wp:term":[{"taxonomy":"product_brand","embeddable":true,"href":"https:\/\/www.raschvin.com\/sv\/wp-json\/wp\/v2\/product_brand?post=21825"},{"taxonomy":"product_cat","embeddable":true,"href":"https:\/\/www.raschvin.com\/sv\/wp-json\/wp\/v2\/product_cat?post=21825"},{"taxonomy":"product_tag","embeddable":true,"href":"https:\/\/www.raschvin.com\/sv\/wp-json\/wp\/v2\/product_tag?post=21825"}],"curies":[{"name":"wp","href":"https:\/\/api.w.org\/{rel}","templated":true}]}}