{"id":21806,"date":"2022-06-16T13:30:07","date_gmt":"2022-06-16T11:30:07","guid":{"rendered":"https:\/\/www.raschvin.com\/vare\/alba-martin-albarino\/"},"modified":"2023-03-11T08:45:25","modified_gmt":"2023-03-11T07:45:25","slug":"alba-martin-albarino","status":"publish","type":"product","link":"https:\/\/www.raschvin.com\/sv\/produkt\/alba-martin-albarino\/","title":{"rendered":"Alba Mart\u00edn Albari\u00f1o 75 cl."},"content":{"rendered":"<p>Albari\u00f1o \u00e4r Spaniens b\u00e4sta vitvitt f\u00f6nster, som levererar rant och racing vita viner med f\u00e4rsk syra &#8211; inte till skillnad fr\u00e5n Riesling, som druvan ofta j\u00e4mf\u00f6rs. Albari\u00f1o har emellertid en gr\u00e4sbevuxen touch, som du hellre ansluter till Gr\u00fcner Voltliner eller Loire Sauvignon Blanc.<\/p>\n<p>Albari\u00f1o \u00e4r synonymt med omr\u00e5det av R\u00edas Baixas i det nordv\u00e4stra, Atlantiska gemensamma h\u00f6rnet av Spanien, d\u00e4r klimatet i gr\u00f6nt, tempererat Galicien \u00e4r extremt l\u00e4mpat f\u00f6r produktion av vitt vin. Detta vin kommer fr\u00e5n Val do Saln\u00e9s, som \u00e4r den ursprungliga odlingszonen i kustomr\u00e5det, strax norr om Pontevedra. H\u00e4r finns det mager, stenigt land som l\u00e4gger till vinerna en l\u00e4cker mineralism.<\/p>\n<p>Bodegas Mart\u00edn Codax \u00e4r Albai\u00f1o specialist som, med Alba Mart\u00edn, beg\u00e5tt ett vin med aromer av citrus, gl\u00f6dlampa, gr\u00e4s och f\u00e4rska mandlar. Detta \u00e4r ett torrt vitt vin som inte \u00e4r sett, men \u00e4nd\u00e5 det rika m\u00e5let f\u00f6r b\u00e5de arom och smak. N\u00e5got som s\u00e4llsynt som ett elegant vin som \u00e4r l\u00e4tt att h\u00e5lla.<\/p>\n<p>Detta vin \u00e4r underbart sj\u00e4lv, men visar verkligen sitt v\u00e4rde som suver\u00e4na matvin. Det \u00e4r som skapat f\u00f6r skaldjur, men \u00e4r ocks\u00e5 underbart f\u00f6r ett brett utbud av fettfett, vare sig vegetariska r\u00e4tter eller ljust k\u00f6tt.<\/p>\n<p>Vinet \u00e4r b\u00e4st att det \u00e4r ungt, serveras i rymliga vita vinglas p\u00e5 en serveringstemperatur p\u00e5 9-12 \u00b0.<\/p>\n","protected":false},"excerpt":{"rendered":"<p>R\u00edas Baixas &#8211; Spain<\/p>\n","protected":false},"featured_media":19793,"template":"","meta":{"_acf_changed":false,"rs_blank_template":"","rs_page_bg_color":"","slide_template_v7":""},"product_brand":[],"product_cat":[2788,2792],"product_tag":[],"class_list":{"0":"post-21806","1":"product","2":"type-product","3":"status-publish","4":"has-post-thumbnail","6":"product_cat-vin-sv","7":"product_cat-vitt-vin","8":"pa_drue-albarino-sv","9":"pa_land-spanien-sv","10":"pa_procent-13-sv","11":"pa_producent-bodegas-martin-codax-sv","12":"pa_region-rias-baixas-sv","13":"pa_serveringstemperatur-9-12-sv","14":"pa_volume-75-sv","16":"first","17":"instock","18":"taxable","19":"shipping-taxable","20":"purchasable","21":"product-type-simple"},"bundled_by":[],"bundle_stock_status":"instock","bundle_stock_quantity":null,"bundle_virtual":false,"bundle_layout":"","bundle_add_to_cart_form_location":"","bundle_editable_in_cart":false,"bundle_sold_individually_context":"","bundle_item_grouping":"","bundle_min_size":"","bundle_max_size":"","bundle_price":[],"bundled_items":[],"bundle_sell_ids":[],"acf":[],"_links":{"self":[{"href":"https:\/\/www.raschvin.com\/sv\/wp-json\/wp\/v2\/product\/21806","targetHints":{"allow":["GET"]}}],"collection":[{"href":"https:\/\/www.raschvin.com\/sv\/wp-json\/wp\/v2\/product"}],"about":[{"href":"https:\/\/www.raschvin.com\/sv\/wp-json\/wp\/v2\/types\/product"}],"wp:featuredmedia":[{"embeddable":true,"href":"https:\/\/www.raschvin.com\/sv\/wp-json\/wp\/v2\/media\/19793"}],"wp:attachment":[{"href":"https:\/\/www.raschvin.com\/sv\/wp-json\/wp\/v2\/media?parent=21806"}],"wp:term":[{"taxonomy":"product_brand","embeddable":true,"href":"https:\/\/www.raschvin.com\/sv\/wp-json\/wp\/v2\/product_brand?post=21806"},{"taxonomy":"product_cat","embeddable":true,"href":"https:\/\/www.raschvin.com\/sv\/wp-json\/wp\/v2\/product_cat?post=21806"},{"taxonomy":"product_tag","embeddable":true,"href":"https:\/\/www.raschvin.com\/sv\/wp-json\/wp\/v2\/product_tag?post=21806"}],"curies":[{"name":"wp","href":"https:\/\/api.w.org\/{rel}","templated":true}]}}