{"id":21804,"date":"2022-06-16T13:30:07","date_gmt":"2022-06-16T11:30:07","guid":{"rendered":"https:\/\/www.raschvin.com\/vare\/intorcia-marsala-semisecco\/"},"modified":"2022-11-21T09:41:56","modified_gmt":"2022-11-21T08:41:56","slug":"intorcia-marsala-semisecco","status":"publish","type":"product","link":"https:\/\/www.raschvin.com\/sv\/produkt\/intorcia-marsala-semisecco\/","title":{"rendered":"Marsala Intorcia Semi Secco Fine I.P. DOC (Half Sweet) 70 cl. 17%"},"content":{"rendered":"<p>P\u00e5 1700-talet b\u00f6rjade du leta efter alternativ till Sherry, som var det h\u00f6gsta s\u00e4ttet. En s\u00e4rskilt framg\u00e5ngsrik version hittades runt Marsala stad p\u00e5 den v\u00e4stligaste Sicilien, och vinet har &#8211; p\u00e5 samma s\u00e4tt som Sherry \/ Jer\u00e9z &#8211; tagit namn efter huvudstaden.<\/p>\n<p>Detta \u00e4r l\u00e4tt f\u00f6rst\u00e4rkt (17%) hed vin fr\u00e5n omr\u00e5det runt Marsala stad med minst ett \u00e5r av oxidativ lagring p\u00e5 (st\u00f6rre) skogar, varigenom det uppn\u00e5r sin ravly f\u00e4rg och exotisk, kryddig doft och smak av mogen frukt med funktion av fikon och daddlar. De druvor som anv\u00e4nds i Intorcia Marsala \u00e4r fr\u00e4mst lokala, gr\u00f6na druvor Catarratto och Inzolia, som ocks\u00e5 anv\u00e4nds i stor utstr\u00e4ckning f\u00f6r \u00f6ns torra vita viner. I denna Marsala finns en liten s\u00f6tma som h\u00e5ller de oxiderade anteckningarna i schack.<\/p>\n<p>Med tiden har vinet sin egen identitet, och Marsala anv\u00e4nds idag huvudsakligen f\u00f6r matlagning, d\u00e4r det \u00e4r oumb\u00e4rligt i en bra tiramisu. Men det \u00e4r skam bra p\u00e5 egen hand.<\/p>\n<p>Prova till exempel en semisecco (Halse) som det h\u00e4r l\u00e4tt kylda till tiramisu; Sj\u00e4lvklart serveras i ett bra vitt vinglas s\u00e5 att du f\u00e5r hela lukten med.<\/p>\n","protected":false},"excerpt":{"rendered":"<p>Cantine Intorcia \u2013 Itay<\/p>\n","protected":false},"featured_media":19785,"template":"","meta":{"_acf_changed":false,"rs_blank_template":"","rs_page_bg_color":"","slide_template_v7":""},"product_brand":[],"product_cat":[2765,2771],"product_tag":[],"class_list":{"0":"post-21804","1":"product","2":"type-product","3":"status-publish","4":"has-post-thumbnail","6":"product_cat-hedvin-sv","7":"product_cat-marsala-sv","8":"pa_champagne-type-semi-seco-sv","9":"pa_drue-catarratto-inzolia-sv-2","10":"pa_land-italien-sv","11":"pa_procent-17-sv","12":"pa_producent-cantine-intorcia-sv","13":"pa_region-sicilien-sv","14":"pa_serveringstemperatur-10-12-sv-2","15":"pa_volume-75-sv","17":"first","18":"instock","19":"taxable","20":"shipping-taxable","21":"purchasable","22":"product-type-simple"},"bundled_by":[],"bundle_stock_status":"instock","bundle_stock_quantity":null,"bundle_virtual":false,"bundle_layout":"","bundle_add_to_cart_form_location":"","bundle_editable_in_cart":false,"bundle_sold_individually_context":"","bundle_item_grouping":"","bundle_min_size":"","bundle_max_size":"","bundle_price":[],"bundled_items":[],"bundle_sell_ids":[],"acf":[],"_links":{"self":[{"href":"https:\/\/www.raschvin.com\/sv\/wp-json\/wp\/v2\/product\/21804","targetHints":{"allow":["GET"]}}],"collection":[{"href":"https:\/\/www.raschvin.com\/sv\/wp-json\/wp\/v2\/product"}],"about":[{"href":"https:\/\/www.raschvin.com\/sv\/wp-json\/wp\/v2\/types\/product"}],"wp:featuredmedia":[{"embeddable":true,"href":"https:\/\/www.raschvin.com\/sv\/wp-json\/wp\/v2\/media\/19785"}],"wp:attachment":[{"href":"https:\/\/www.raschvin.com\/sv\/wp-json\/wp\/v2\/media?parent=21804"}],"wp:term":[{"taxonomy":"product_brand","embeddable":true,"href":"https:\/\/www.raschvin.com\/sv\/wp-json\/wp\/v2\/product_brand?post=21804"},{"taxonomy":"product_cat","embeddable":true,"href":"https:\/\/www.raschvin.com\/sv\/wp-json\/wp\/v2\/product_cat?post=21804"},{"taxonomy":"product_tag","embeddable":true,"href":"https:\/\/www.raschvin.com\/sv\/wp-json\/wp\/v2\/product_tag?post=21804"}],"curies":[{"name":"wp","href":"https:\/\/api.w.org\/{rel}","templated":true}]}}