{"id":21800,"date":"2022-06-16T13:30:07","date_gmt":"2022-06-16T11:30:07","guid":{"rendered":"https:\/\/www.raschvin.com\/vare\/pike-road-white-pinot-gris\/"},"modified":"2022-11-30T19:13:46","modified_gmt":"2022-11-30T18:13:46","slug":"pike-road-white-pinot-gris","status":"publish","type":"product","link":"https:\/\/www.raschvin.com\/sv\/produkt\/pike-road-white-pinot-gris\/","title":{"rendered":"Pike Road Pinot Gris 75 cl."},"content":{"rendered":"<p>Pike Road Pinot Pig \u00e4r ett vitt vin fr\u00e5n Willamette Valley i Oregon, USA. Druvorna kommer fr\u00e5n olika f\u00e4lt i omr\u00e5det, prim\u00e4ra g\u00e4dda v\u00e4gar, men ocks\u00e5 fr\u00e5n utvalda partners. Denna &#8221;multi-wineyard&#8221; -metod, enligt Pike Road, ger ett mer komplext vin. De \u00e4r alla plockade f\u00f6r hand, k\u00e4rleksfullt pressat och kallt fermenterad i st\u00e5ltankar s\u00e5 att vinet beh\u00e5ller s\u00e5 mycket friskhet som m\u00f6jligt.<\/p>\n<p>F\u00e4rg: Ljus gyllene.<br \/>\nDoft: \u00e4pple, lim, gl\u00f6dlampa och nektarin.<br \/>\nSmak Anm\u00e4rkningar: Grapefrukt och ingef\u00e4ra med en uts\u00f6kt, livlig syra.<\/p>\n<p>Serveringsf\u00f6rslag: Njut av det kylt f\u00f6r ljust k\u00f6tt, fisk eller skaldjur, t.ex. kammusslor.<\/p>\n<p>Pike Road Wines skickade sina f\u00f6rsta flaskor p\u00e5 marknaden 2016. Bakom verksamheten hittar vi Campbell-familjen, som planterade sina f\u00f6rsta f\u00e4lt 1974 och samtidigt startade den v\u00e4lk\u00e4nda ving\u00e5rden, Elk Cove.<\/p>\n<p>Tanken bakom g\u00e4dda v\u00e4gviner s\u00e4ljer h\u00f6gkvalitativt vin gjorda p\u00e5 druvor som bara odlas i Willamette Valley, men till priser som \u00e4r mer tillg\u00e4ngliga \u00e4n vad du normalt tittar i omr\u00e5det. Det nya initiativet namngavs med v\u00e4gen som slangar genom den frodiga dalen och forts\u00e4tter djupt in i Oregon Coast Range-bergen, som \u00e4r s\u00e5 viktiga f\u00f6r Willamette Valleys gynnsamma odlingsf\u00f6rh\u00e5llanden.<\/p>\n<p>P\u00e5 Pike Road har du inga reservationer om att k\u00f6pa druvor fr\u00e5n andra vinb\u00f6nder s\u00e5 l\u00e4nge som kvaliteten \u00e4r topp. Tv\u00e4rtom vill man t\u00e4nka p\u00e5 att de sm\u00e5 b\u00f6nderna och familjef\u00f6retagen runt Willamette Valley kan \u00f6verleva, och i m\u00e5nga fall hade Campbell-familjen flera decennier med dessa b\u00f6nder! D\u00e4rf\u00f6r g\u00f6r flera av vinerna p\u00e5 b\u00e5da g\u00e4dda v\u00e4garnas egna druvor och fester fr\u00e5n utvalda b\u00f6nder i omr\u00e5det. De betonar ocks\u00e5 att denna &#8221;multi-vinyard&#8221; -metod i vissa fall kan ge ett mer komplext vin.<\/p>\n","protected":false},"excerpt":{"rendered":"<p>Oregon Willamette Valley &#8211; USA<\/p>\n","protected":false},"featured_media":30594,"template":"","meta":{"_acf_changed":false,"rs_blank_template":"","rs_page_bg_color":"","slide_template_v7":""},"product_brand":[],"product_cat":[2788,2792],"product_tag":[],"class_list":{"0":"post-21800","1":"product","2":"type-product","3":"status-publish","4":"has-post-thumbnail","6":"product_cat-vin-sv","7":"product_cat-vitt-vin","8":"pa_drue-pinot-gris-sv","9":"pa_land-usa-sv","10":"pa_procent-13-sv","11":"pa_producent-pike-road-wines-sv","12":"pa_region-oregon-sv","13":"pa_serveringstemperatur-10-12-sv-2","14":"pa_volume-75-sv","16":"first","17":"instock","18":"taxable","19":"shipping-taxable","20":"purchasable","21":"product-type-simple"},"bundled_by":["119679"],"bundle_stock_status":"instock","bundle_stock_quantity":null,"bundle_virtual":false,"bundle_layout":"","bundle_add_to_cart_form_location":"","bundle_editable_in_cart":false,"bundle_sold_individually_context":"","bundle_item_grouping":"","bundle_min_size":"","bundle_max_size":"","bundle_price":[],"bundled_items":[],"bundle_sell_ids":[],"acf":[],"_links":{"self":[{"href":"https:\/\/www.raschvin.com\/sv\/wp-json\/wp\/v2\/product\/21800","targetHints":{"allow":["GET"]}}],"collection":[{"href":"https:\/\/www.raschvin.com\/sv\/wp-json\/wp\/v2\/product"}],"about":[{"href":"https:\/\/www.raschvin.com\/sv\/wp-json\/wp\/v2\/types\/product"}],"wp:featuredmedia":[{"embeddable":true,"href":"https:\/\/www.raschvin.com\/sv\/wp-json\/wp\/v2\/media\/30594"}],"wp:attachment":[{"href":"https:\/\/www.raschvin.com\/sv\/wp-json\/wp\/v2\/media?parent=21800"}],"wp:term":[{"taxonomy":"product_brand","embeddable":true,"href":"https:\/\/www.raschvin.com\/sv\/wp-json\/wp\/v2\/product_brand?post=21800"},{"taxonomy":"product_cat","embeddable":true,"href":"https:\/\/www.raschvin.com\/sv\/wp-json\/wp\/v2\/product_cat?post=21800"},{"taxonomy":"product_tag","embeddable":true,"href":"https:\/\/www.raschvin.com\/sv\/wp-json\/wp\/v2\/product_tag?post=21800"}],"curies":[{"name":"wp","href":"https:\/\/api.w.org\/{rel}","templated":true}]}}