{"id":21798,"date":"2022-06-16T13:29:32","date_gmt":"2022-06-16T11:29:32","guid":{"rendered":"https:\/\/www.raschvin.com\/vare\/pike-road-white-chardonnay\/"},"modified":"2022-11-30T19:10:33","modified_gmt":"2022-11-30T18:10:33","slug":"pike-road-white-chardonnay","status":"publish","type":"product","link":"https:\/\/www.raschvin.com\/sv\/produkt\/pike-road-white-chardonnay\/","title":{"rendered":"Pike Road Chardonnay 75 cl."},"content":{"rendered":"<p>&#8221;Det h\u00e4r vinets starka mint doft f\u00e5ngar din uppm\u00e4rksamhet omedelbart, och den kvaliteten b\u00e4r in i gommen. Quince, ananas och citronmor h\u00e5ller det intressant och p\u00e5 den ljusa sidan av mogen. Det finns en touch av krydda p\u00e5 finishen.&#8221;<\/p>\n<p>91 &#038; Redakt\u00f6rens val &#8211; Point Pail Gregutt, vinentusiast<\/p>\n<p>90 po\u00e4ng &#8211; James Suckling, Jamessuckling.com<\/p>\n<p>Den v\u00e4rldsber\u00f6mda gr\u00f6na druvan Chardonnay har n\u00e4stan o\u00e4ndligt m\u00e5nga uttryck. Det burgundiga uttrycket ses av m\u00e5nga vin\u00e4lskare som den &#8221;korrekta&#8221; och yttersta. Willamette Valley i Oregon \u00e4r en av de f\u00e5 omr\u00e5dena i v\u00e4rlden som s\u00e5 sm\u00e5ningom ger Bourgogne direkt konkurrens n\u00e4r det g\u00e4ller kvaliteten p\u00e5 Chardonnay. Elk Cove, tillverkaren bakom g\u00e4dda v\u00e4gviner, h\u00e4r \u00e4r h\u00e4r f\u00f6r att sl\u00e5 n\u00e5l\u00f6get. Stor balans och kvalitet till ett pris som \u00e4r extremt rimligt!<\/p>\n<p>Pike Road Chardonnay \u00e4r bara ett annat exempel p\u00e5 hur v\u00e4l de burgundiska druvorna trivs i den amerikanska staten Oregon. Alla druvor f\u00f6r detta vin kommer fr\u00e5n Ava Willamette Valley. En del av vinet fermenteras och lagras i fransk ek (ca 35% \u00e4r nytt) i 9 m\u00e5nader, medan resten bara ser st\u00e5l. Det ger en begr\u00e4nsad och harmonisk Dishpr\u00e6ken som inte dominerar eller \u00f6verskuggar den f\u00e4rska, ljusa frukterna.<\/p>\n<p>F\u00e4rg: Ljus gyllene.<br \/>\nFragrance: Gener\u00f6s doft av ananas, citron och mynta.<br \/>\nSmak Anm\u00e4rkningar: En l\u00e4tt kryddig anteckning av vaniljsm\u00f6r som \u00e5tf\u00f6ljer kvitten, ananas och citrusfrukter. Fin fullhet, men inte tung.<\/p>\n<p>Serveringsf\u00f6rslag: Njut av det kylt f\u00f6r r\u00e4tter med fisk eller skaldjur.<\/p>\n<p>Pike Road Wines skickade sina f\u00f6rsta flaskor p\u00e5 marknaden 2016. Bakom verksamheten hittar vi Campbell-familjen, som planterade sina f\u00f6rsta f\u00e4lt 1974 och samtidigt startade den v\u00e4lk\u00e4nda ving\u00e5rden, Elk Cove.<\/p>\n<p>Tanken bakom g\u00e4dda v\u00e4gviner s\u00e4ljer h\u00f6gkvalitativt vin gjorda p\u00e5 druvor som bara odlas i Willamette Valley, men till priser som \u00e4r mer tillg\u00e4ngliga \u00e4n vad du normalt tittar i omr\u00e5det. Det nya initiativet namngavs med v\u00e4gen som slangar genom den frodiga dalen och forts\u00e4tter djupt in i Oregon Coast Range-bergen, som \u00e4r s\u00e5 viktiga f\u00f6r Willamette Valleys gynnsamma odlingsf\u00f6rh\u00e5llanden.<\/p>\n<p>P\u00e5 Pike Road har du inga reservationer om att k\u00f6pa druvor fr\u00e5n andra vinb\u00f6nder s\u00e5 l\u00e4nge som kvaliteten \u00e4r topp. Tv\u00e4rtom vill man t\u00e4nka p\u00e5 att de sm\u00e5 b\u00f6nderna och familjef\u00f6retagen runt Willamette Valley kan \u00f6verleva, och i m\u00e5nga fall hade Campbell-familjen flera decennier med dessa b\u00f6nder! D\u00e4rf\u00f6r g\u00f6r flera av vinerna p\u00e5 b\u00e5da g\u00e4dda v\u00e4garnas egna druvor och fester fr\u00e5n utvalda b\u00f6nder i omr\u00e5det. De betonar ocks\u00e5 att denna &#8221;multi-vinyard&#8221; -metod i vissa fall kan ge ett mer komplext vin.<\/p>\n","protected":false},"excerpt":{"rendered":"<p>Oregon Willamette Valley &#8211; USA<\/p>\n","protected":false},"featured_media":30574,"template":"","meta":{"_acf_changed":false,"rs_blank_template":"","rs_page_bg_color":"","slide_template_v7":""},"product_brand":[],"product_cat":[2788,2792],"product_tag":[],"class_list":{"0":"post-21798","1":"product","2":"type-product","3":"status-publish","4":"has-post-thumbnail","6":"product_cat-vin-sv","7":"product_cat-vitt-vin","8":"pa_drue-chardonnay-sv","9":"pa_land-usa-sv","10":"pa_procent-13-sv","11":"pa_producent-pike-road-wines-sv","12":"pa_region-oregon-sv","13":"pa_serveringstemperatur-10-12-sv-2","14":"pa_volume-75-sv","16":"first","17":"instock","18":"taxable","19":"shipping-taxable","20":"purchasable","21":"product-type-simple"},"bundled_by":["120057"],"bundle_stock_status":"instock","bundle_stock_quantity":null,"bundle_virtual":false,"bundle_layout":"","bundle_add_to_cart_form_location":"","bundle_editable_in_cart":false,"bundle_sold_individually_context":"","bundle_item_grouping":"","bundle_min_size":"","bundle_max_size":"","bundle_price":[],"bundled_items":[],"bundle_sell_ids":[],"acf":[],"_links":{"self":[{"href":"https:\/\/www.raschvin.com\/sv\/wp-json\/wp\/v2\/product\/21798","targetHints":{"allow":["GET"]}}],"collection":[{"href":"https:\/\/www.raschvin.com\/sv\/wp-json\/wp\/v2\/product"}],"about":[{"href":"https:\/\/www.raschvin.com\/sv\/wp-json\/wp\/v2\/types\/product"}],"wp:featuredmedia":[{"embeddable":true,"href":"https:\/\/www.raschvin.com\/sv\/wp-json\/wp\/v2\/media\/30574"}],"wp:attachment":[{"href":"https:\/\/www.raschvin.com\/sv\/wp-json\/wp\/v2\/media?parent=21798"}],"wp:term":[{"taxonomy":"product_brand","embeddable":true,"href":"https:\/\/www.raschvin.com\/sv\/wp-json\/wp\/v2\/product_brand?post=21798"},{"taxonomy":"product_cat","embeddable":true,"href":"https:\/\/www.raschvin.com\/sv\/wp-json\/wp\/v2\/product_cat?post=21798"},{"taxonomy":"product_tag","embeddable":true,"href":"https:\/\/www.raschvin.com\/sv\/wp-json\/wp\/v2\/product_tag?post=21798"}],"curies":[{"name":"wp","href":"https:\/\/api.w.org\/{rel}","templated":true}]}}