{"id":21795,"date":"2022-06-16T13:29:32","date_gmt":"2022-06-16T11:29:32","guid":{"rendered":"https:\/\/www.raschvin.com\/vare\/cap-royal\/"},"modified":"2026-02-04T15:52:06","modified_gmt":"2026-02-04T14:52:06","slug":"cap-royal","status":"publish","type":"product","link":"https:\/\/www.raschvin.com\/sv\/produkt\/cap-royal\/","title":{"rendered":"Cap Royal Bordeaux Sup\u00e9rieur 2019 75 cl."},"content":{"rendered":"<p>Cap Royal har sitt namn fr\u00e5n Cordouan fyr, Frankrikes \u00e4ldsta av sitt slag, som ligger d\u00e4r Gironde-floden m\u00f6ter Atlanten.<\/p>\n<p>Mannen bakom vinet \u00e4r ingen underl\u00e4gsen \u00e4n Jean-Ren\u00e9 Matignon, som dagligen tvister titeln som en teknisk regiss\u00f6r p\u00e5 Ch\u00e2teau Pichon-Baron, 2.Cru Class\u00e9 i Pauillac.<\/p>\n<p>\u00c5r 2013 b\u00f6rjade Cap Royal Project med \u00f6nskan om ett gott, v\u00e4lgjort vin i en m\u00e4nsklig pris hyra med hj\u00e4lp av branschens allra f\u00f6rsta expertis och La Compagnie M\u00e9docaine, det finns en huvudspelare p\u00e5 Bordeauxs vinplats. Monsieur Matignon har varit ansvarig f\u00f6r valet och koaguleringen av vinet och varit ansvarig f\u00f6r r\u00e4tt lagring i franska barriques.<\/p>\n<p>Druvblandningen i vinet \u00e4r 2\/3 Merlot och 1\/3 Cabernet Sauvignon. Vinet fermenteras p\u00e5 st\u00e5ltankar, varefter det har varit 6-8 m\u00e5nader blek av varierande \u00e5lder, vilket hj\u00e4lper till att forma vinet i \u00f6nskad riktning.<\/p>\n<p>I det glas som vi m\u00f6ter en torr, rik och intensiv doft av s\u00e4rskilt mogna svarta vinb\u00e4r med lite bj\u00f6rnb\u00e4r, r\u00f6d frukt och n\u00e5got kryddiga anteckningar av ek. Smaken \u00e4r rik men rundad, och h\u00e4r \u00e4r &#8211; lite ovanligt f\u00f6r Bordeaux &#8211; bra koncentration, \u00e4ven om det inte \u00e4r dyrt vin. Detta \u00e4r Bordeaux i en nyare tolkning med densitet i frukten parad med en konsumentv\u00e4nlig mjukhet.<\/p>\n<p>Denna \u00e5rg\u00e5ng kan avnjutas b\u00e5de nu, men kommer ocks\u00e5 att kunna sitta ner en handfull \u00e5r.<\/p>\n<p>B\u00f6r \u00e5tnjutas i stora glas\u00f6gon vid 16-18 \u00b0 mot vilda, lamm eller en v\u00e4lvuxen r\u00f6d biff.<\/p>\n<p>90 po\u00e4ng J. Suckling<br \/>\n89 po\u00e4ng vinentusiast<br \/>\nGold Challenge International Du Vin<\/p>\n","protected":false},"excerpt":{"rendered":"<p>Bourdeaux Rouge &#8211; France<\/p>\n","protected":false},"featured_media":19705,"template":"","meta":{"_acf_changed":false,"rs_blank_template":"","rs_page_bg_color":"","slide_template_v7":""},"product_brand":[],"product_cat":[2788,2798],"product_tag":[],"class_list":{"0":"post-21795","1":"product","2":"type-product","3":"status-publish","4":"has-post-thumbnail","6":"product_cat-vin-sv","7":"product_cat-roedvin-sv","8":"pa_aargang-2019-sv","9":"pa_drue-cabernet-sauvignon-merlot-sv","10":"pa_land-frankrike","11":"pa_procent-13-5-sv","12":"pa_producent-jean-rene-matignon-sv","13":"pa_region-bordeaux-sv","14":"pa_serveringstemperatur-16-18-sv","15":"pa_volume-75-sv","17":"first","18":"instock","19":"taxable","20":"shipping-taxable","21":"purchasable","22":"product-type-simple"},"bundled_by":["119753"],"bundle_stock_status":"instock","bundle_stock_quantity":null,"bundle_virtual":false,"bundle_layout":"","bundle_add_to_cart_form_location":"","bundle_editable_in_cart":false,"bundle_sold_individually_context":"","bundle_item_grouping":"","bundle_min_size":"","bundle_max_size":"","bundle_price":[],"bundled_items":[],"bundle_sell_ids":[],"acf":[],"_links":{"self":[{"href":"https:\/\/www.raschvin.com\/sv\/wp-json\/wp\/v2\/product\/21795","targetHints":{"allow":["GET"]}}],"collection":[{"href":"https:\/\/www.raschvin.com\/sv\/wp-json\/wp\/v2\/product"}],"about":[{"href":"https:\/\/www.raschvin.com\/sv\/wp-json\/wp\/v2\/types\/product"}],"wp:featuredmedia":[{"embeddable":true,"href":"https:\/\/www.raschvin.com\/sv\/wp-json\/wp\/v2\/media\/19705"}],"wp:attachment":[{"href":"https:\/\/www.raschvin.com\/sv\/wp-json\/wp\/v2\/media?parent=21795"}],"wp:term":[{"taxonomy":"product_brand","embeddable":true,"href":"https:\/\/www.raschvin.com\/sv\/wp-json\/wp\/v2\/product_brand?post=21795"},{"taxonomy":"product_cat","embeddable":true,"href":"https:\/\/www.raschvin.com\/sv\/wp-json\/wp\/v2\/product_cat?post=21795"},{"taxonomy":"product_tag","embeddable":true,"href":"https:\/\/www.raschvin.com\/sv\/wp-json\/wp\/v2\/product_tag?post=21795"}],"curies":[{"name":"wp","href":"https:\/\/api.w.org\/{rel}","templated":true}]}}