{"id":21789,"date":"2022-06-16T13:29:32","date_gmt":"2022-06-16T11:29:32","guid":{"rendered":"https:\/\/www.raschvin.com\/vare\/hamilton-russell-chardonnay\/"},"modified":"2025-08-28T09:50:21","modified_gmt":"2025-08-28T07:50:21","slug":"hamilton-russell-chardonnay","status":"publish","type":"product","link":"https:\/\/www.raschvin.com\/sv\/produkt\/hamilton-russell-chardonnay\/","title":{"rendered":"Hamilton Russell Vineyards &#8211; Chardonnay 2024 75 cl."},"content":{"rendered":"<p>Hamilton Russell Vineyards Chardonnay 2024 kommer fr\u00e5n den svalare Hemel-en-Aarde-dalen i Sydafrika och \u00e4r en elegant och uttrycksfull tolkning av druvan. Denna \u00e5rg\u00e5ng k\u00e4nnetecknas av sin subtila mineralitet, friska syra och djup.<\/p>\n<p>Smakprofil:<br \/>\nDoften \u00e4r komplex med blommiga inslag, tillsammans med toner av p\u00e4ron, lime, vit persika och \u00e4pple. P\u00e5 paletten \u00e4r vinet precist och strukturerat, men \u00e4nd\u00e5 mjukt och elegant. Den torra mineraliteten och den livliga syran ger en balanserad och sofistikerad smakupplevelse. Eftersmaken \u00e4r l\u00e5ng och torr, med tydlig mineralitet och fr\u00e4sch syra.<\/p>\n<p>Vinframst\u00e4llning:<br \/>\nChardonnay-vinet har j\u00e4st p\u00e5 ekfat och lagrats i 9 m\u00e5nader i 228-liters franska ekfat fr\u00e5n Fran\u00e7ois Fr\u00e8res. Blandningen inkluderar nya, andra och tredje anv\u00e4ndningens fat samt \u00e4ldre ek f\u00f6r att skapa komplexitet. Produktionen \u00e4r begr\u00e4nsad till 2 945 l\u00e5dor med 12 flaskor, med en l\u00e5g sk\u00f6rdeutdelning p\u00e5 1,5 ton per hektar, vilket speglar den utmanande odlingss\u00e4songen.<\/p>\n<p>\u00c5rg\u00e5ngens utmaningar:<br \/>\nV\u00e4xts\u00e4songen 2024 var s\u00e4rskilt kr\u00e4vande p\u00e5 grund av den ovanliga stormen den 24\u201325 september 2023, som p\u00e5verkade blomningen och resulterade i rekordl\u00e5ga sk\u00f6rdar f\u00f6r Chardonnay. Dessutom var sjukdomspressen under s\u00e4songen ovanligt h\u00f6g.<\/p>\n","protected":false},"excerpt":{"rendered":"<p>Hamilton Russell Vineyards &#8211; South Africa<\/p>\n","protected":false},"featured_media":19677,"template":"","meta":{"_acf_changed":false,"rs_blank_template":"","rs_page_bg_color":"","slide_template_v7":""},"product_brand":[],"product_cat":[2788,2792],"product_tag":[],"class_list":{"0":"post-21789","1":"product","2":"type-product","3":"status-publish","4":"has-post-thumbnail","6":"product_cat-vin-sv","7":"product_cat-vitt-vin","8":"pa_aargang-2024-sv","9":"pa_drue-chardonnay-sv","10":"pa_land-sydafrika-sv","11":"pa_procent-13-sv","12":"pa_producent-hamilton-russell-vinyards-sv","13":"pa_region-stellenbosh-sv","14":"pa_serveringstemperatur-10-14-sv","15":"pa_volume-75-sv","17":"first","18":"instock","19":"taxable","20":"shipping-taxable","21":"purchasable","22":"product-type-simple"},"bundled_by":["120947"],"bundle_stock_status":"instock","bundle_stock_quantity":null,"bundle_virtual":false,"bundle_layout":"","bundle_add_to_cart_form_location":"","bundle_editable_in_cart":false,"bundle_sold_individually_context":"","bundle_item_grouping":"","bundle_min_size":"","bundle_max_size":"","bundle_price":[],"bundled_items":[],"bundle_sell_ids":[],"acf":[],"_links":{"self":[{"href":"https:\/\/www.raschvin.com\/sv\/wp-json\/wp\/v2\/product\/21789","targetHints":{"allow":["GET"]}}],"collection":[{"href":"https:\/\/www.raschvin.com\/sv\/wp-json\/wp\/v2\/product"}],"about":[{"href":"https:\/\/www.raschvin.com\/sv\/wp-json\/wp\/v2\/types\/product"}],"wp:featuredmedia":[{"embeddable":true,"href":"https:\/\/www.raschvin.com\/sv\/wp-json\/wp\/v2\/media\/19677"}],"wp:attachment":[{"href":"https:\/\/www.raschvin.com\/sv\/wp-json\/wp\/v2\/media?parent=21789"}],"wp:term":[{"taxonomy":"product_brand","embeddable":true,"href":"https:\/\/www.raschvin.com\/sv\/wp-json\/wp\/v2\/product_brand?post=21789"},{"taxonomy":"product_cat","embeddable":true,"href":"https:\/\/www.raschvin.com\/sv\/wp-json\/wp\/v2\/product_cat?post=21789"},{"taxonomy":"product_tag","embeddable":true,"href":"https:\/\/www.raschvin.com\/sv\/wp-json\/wp\/v2\/product_tag?post=21789"}],"curies":[{"name":"wp","href":"https:\/\/api.w.org\/{rel}","templated":true}]}}