{"id":21778,"date":"2022-06-16T13:28:46","date_gmt":"2022-06-16T11:28:46","guid":{"rendered":"https:\/\/www.raschvin.com\/vare\/perlino-extra-dry-100-cl\/"},"modified":"2022-11-30T14:25:15","modified_gmt":"2022-11-30T13:25:15","slug":"perlino-extra-dry-100-cl","status":"publish","type":"product","link":"https:\/\/www.raschvin.com\/sv\/produkt\/perlino-extra-dry-100-cl\/","title":{"rendered":"Perlino Extra Dry 100 cl. 15%"},"content":{"rendered":"<p>Trevlig torr, harmonisk och rund<br \/>\nF\u00e4rgen \u00e4r klar med ljusgul gr\u00f6naktig touch. Doften \u00e4r karakteristisk f\u00f6r hennes aromatiska och harmoniska tips av enb\u00e4r. Smaken \u00e4r uts\u00f6kt, torr och harmonisk<\/p>\n<p>Perlino Vermouth Extra torr \u00e4r idealisk i cocktails, f\u00f6retr\u00e4desvis kyld.<\/p>\n<p>Serveringstemperatur: 20-22 \u00b0 C<\/p>\n<p>F\u00f6rberedelse<br \/>\nDe aromatiska \u00f6rter och kryddor har varit mjuka i alkohol i minst 30 dagar. Resultatet blandas med vin, alkohol och socker.<\/p>\n<p>Om tillverkaren<br \/>\nF\u00f6retaget Perlino grundades av Giuseppe Perlino och har funnits sedan 1905. Perlino b\u00f6rjade producera vin men i 1930-talet utvidgade produktionen till att inkludera mousserande vin och vermouth. Vermouth har s\u00e5 sm\u00e5ningom blivit Perlinos starka produkt och har fotf\u00e4ste b\u00e5de nationellt och internationellt.<br \/>\nPerlinos administrativa del ligger i Asti i Pittoresque Piemonte med berg och kuperat landskap. Vinodlingar och ving\u00e5rdar \u00e4r utspridda i hela Piemonte.<\/p>\n","protected":false},"excerpt":{"rendered":"<p>Vermouth di Torino Italiano<\/p>\n","protected":false},"featured_media":19616,"template":"","meta":{"_acf_changed":false,"rs_blank_template":"","rs_page_bg_color":"","slide_template_v7":""},"product_brand":[],"product_cat":[2765,2774],"product_tag":[],"class_list":{"0":"post-21778","1":"product","2":"type-product","3":"status-publish","4":"has-post-thumbnail","6":"product_cat-hedvin-sv","7":"product_cat-vermouth-sv","8":"pa_land-italien-sv","9":"pa_procent-15-sv","10":"pa_producent-perlino-sv","11":"pa_region-piemonte-sv","12":"pa_serveringstemperatur-20-22-sv","13":"pa_volume-100-sv","15":"first","16":"instock","17":"taxable","18":"shipping-taxable","19":"purchasable","20":"product-type-simple"},"bundled_by":[],"bundle_stock_status":"instock","bundle_stock_quantity":null,"bundle_virtual":false,"bundle_layout":"","bundle_add_to_cart_form_location":"","bundle_editable_in_cart":false,"bundle_sold_individually_context":"","bundle_item_grouping":"","bundle_min_size":"","bundle_max_size":"","bundle_price":[],"bundled_items":[],"bundle_sell_ids":[],"acf":[],"_links":{"self":[{"href":"https:\/\/www.raschvin.com\/sv\/wp-json\/wp\/v2\/product\/21778","targetHints":{"allow":["GET"]}}],"collection":[{"href":"https:\/\/www.raschvin.com\/sv\/wp-json\/wp\/v2\/product"}],"about":[{"href":"https:\/\/www.raschvin.com\/sv\/wp-json\/wp\/v2\/types\/product"}],"wp:featuredmedia":[{"embeddable":true,"href":"https:\/\/www.raschvin.com\/sv\/wp-json\/wp\/v2\/media\/19616"}],"wp:attachment":[{"href":"https:\/\/www.raschvin.com\/sv\/wp-json\/wp\/v2\/media?parent=21778"}],"wp:term":[{"taxonomy":"product_brand","embeddable":true,"href":"https:\/\/www.raschvin.com\/sv\/wp-json\/wp\/v2\/product_brand?post=21778"},{"taxonomy":"product_cat","embeddable":true,"href":"https:\/\/www.raschvin.com\/sv\/wp-json\/wp\/v2\/product_cat?post=21778"},{"taxonomy":"product_tag","embeddable":true,"href":"https:\/\/www.raschvin.com\/sv\/wp-json\/wp\/v2\/product_tag?post=21778"}],"curies":[{"name":"wp","href":"https:\/\/api.w.org\/{rel}","templated":true}]}}