{"id":21773,"date":"2022-06-16T13:28:09","date_gmt":"2022-06-16T11:28:09","guid":{"rendered":"https:\/\/www.raschvin.com\/vare\/crystal-bay-shiraz-rose\/"},"modified":"2022-11-11T09:09:58","modified_gmt":"2022-11-11T08:09:58","slug":"crystal-bay-shiraz-rose","status":"publish","type":"product","link":"https:\/\/www.raschvin.com\/sv\/produkt\/crystal-bay-shiraz-rose\/","title":{"rendered":"Crystal Bay &#8211; Shiraz Ros\u00e9 75 cl."},"content":{"rendered":"<p>L\u00e4ckert fr\u00e4scht och krispigt ros\u00e9vin med smak av sommarb\u00e4r och l\u00e4tt kryddiga toner.<\/p>\n<p>Bra p\u00e5:<br \/>\nAperitif, sallader, kyckling och kalkon<\/p>\n<p>Krispig, fr\u00e4sch och saftig<br \/>\nEtt m\u00f6rkt r\u00f6tt ros\u00e9vin med doftande doft av skogens r\u00f6da b\u00e4r, h\u00e4r \u00e4r en symfoni av k\u00f6rsb\u00e4r, jordgubbar och rosor. Smaken \u00e4r balanserad med stor fruktkomplexitet och l\u00e5ng b\u00f6terful eftertr\u00e4.<\/p>\n<p>Servera detta vin f\u00f6r ljust k\u00f6tt, sallader och milda ostar.<\/p>\n<p>Serveringstemperatur: 8-10 \u00b0 C<\/p>\n<p>F\u00f6rberedelse<br \/>\nI Australien sk\u00f6rdas druvorna i april, d\u00e4r de har uppn\u00e5tt optimal mognad. Vid tillverkning av detta ros\u00e9vin har du l\u00e5t skalen ligga med m\u00e5ste p\u00e5 kortare tid f\u00f6r att extrahera f\u00e4rg. D\u00e5 behandlas vinet som ett vitt vin med j\u00e4sning vid kontrollerad temperatur och efterf\u00f6ljande lagring p\u00e5 st\u00e5ltankar, f\u00f6r att bibeh\u00e5lla vinets natur.<\/p>\n<p>CO2 &#8211; milj\u00f6v\u00e4nlig<br \/>\nTransport av vin i bulk fr\u00e5n ursprungslandet f\u00f6r tappning i Danmark \u00e4r en v\u00e4sentligt reducerad koldioxidbelastning f\u00f6r j\u00e4mf\u00f6relse med vin som importeras p\u00e5 en flaska. I erk\u00e4nnande av det reducerade CO2-avtrycket, men ocks\u00e5 s\u00e4kerheten f\u00f6r vinets kvalitet och de ekonomiska f\u00f6rdelarna med att transportera vin i bulk utg\u00f6r Bulkvin en \u00f6kande del av v\u00e5r verksamhet. L\u00e4s mer h\u00e4r &#8211; www.co2friendlywine.eu.<\/p>\n<p>Om tillverkaren<br \/>\nSex utm\u00e4rkta viner fr\u00e5n de b\u00e4sta omr\u00e5dena &#8221;nere under&#8221;; Paddhaway, Riverland, McLaren Vale, Clare Valley och Marlborough. Alla viner \u00e4r speciellt utvalda f\u00f6r serien och har stora snedvridningar fr\u00e5n olika provningar. Med Crystal Bay-serien ger termen &#8221;v\u00e4rde f\u00f6r pengarna&#8221; kristallklar mening.<\/p>\n","protected":false},"excerpt":{"rendered":"<p>Riverland &#8211; South Australia Light Ros\u00e9<\/p>\n","protected":false},"featured_media":29576,"template":"","meta":{"_acf_changed":false,"rs_blank_template":"","rs_page_bg_color":"","slide_template_v7":""},"product_brand":[],"product_cat":[2796,7779,2788],"product_tag":[],"class_list":{"0":"post-21773","1":"product","2":"type-product","3":"status-publish","4":"has-post-thumbnail","6":"product_cat-rosevin-sv","7":"product_cat-sommar-rose","8":"product_cat-vin-sv","9":"pa_drue-shiraz-sv","10":"pa_land-australien-sv","11":"pa_procent-13-sv","12":"pa_producent-crystal-bay-sv","13":"pa_region-riverland-sv","14":"pa_serveringstemperatur-8-10-sv","15":"pa_volume-75-sv","17":"first","18":"instock","19":"taxable","20":"shipping-taxable","21":"purchasable","22":"product-type-simple"},"bundled_by":["120295"],"bundle_stock_status":"instock","bundle_stock_quantity":null,"bundle_virtual":false,"bundle_layout":"","bundle_add_to_cart_form_location":"","bundle_editable_in_cart":false,"bundle_sold_individually_context":"","bundle_item_grouping":"","bundle_min_size":"","bundle_max_size":"","bundle_price":[],"bundled_items":[],"bundle_sell_ids":[],"acf":[],"_links":{"self":[{"href":"https:\/\/www.raschvin.com\/sv\/wp-json\/wp\/v2\/product\/21773","targetHints":{"allow":["GET"]}}],"collection":[{"href":"https:\/\/www.raschvin.com\/sv\/wp-json\/wp\/v2\/product"}],"about":[{"href":"https:\/\/www.raschvin.com\/sv\/wp-json\/wp\/v2\/types\/product"}],"wp:featuredmedia":[{"embeddable":true,"href":"https:\/\/www.raschvin.com\/sv\/wp-json\/wp\/v2\/media\/29576"}],"wp:attachment":[{"href":"https:\/\/www.raschvin.com\/sv\/wp-json\/wp\/v2\/media?parent=21773"}],"wp:term":[{"taxonomy":"product_brand","embeddable":true,"href":"https:\/\/www.raschvin.com\/sv\/wp-json\/wp\/v2\/product_brand?post=21773"},{"taxonomy":"product_cat","embeddable":true,"href":"https:\/\/www.raschvin.com\/sv\/wp-json\/wp\/v2\/product_cat?post=21773"},{"taxonomy":"product_tag","embeddable":true,"href":"https:\/\/www.raschvin.com\/sv\/wp-json\/wp\/v2\/product_tag?post=21773"}],"curies":[{"name":"wp","href":"https:\/\/api.w.org\/{rel}","templated":true}]}}