{"id":21771,"date":"2022-06-16T13:28:09","date_gmt":"2022-06-16T11:28:09","guid":{"rendered":"https:\/\/www.raschvin.com\/vare\/beyond-big-the-one-cabernet-sauvignon\/"},"modified":"2023-03-13T18:52:15","modified_gmt":"2023-03-13T17:52:15","slug":"beyond-big-the-one-cabernet-sauvignon","status":"publish","type":"product","link":"https:\/\/www.raschvin.com\/sv\/produkt\/beyond-big-the-one-cabernet-sauvignon\/","title":{"rendered":"BEYOND BIG! &#8211; The One Cabernet Sauvignon 75 cl."},"content":{"rendered":"<p>Produktbeskrivning<br \/>\nRik och mjuk<br \/>\nBEYOND BIG! \u00c4r ett superharmoniskt, mjukt och rikt vin packat med saftig frukt som bj\u00f6rnb\u00e4r, k\u00f6rsb\u00e4r samt lite vanilj och krydda fr\u00e5n eket.<\/p>\n<p>Njut av vinet f\u00f6r t.ex. En grill, pastar\u00e4tter eller till n\u00e5gra l\u00e4ckra m\u00f6rka choklad.<\/p>\n<p>Serveringstemperatur: 16-18 \u00b0 C<\/p>\n<p>F\u00f6rberedelse<br \/>\nDagarna \u00e4r varma och n\u00e4tterna \u00e4r coola i centrala kusten. Med de m\u00e5ttliga temperaturerna i omr\u00e5det \u00e4r druvorna l\u00e5ngsamt, och frukten i druvorna \u00e4r perfekt utvecklad med massor av god smak och fin syra. Vinet f\u00e5r en h\u00f6g intensitet, en trevlig intensiv f\u00e4rg och en h\u00e4rlig fruktbar karakt\u00e4r.<\/p>\n<p>Passionerade winmakers arbetar med ving\u00e5rdarna f\u00f6r att s\u00e4kerst\u00e4lla att de druvor som anv\u00e4nds f\u00f6r bortom stora \u00e4r av h\u00f6gsta kvalitet. De bes\u00f6ker regelbundet ving\u00e5rdarna f\u00f6r att personligen smaka p\u00e5 druvorna f\u00f6re sk\u00f6rden.<\/p>\n<p>Sk\u00f6rden \u00e4ger rum p\u00e5 natten f\u00f6r att bevara druvorna svala och f\u00e4rska. Det m\u00e5ste genomg\u00e5 en bl\u00f6dning i tv\u00e5 dagar innan j\u00e4sningen sker \u00f6ver 7-10 dagar tillsammans med druvhuden. Vinet mognar i amerikansk och fransk ek i 9 m\u00e5nader. R\u00e4tterna \u00e4r mellan 3 och 7 \u00e5r, och vinet uppn\u00e5r d\u00e4rmed extremt v\u00e4lintegrerade anteckningar fr\u00e5n eken.<\/p>\n<p>CO2 &#8211; milj\u00f6v\u00e4nlig<br \/>\nTransport av vin i bulk fr\u00e5n ursprungslandet f\u00f6r tappning i Danmark \u00e4r en v\u00e4sentligt reducerad koldioxidbelastning f\u00f6r j\u00e4mf\u00f6relse med vin som importeras p\u00e5 en flaska. I erk\u00e4nnande av det reducerade CO2-avtrycket, men ocks\u00e5 s\u00e4kerheten f\u00f6r vinets kvalitet och de ekonomiska f\u00f6rdelarna med att transportera vin i bulk utg\u00f6r Bulkvin en \u00f6kande del av v\u00e5r verksamhet. L\u00e4s mer h\u00e4r &#8211; www.co2friendlywine.eu.<\/p>\n<p>Om tillverkaren<br \/>\nEn serie stora viner gjorda p\u00e5 lika dela gl\u00e4dje, sublima b\u00e5tar och Kalifornien solsken. Vinerna \u00e4r gjorda av druvor fr\u00e5n f\u00f6rstklassiga ving\u00e5rdar i Kalifornien och var och en \u00e4r de stora exponenterna i den kaliforniska vinindustrin. Vinerna \u00e4r en hyllning till de stora amerikanska pionj\u00e4rerna och bos\u00e4ttare som lade till h\u00f6rnstenarna i F\u00f6renta staterna och bodde efter v\u00e5r mantra: T\u00e4nk &#8211; dr\u00f6m &#8211; g\u00f6r det &#8211; leva stort!<\/p>\n","protected":false},"excerpt":{"rendered":"<p>Central Coast USA<\/p>\n","protected":false},"featured_media":19537,"template":"","meta":{"_acf_changed":false,"rs_blank_template":"","rs_page_bg_color":"","slide_template_v7":""},"product_brand":[],"product_cat":[2788,2798],"product_tag":[],"class_list":{"0":"post-21771","1":"product","2":"type-product","3":"status-publish","4":"has-post-thumbnail","6":"product_cat-vin-sv","7":"product_cat-roedvin-sv","8":"pa_drue-cabernet-sauvignon-sv","9":"pa_land-usa-sv","10":"pa_procent-14-5-sv","11":"pa_producent-big-sv","12":"pa_region-central-coast-sv","13":"pa_serveringstemperatur-16-18-sv","14":"pa_volume-75-sv","16":"first","17":"instock","18":"taxable","19":"shipping-taxable","20":"purchasable","21":"product-type-simple"},"bundled_by":["119813","120100"],"bundle_stock_status":"instock","bundle_stock_quantity":null,"bundle_virtual":false,"bundle_layout":"","bundle_add_to_cart_form_location":"","bundle_editable_in_cart":false,"bundle_sold_individually_context":"","bundle_item_grouping":"","bundle_min_size":"","bundle_max_size":"","bundle_price":[],"bundled_items":[],"bundle_sell_ids":[],"acf":[],"_links":{"self":[{"href":"https:\/\/www.raschvin.com\/sv\/wp-json\/wp\/v2\/product\/21771","targetHints":{"allow":["GET"]}}],"collection":[{"href":"https:\/\/www.raschvin.com\/sv\/wp-json\/wp\/v2\/product"}],"about":[{"href":"https:\/\/www.raschvin.com\/sv\/wp-json\/wp\/v2\/types\/product"}],"wp:featuredmedia":[{"embeddable":true,"href":"https:\/\/www.raschvin.com\/sv\/wp-json\/wp\/v2\/media\/19537"}],"wp:attachment":[{"href":"https:\/\/www.raschvin.com\/sv\/wp-json\/wp\/v2\/media?parent=21771"}],"wp:term":[{"taxonomy":"product_brand","embeddable":true,"href":"https:\/\/www.raschvin.com\/sv\/wp-json\/wp\/v2\/product_brand?post=21771"},{"taxonomy":"product_cat","embeddable":true,"href":"https:\/\/www.raschvin.com\/sv\/wp-json\/wp\/v2\/product_cat?post=21771"},{"taxonomy":"product_tag","embeddable":true,"href":"https:\/\/www.raschvin.com\/sv\/wp-json\/wp\/v2\/product_tag?post=21771"}],"curies":[{"name":"wp","href":"https:\/\/api.w.org\/{rel}","templated":true}]}}