{"id":21770,"date":"2022-06-16T13:28:09","date_gmt":"2022-06-16T11:28:09","guid":{"rendered":"https:\/\/www.raschvin.com\/vare\/make-it-big-true-pinot-noir\/"},"modified":"2025-11-26T20:26:25","modified_gmt":"2025-11-26T19:26:25","slug":"make-it-big-true-pinot-noir","status":"publish","type":"product","link":"https:\/\/www.raschvin.com\/sv\/produkt\/make-it-big-true-pinot-noir\/","title":{"rendered":"MAKE IT BIG! &#8211; True Pinot Noir 75 cl."},"content":{"rendered":"<p>Elegant och mjuk<br \/>\nMAKE IT BIG! \u00c4r silkeslen mjuk och full. Doften erbjuder k\u00f6rsb\u00e4r och revben. I gommen \u00e4r vinet mjukt och bekv\u00e4mt med en elegant fruktkarakt\u00e4r och mjuka mogna tanniner.<br \/>\nMAKE IT BIG! \u00e4r ett l\u00e4ttillg\u00e4ngligt r\u00f6tt vin med massor av juice och makt.<br \/>\nEtt vin som passar mycket annorlunda men spel, ljust k\u00f6tt och ostar \u00e4r bra bud.<\/p>\n<p>Serveringstemperatur: 16-18 \u00b0 C<\/p>\n<p>F\u00f6rberedelse<br \/>\nPinot Noir Druen \u00e4r en av v\u00e4rldens \u00e4ldsta druvsorter och \u00e4r s\u00e4rskilt k\u00e4nt som druvan i de stora vinrarna.<br \/>\nOdling av Pinot Noir kan sp\u00e5ras tillbaka till det f\u00f6rsta \u00e5rhundradet f\u00f6re Kristi f\u00f6delse. Men det kr\u00e4ver bra handag att odla den tunna skalade druven, som \u00e4r k\u00e4nslig och br\u00e4cklig. Odlingen kr\u00e4ver stor omsorg, men lyckas sedan som i v\u00e5r g\u00f6r det stort, det resulterar i h\u00f6gkvalitativt vin och med stor elegans.<br \/>\nDruvorna f\u00f6r att g\u00f6ra MAKE IT BIG! Pinot Noir kommer fr\u00e5n utvalda ving\u00e5rdar i Kalifornien. Efter sk\u00f6rden bringas druvorna till ving\u00e5rden d\u00e4r de behandlas med stor omsorg. H\u00e4r \u00e4r cuddling f\u00f6r alla detaljer och resultatet \u00e4r en noir med massor av juice och makt och stor elegans.<\/p>\n<p>CO2 &#8211; milj\u00f6v\u00e4nlig<br \/>\nTransport av vin i bulk fr\u00e5n ursprungslandet f\u00f6r tappning i Danmark \u00e4r en v\u00e4sentligt reducerad koldioxidbelastning f\u00f6r j\u00e4mf\u00f6relse med vin som importeras p\u00e5 en flaska. I erk\u00e4nnande av det reducerade CO2-avtrycket, men ocks\u00e5 s\u00e4kerheten f\u00f6r vinets kvalitet och de ekonomiska f\u00f6rdelarna med att transportera vin i bulk utg\u00f6r Bulkvin en \u00f6kande del av v\u00e5r verksamhet. L\u00e4s mer h\u00e4r &#8211; www.co2friendlywine.eu.<\/p>\n<p>Om tillverkaren<br \/>\nEn serie stora viner gjorda p\u00e5 lika dela gl\u00e4dje, sublima b\u00e5tar och Kalifornien solsken. Vinerna \u00e4r gjorda av druvor fr\u00e5n f\u00f6rstklassiga ving\u00e5rdar i Kalifornien och var och en \u00e4r de stora exponenterna i den kaliforniska vinindustrin. Vinerna \u00e4r en hyllning till de stora amerikanska pionj\u00e4rerna och bos\u00e4ttare som lade till h\u00f6rnstenarna i F\u00f6renta staterna och bodde efter v\u00e5r mantra: T\u00e4nk &#8211; dr\u00f6m &#8211; g\u00f6r det &#8211; leva stort!<\/p>\n","protected":false},"excerpt":{"rendered":"<p>California USA<\/p>\n","protected":false},"featured_media":19527,"template":"","meta":{"_acf_changed":false,"rs_blank_template":"","rs_page_bg_color":"","slide_template_v7":""},"product_brand":[],"product_cat":[2788,2798],"product_tag":[],"class_list":{"0":"post-21770","1":"product","2":"type-product","3":"status-publish","4":"has-post-thumbnail","6":"product_cat-vin-sv","7":"product_cat-roedvin-sv","8":"pa_drue-pinot-noir-sv","9":"pa_land-usa-sv","10":"pa_procent-13-5-sv","11":"pa_producent-big-sv","12":"pa_region-californien-sv","13":"pa_serveringstemperatur-16-18-sv","14":"pa_volume-75-sv","16":"first","17":"instock","18":"taxable","19":"shipping-taxable","20":"purchasable","21":"product-type-simple"},"bundled_by":["119774","119776","119848"],"bundle_stock_status":"instock","bundle_stock_quantity":null,"bundle_virtual":false,"bundle_layout":"","bundle_add_to_cart_form_location":"","bundle_editable_in_cart":false,"bundle_sold_individually_context":"","bundle_item_grouping":"","bundle_min_size":"","bundle_max_size":"","bundle_price":[],"bundled_items":[],"bundle_sell_ids":[],"acf":[],"_links":{"self":[{"href":"https:\/\/www.raschvin.com\/sv\/wp-json\/wp\/v2\/product\/21770","targetHints":{"allow":["GET"]}}],"collection":[{"href":"https:\/\/www.raschvin.com\/sv\/wp-json\/wp\/v2\/product"}],"about":[{"href":"https:\/\/www.raschvin.com\/sv\/wp-json\/wp\/v2\/types\/product"}],"wp:featuredmedia":[{"embeddable":true,"href":"https:\/\/www.raschvin.com\/sv\/wp-json\/wp\/v2\/media\/19527"}],"wp:attachment":[{"href":"https:\/\/www.raschvin.com\/sv\/wp-json\/wp\/v2\/media?parent=21770"}],"wp:term":[{"taxonomy":"product_brand","embeddable":true,"href":"https:\/\/www.raschvin.com\/sv\/wp-json\/wp\/v2\/product_brand?post=21770"},{"taxonomy":"product_cat","embeddable":true,"href":"https:\/\/www.raschvin.com\/sv\/wp-json\/wp\/v2\/product_cat?post=21770"},{"taxonomy":"product_tag","embeddable":true,"href":"https:\/\/www.raschvin.com\/sv\/wp-json\/wp\/v2\/product_tag?post=21770"}],"curies":[{"name":"wp","href":"https:\/\/api.w.org\/{rel}","templated":true}]}}