{"id":21769,"date":"2022-06-16T13:28:09","date_gmt":"2022-06-16T11:28:09","guid":{"rendered":"https:\/\/www.raschvin.com\/vare\/think-big-great-zinfandel\/"},"modified":"2022-12-11T14:24:06","modified_gmt":"2022-12-11T13:24:06","slug":"think-big-great-zinfandel","status":"publish","type":"product","link":"https:\/\/www.raschvin.com\/sv\/produkt\/think-big-great-zinfandel\/","title":{"rendered":"THINK BIG! &#8211; Great Zinfandel 75 cl."},"content":{"rendered":"<p>INTENS, FULL OCH HARMONISK<br \/>\nThink Big \u00e4r en stor exponent f\u00f6r vad kaliforniska Zinfandel st\u00e5r f\u00f6r. Intensiv och djupr\u00f6d i glaset med eleganta violetta reflektioner. Vinet har lagrats i amerikansk och fransk ek, vilket ger en inbjudande bukett av m\u00f6rka b\u00e4r, en intensiv s\u00f6tma och en fin kryddig touch. Think Big \u00e4r ett fylligt och harmoniskt vin med en h\u00e4rlig ih\u00e5llande eftersmak pr\u00e4glad av mjuka tanniner.<\/p>\n<p>Servera Think Big till ljust k\u00f6tt eller anka eller med milda ostar.<\/p>\n<p>Serveringstemperatur: 16-18\u00b0C<\/p>\n<p>Tillverkning<br \/>\nDet kr\u00e4vs stor omsorg och skicklighet f\u00f6r att f\u00e5 fram det b\u00e4sta i Zinfandel-druvan. Druvorna f\u00f6r Think Big \u00e4r exklusivt utvalda till detta vin (Vat.66). De sk\u00f6rdas vid optimal mognad och vinifieras traditionellt.<\/p>\n<p>CO2 &#8211; Milj\u00f6v\u00e4nlig<br \/>\nTransport av vin i bulk fr\u00e5n ursprungslandet till buteljering i Danmark utg\u00f6r en avsev\u00e4rt minskad CO2-belastning j\u00e4mf\u00f6rt med vin som importeras p\u00e5 flaska. Som ett erk\u00e4nnande av det minskade CO2-avtrycket, men ocks\u00e5 f\u00f6rs\u00e4kran om vinets kvalitet samt de ekonomiska f\u00f6rdelarna med att transportera vin i bulk, utg\u00f6r bulkvin en allt st\u00f6rre del av v\u00e5r verksamhet. L\u00e4s mer h\u00e4r &#8211; www.co2friendlywine.eu.<\/p>\n<p>Om tillverkaren<br \/>\nEn serie STORA viner gjorda med lika delar gl\u00e4dje, sublimt hantverk och kaliforniskt solsken. Vinerna \u00e4r gjorda av druvor fr\u00e5n f\u00f6rstklassiga ving\u00e5rdar i Kalifornien och var och en \u00e4r en stor exponent f\u00f6r den kaliforniska vinindustrin. Vinerna \u00e4r gjorda som en hyllning till de stora amerikanska pionj\u00e4rerna och nybyggarna som lade grundstenarna f\u00f6r USA och levde efter v\u00e5rt mantra: THINK &#8211; DREAM &#8211; MAKE IT &#8211; LIVE BIG!<\/p>\n","protected":false},"excerpt":{"rendered":"<p>Lodi California &#8211; USA<\/p>\n","protected":false},"featured_media":19514,"template":"","meta":{"_acf_changed":false,"rs_blank_template":"","rs_page_bg_color":"","slide_template_v7":""},"product_brand":[],"product_cat":[2788,2798],"product_tag":[],"class_list":{"0":"post-21769","1":"product","2":"type-product","3":"status-publish","4":"has-post-thumbnail","6":"product_cat-vin-sv","7":"product_cat-roedvin-sv","8":"pa_drue-zinfandel-sv","9":"pa_land-usa-sv","10":"pa_procent-14-5-sv","11":"pa_producent-big-sv","12":"pa_region-lodi-sv","13":"pa_serveringstemperatur-16-18-sv","14":"pa_volume-75-sv","16":"first","17":"instock","18":"taxable","19":"shipping-taxable","20":"purchasable","21":"product-type-simple"},"bundled_by":["119768"],"bundle_stock_status":"instock","bundle_stock_quantity":null,"bundle_virtual":false,"bundle_layout":"","bundle_add_to_cart_form_location":"","bundle_editable_in_cart":false,"bundle_sold_individually_context":"","bundle_item_grouping":"","bundle_min_size":"","bundle_max_size":"","bundle_price":[],"bundled_items":[],"bundle_sell_ids":[],"acf":[],"_links":{"self":[{"href":"https:\/\/www.raschvin.com\/sv\/wp-json\/wp\/v2\/product\/21769","targetHints":{"allow":["GET"]}}],"collection":[{"href":"https:\/\/www.raschvin.com\/sv\/wp-json\/wp\/v2\/product"}],"about":[{"href":"https:\/\/www.raschvin.com\/sv\/wp-json\/wp\/v2\/types\/product"}],"wp:featuredmedia":[{"embeddable":true,"href":"https:\/\/www.raschvin.com\/sv\/wp-json\/wp\/v2\/media\/19514"}],"wp:attachment":[{"href":"https:\/\/www.raschvin.com\/sv\/wp-json\/wp\/v2\/media?parent=21769"}],"wp:term":[{"taxonomy":"product_brand","embeddable":true,"href":"https:\/\/www.raschvin.com\/sv\/wp-json\/wp\/v2\/product_brand?post=21769"},{"taxonomy":"product_cat","embeddable":true,"href":"https:\/\/www.raschvin.com\/sv\/wp-json\/wp\/v2\/product_cat?post=21769"},{"taxonomy":"product_tag","embeddable":true,"href":"https:\/\/www.raschvin.com\/sv\/wp-json\/wp\/v2\/product_tag?post=21769"}],"curies":[{"name":"wp","href":"https:\/\/api.w.org\/{rel}","templated":true}]}}