{"id":21768,"date":"2022-06-16T13:28:09","date_gmt":"2022-06-16T11:28:09","guid":{"rendered":"https:\/\/www.raschvin.com\/vare\/grande-alberone-rosso\/"},"modified":"2022-11-18T12:43:23","modified_gmt":"2022-11-18T11:43:23","slug":"grande-alberone-rosso","status":"publish","type":"product","link":"https:\/\/www.raschvin.com\/sv\/produkt\/grande-alberone-rosso\/","title":{"rendered":"Grande Alberone Rosso 75 cl."},"content":{"rendered":"<p>Rik och f\u00f6rf\u00f6risk<br \/>\nDetta r\u00f6da vin verkar trevligt djupt i glaset med tunga gardiner p\u00e5 sidorna. Doften erbjuder mogen frukt och anteckningar av bj\u00f6rnb\u00e4r och plommon. En kryddig touch \u00e4r mening fr\u00e5n flottans lagring. Vinet visas rik p\u00e5 mjuka balanserade tanniner.<\/p>\n<p>Servera optimalt tillsammans med r\u00f6tt k\u00f6tt eller ett spel, men \u00e4r ocks\u00e5 en underbar avbokning f\u00f6r ett brett urval av mogna ostar.<\/p>\n<p>Serveringstemperatur: 18-20 \u00b0 C<\/p>\n<p>F\u00f6rberedelse<br \/>\nVinet best\u00e5r av druvor fr\u00e5n flera provinser i Italien f\u00f6r att nominera egenskaperna hos de enskilda druvorna och d\u00e4rigenom uppn\u00e5 ett komplext r\u00f6tt vin. Titta p\u00e5 detta vin n\u00e4r du tittar p\u00e5 en symfoniorkester: De enskilda instrumenten \/ druvorna kan vara bra ensamma, men tillsammans f\u00e5r du harmoni. Glasets harmoni skapas av de 5 druvorna &#8211; Primitivo, Cabernet, Merlot, Teroldego, Nero d&#8217;Avola. Druvorna \u00e4r via separat och efter slutlig j\u00e4sning p\u00e5 temperaturstyrda st\u00e5ltankar lagras ett DELF-vin i barriques under en l\u00e4ngre period.<\/p>\n<p>Om tillverkaren<br \/>\nProvinco Italia \u00e4r en del av italienska vinm\u00e4rken spa. Med ett solidt n\u00e4tverk av vinleverant\u00f6rer i mer \u00e4n 100 \u00e5r har IWB producerat vin p\u00e5 sina egna ving\u00e5rdar. Produktionsomr\u00e5dena str\u00e4cker sig i stor utstr\u00e4ckning. IWB har viner fr\u00e5n Piemonte till Puglien men de mellanliggande omr\u00e5dena Veneto och Toscana samt de stora \u00f6arna Sicilien och Sardinien \u00e4r ocks\u00e5 att hitta i sitt sortiment. IWB har b\u00e5de Barolo, Prosecco och de stora toskanska r\u00f6da vinerna, men ocks\u00e5 viner fr\u00e5n de nya sp\u00e4nnande omr\u00e5den som Primitivo di Manduria.<br \/>\nMed mottot &#8221;Vi menar kvalitet&#8221;, manifesterade det innovativa f\u00f6retaget sig som en av de ledande leverant\u00f6rerna av italienska kvalitetsviner.<br \/>\nProvinco Italia har ett tydligt uppdrag, &#8221;Vi utvecklar innovativa produkter av h\u00f6gsta kvalitet fr\u00e5n alla Italiens vinregioner. Kvalitet och service \u00e4r v\u00e5rt s\u00f6kord &#8221;.<\/p>\n","protected":false},"excerpt":{"rendered":"<p>Vino di Italia &#8211; Oak Aged<\/p>\n","protected":false},"featured_media":19504,"template":"","meta":{"_acf_changed":false,"rs_blank_template":"","rs_page_bg_color":"","slide_template_v7":""},"product_brand":[],"product_cat":[2788,2798],"product_tag":[],"class_list":{"0":"post-21768","1":"product","2":"type-product","3":"status-publish","4":"has-post-thumbnail","6":"product_cat-vin-sv","7":"product_cat-roedvin-sv","8":"pa_drue-cabernet-sv","9":"pa_drue-merlot-sv","10":"pa_drue-nero-d-avola-sv","11":"pa_drue-primitivo-sv-2","12":"pa_drue-teroldego-sv","13":"pa_land-italien-sv","14":"pa_procent-14-5-sv","15":"pa_producent-provinco-sv","16":"pa_serveringstemperatur-18-20-sv","17":"pa_volume-75-sv","19":"first","20":"instock","21":"taxable","22":"shipping-taxable","23":"purchasable","24":"product-type-simple"},"bundled_by":[],"bundle_stock_status":"instock","bundle_stock_quantity":null,"bundle_virtual":false,"bundle_layout":"","bundle_add_to_cart_form_location":"","bundle_editable_in_cart":false,"bundle_sold_individually_context":"","bundle_item_grouping":"","bundle_min_size":"","bundle_max_size":"","bundle_price":[],"bundled_items":[],"bundle_sell_ids":[],"acf":[],"_links":{"self":[{"href":"https:\/\/www.raschvin.com\/sv\/wp-json\/wp\/v2\/product\/21768","targetHints":{"allow":["GET"]}}],"collection":[{"href":"https:\/\/www.raschvin.com\/sv\/wp-json\/wp\/v2\/product"}],"about":[{"href":"https:\/\/www.raschvin.com\/sv\/wp-json\/wp\/v2\/types\/product"}],"wp:featuredmedia":[{"embeddable":true,"href":"https:\/\/www.raschvin.com\/sv\/wp-json\/wp\/v2\/media\/19504"}],"wp:attachment":[{"href":"https:\/\/www.raschvin.com\/sv\/wp-json\/wp\/v2\/media?parent=21768"}],"wp:term":[{"taxonomy":"product_brand","embeddable":true,"href":"https:\/\/www.raschvin.com\/sv\/wp-json\/wp\/v2\/product_brand?post=21768"},{"taxonomy":"product_cat","embeddable":true,"href":"https:\/\/www.raschvin.com\/sv\/wp-json\/wp\/v2\/product_cat?post=21768"},{"taxonomy":"product_tag","embeddable":true,"href":"https:\/\/www.raschvin.com\/sv\/wp-json\/wp\/v2\/product_tag?post=21768"}],"curies":[{"name":"wp","href":"https:\/\/api.w.org\/{rel}","templated":true}]}}