{"id":21766,"date":"2022-06-16T13:27:30","date_gmt":"2022-06-16T11:27:30","guid":{"rendered":"https:\/\/www.raschvin.com\/vare\/game-of-africa-chenin-blanc-chafrdonnay-bib-300-cl\/"},"modified":"2022-11-17T18:34:14","modified_gmt":"2022-11-17T17:34:14","slug":"game-of-africa-chenin-blanc-chafrdonnay-bib-300-cl","status":"publish","type":"product","link":"https:\/\/www.raschvin.com\/sv\/produkt\/game-of-africa-chenin-blanc-chafrdonnay-bib-300-cl\/","title":{"rendered":"Game of Africa Chenin Blanc\/Chardonnay BiB 300 cl."},"content":{"rendered":"<p>Rik och fr\u00e4sch<br \/>\nGame of Africa, Chenin Blanc \/ Chardonnay visas trevligt i glaset med fina gula nyanser. Doften k\u00e4nnetecknas av f\u00e4rska druvor. Smaken \u00e4r l\u00e4tt rik med en bra fr\u00e4sch, frug. Eftermynningen \u00e4r ren med ett ljust friskt fruktn\u00e4t.<\/p>\n<p>Detta vin \u00e4r en bra f\u00f6ljeslagare f\u00f6r &#8221;allt bra fr\u00e5n havet&#8221;, kyckling och l\u00e4tta k\u00f6ttr\u00e4tter.<\/p>\n<p>Serveringstemperatur: 8-10 \u00b0 C<\/p>\n<p>F\u00f6rberedelse<br \/>\nChenin Blanc ger massor av friskhet och frukt i vinet. Chardonnay druvan \u00e4r mest k\u00e4nd fr\u00e5n Bourgogne d\u00e4r det producerar stora kraftfulla vita viner. Kombinationen av de tv\u00e5 druvorna resulterar i ett vin med elegant balans.<\/p>\n<p>CO2 &#8211; milj\u00f6v\u00e4nlig<br \/>\nTransport av vin i bulk fr\u00e5n ursprungslandet f\u00f6r tappning i Danmark \u00e4r en v\u00e4sentligt reducerad koldioxidbelastning f\u00f6r j\u00e4mf\u00f6relse med vin som importeras p\u00e5 en flaska. I erk\u00e4nnande av det reducerade CO2-avtrycket, men ocks\u00e5 s\u00e4kerheten f\u00f6r vinets kvalitet och de ekonomiska f\u00f6rdelarna med att transportera vin i bulk utg\u00f6r Bulkvin en \u00f6kande del av v\u00e5r verksamhet. L\u00e4s mer h\u00e4r &#8211; www.co2friendlywine.eu.<\/p>\n<p>Om tillverkaren<br \/>\nGame of Africa &#8211; Wild Selection<br \/>\nGame of Africa \u00e4r en serie viner fr\u00e5n Sydafrika. Serien best\u00e5r av b\u00e5de ett r\u00f6tt vin, vitt vin och ros\u00e9. Alla gjorda p\u00e5 n\u00e5gra av de druvsorter som vi vanligtvis vet fr\u00e5n Sydafrika och alla gjorda p\u00e5 uts\u00f6kta druvor fr\u00e5n kusten i Sydafrika.<br \/>\nEn vild upplevelse? Prova v\u00e5rt Wild Selection Vine!<\/p>\n","protected":false},"excerpt":{"rendered":"<p>Wester Cape White Wine &#8211; South Africa<\/p>\n","protected":false},"featured_media":19496,"template":"","meta":{"_acf_changed":false,"rs_blank_template":"","rs_page_bg_color":"","slide_template_v7":""},"product_brand":[],"product_cat":[4479,2788,2792],"product_tag":[],"class_list":{"0":"post-21766","1":"product","2":"type-product","3":"status-publish","4":"has-post-thumbnail","6":"product_cat-bag-in-box-sv","7":"product_cat-vin-sv","8":"product_cat-vitt-vin","9":"pa_drue-chardonnay-chenin-blanc-sv-2","10":"pa_land-sydafrika-sv","11":"pa_procent-13-sv","12":"pa_producent-game-of-africa-sv","13":"pa_region-western-cape-sv","14":"pa_serveringstemperatur-8-10-sv","15":"pa_volume-300-sv","17":"first","18":"instock","19":"taxable","20":"shipping-taxable","21":"purchasable","22":"product-type-simple"},"bundled_by":[],"bundle_stock_status":"instock","bundle_stock_quantity":null,"bundle_virtual":false,"bundle_layout":"","bundle_add_to_cart_form_location":"","bundle_editable_in_cart":false,"bundle_sold_individually_context":"","bundle_item_grouping":"","bundle_min_size":"","bundle_max_size":"","bundle_price":[],"bundled_items":[],"bundle_sell_ids":[],"acf":[],"_links":{"self":[{"href":"https:\/\/www.raschvin.com\/sv\/wp-json\/wp\/v2\/product\/21766","targetHints":{"allow":["GET"]}}],"collection":[{"href":"https:\/\/www.raschvin.com\/sv\/wp-json\/wp\/v2\/product"}],"about":[{"href":"https:\/\/www.raschvin.com\/sv\/wp-json\/wp\/v2\/types\/product"}],"wp:featuredmedia":[{"embeddable":true,"href":"https:\/\/www.raschvin.com\/sv\/wp-json\/wp\/v2\/media\/19496"}],"wp:attachment":[{"href":"https:\/\/www.raschvin.com\/sv\/wp-json\/wp\/v2\/media?parent=21766"}],"wp:term":[{"taxonomy":"product_brand","embeddable":true,"href":"https:\/\/www.raschvin.com\/sv\/wp-json\/wp\/v2\/product_brand?post=21766"},{"taxonomy":"product_cat","embeddable":true,"href":"https:\/\/www.raschvin.com\/sv\/wp-json\/wp\/v2\/product_cat?post=21766"},{"taxonomy":"product_tag","embeddable":true,"href":"https:\/\/www.raschvin.com\/sv\/wp-json\/wp\/v2\/product_tag?post=21766"}],"curies":[{"name":"wp","href":"https:\/\/api.w.org\/{rel}","templated":true}]}}