{"id":21762,"date":"2022-06-16T13:27:30","date_gmt":"2022-06-16T11:27:30","guid":{"rendered":"https:\/\/www.raschvin.com\/vare\/hillside-valley-black-label-zinfandel\/"},"modified":"2022-11-18T18:52:47","modified_gmt":"2022-11-18T17:52:47","slug":"hillside-valley-black-label-zinfandel","status":"publish","type":"product","link":"https:\/\/www.raschvin.com\/sv\/produkt\/hillside-valley-black-label-zinfandel\/","title":{"rendered":"Hillside Valley Black Label Zinfandel 75 cl."},"content":{"rendered":"<p>Fruktbar, kryddig och mjuk<br \/>\nHillside Valley Zinfandel Black Label har en l\u00e4cker bukett med m\u00f6rka b\u00e4r och en ledtr\u00e5dspice. Smaken \u00e4r n\u00e4ra med riklig mogen frukt i god harmoni med kryddor och med en h\u00e4rlig persistent eftersmak.<\/p>\n<p>En typisk zinfandel i elegant stil. Njut av Hillside Valley Black Etikett f\u00f6r kraftfulla r\u00e4tter med massor av krydda.<\/p>\n<p>Serveringstemperatur: 16-18 \u00b0 C<\/p>\n<p>&#8211; Super tidningen 10-05-2018.<br \/>\n&#8221;&#8221; Plommon &#8221;&#8230; var v\u00e5r f\u00f6rsta impuls n\u00e4r vi pratade om smaken. Det \u00e4r fl\u00e4tigt och gott, och allt runt flaskan och etiketten \u00e4r uts\u00f6kt och exklusivt. En mild, mjuk och generellt bara supergodvin. &#8221;<br \/>\nF\u00f6rberedelse<br \/>\nDet kr\u00e4ver stor omsorg och framf\u00f6r allt skicklighet att odla Zinfandel druvor, men det har lyckats fullt ut v\u00e5ra vinmakare till Hillside Valley Black Label, vilket \u00e4r en trevlig exponent av Kalifornien Zinfandel.<\/p>\n<p>CO2 &#8211; milj\u00f6v\u00e4nlig<br \/>\nTransport av vin i bulk fr\u00e5n ursprungslandet f\u00f6r tappning i Danmark \u00e4r en v\u00e4sentligt reducerad koldioxidbelastning f\u00f6r j\u00e4mf\u00f6relse med vin som importeras p\u00e5 en flaska. I erk\u00e4nnande av det reducerade CO2-avtrycket, men ocks\u00e5 s\u00e4kerheten f\u00f6r vinets kvalitet och de ekonomiska f\u00f6rdelarna med att transportera vin i bulk utg\u00f6r Bulkvin en \u00f6kande del av v\u00e5r verksamhet. L\u00e4s mer h\u00e4r &#8211; www.co2friendlywine.eu.<\/p>\n<p>Om tillverkaren<br \/>\nDruvorna f\u00f6r Hillside Valley odlas huvudsakligen i Kaliforniens st\u00f6rsta vinomr\u00e5de Central Valley, som ligger ca. 100 km \u00f6ster om San Francisco. F\u00f6rutom att vara ett stort vinomr\u00e5de \u00e4r Central Valley ocks\u00e5 hem f\u00f6r n\u00e5gra av F\u00f6renta staternas st\u00f6rsta jordbruksomr\u00e5den som matar stora delar av landet. Central Valley domineras av breda platta sl\u00e4tter omgiven av kullar och formar d\u00e4rmed perfekt mark f\u00f6r vinodling med optimal dr\u00e4nering och uttalade m\u00f6jligheter till kvalitetskontroll.<\/p>\n<p>Klimatet i centrala dalen \u00e4r varmt och torrt p\u00e5 sommaren och coolt och fuktigt p\u00e5 vintern, d\u00e4r dimma \u00e4r en fast del av s\u00e4songen. Detta bidrar till att s\u00e4kra druvor som optimalt under \u00e5ret och har k\u00e4mpat f\u00f6r mat i de tidiga tillv\u00e4xtm\u00e5naderna. Som ett resultat druvor med mycket intensitet och typicitet, druvor som bildar orsaken till h\u00f6gkvalitativa viner.<\/p>\n","protected":false},"excerpt":{"rendered":"<p>California Vineyards &#8211; USA<\/p>\n","protected":false},"featured_media":19466,"template":"","meta":{"_acf_changed":false,"rs_blank_template":"","rs_page_bg_color":"","slide_template_v7":""},"product_brand":[],"product_cat":[2788,2798],"product_tag":[],"class_list":{"0":"post-21762","1":"product","2":"type-product","3":"status-publish","4":"has-post-thumbnail","6":"product_cat-vin-sv","7":"product_cat-roedvin-sv","8":"pa_drue-zinfandel-sv","9":"pa_land-usa-sv","10":"pa_procent-14-sv","11":"pa_producent-hillside-valley-sv","12":"pa_region-central-valley-sv","13":"pa_serveringstemperatur-16-18-sv","14":"pa_volume-75-sv","16":"first","17":"instock","18":"taxable","19":"shipping-taxable","20":"purchasable","21":"product-type-simple"},"bundled_by":[],"bundle_stock_status":"instock","bundle_stock_quantity":null,"bundle_virtual":false,"bundle_layout":"","bundle_add_to_cart_form_location":"","bundle_editable_in_cart":false,"bundle_sold_individually_context":"","bundle_item_grouping":"","bundle_min_size":"","bundle_max_size":"","bundle_price":[],"bundled_items":[],"bundle_sell_ids":[],"acf":[],"_links":{"self":[{"href":"https:\/\/www.raschvin.com\/sv\/wp-json\/wp\/v2\/product\/21762","targetHints":{"allow":["GET"]}}],"collection":[{"href":"https:\/\/www.raschvin.com\/sv\/wp-json\/wp\/v2\/product"}],"about":[{"href":"https:\/\/www.raschvin.com\/sv\/wp-json\/wp\/v2\/types\/product"}],"wp:featuredmedia":[{"embeddable":true,"href":"https:\/\/www.raschvin.com\/sv\/wp-json\/wp\/v2\/media\/19466"}],"wp:attachment":[{"href":"https:\/\/www.raschvin.com\/sv\/wp-json\/wp\/v2\/media?parent=21762"}],"wp:term":[{"taxonomy":"product_brand","embeddable":true,"href":"https:\/\/www.raschvin.com\/sv\/wp-json\/wp\/v2\/product_brand?post=21762"},{"taxonomy":"product_cat","embeddable":true,"href":"https:\/\/www.raschvin.com\/sv\/wp-json\/wp\/v2\/product_cat?post=21762"},{"taxonomy":"product_tag","embeddable":true,"href":"https:\/\/www.raschvin.com\/sv\/wp-json\/wp\/v2\/product_tag?post=21762"}],"curies":[{"name":"wp","href":"https:\/\/api.w.org\/{rel}","templated":true}]}}